{"id":470,"date":"2024-04-04T05:04:04","date_gmt":"2024-04-04T02:04:04","guid":{"rendered":"https:\/\/sisu.ut.ee\/keeleylesanded\/nimed\/"},"modified":"2024-04-04T05:07:00","modified_gmt":"2024-04-04T02:07:00","slug":"nimed","status":"publish","type":"page","link":"https:\/\/sisu.ut.ee\/keeleylesanded\/nimed\/","title":{"rendered":"Nimed"},"content":{"rendered":"<p style=\"text-align: justify\">\n\tNimed on olnud paaril korral ol\u00fcmpiaadi \u00fcldteemaks, aga teistelgi olumpiaadidel on olnud nimedega seotud \u00fclesanded. Nimed muutuvad pidevalt ja kannavad endas kaasaja m\u00e4rke, aga need peegeldavad ka ajalugu, ka muutuvaid v\u00e4\u00e4rtushinnanguid saab nimedest saab v\u00e4lja lugeda.\u00a0<\/p>\n","protected":false},"excerpt":{"rendered":"<p>Nimed on olnud paaril korral ol\u00fcmpiaadi \u00fcldteemaks, aga teistelgi olumpiaadidel on olnud nimedega seotud \u00fclesanded. Nimed muutuvad pidevalt ja kannavad endas kaasaja m\u00e4rke, aga need peegeldavad ka ajalugu, ka muutuvaid v\u00e4\u00e4rtushinnanguid saab nimedest saab v\u00e4lja lugeda.\u00a0<\/p>\n","protected":false},"author":185,"featured_media":0,"parent":0,"menu_order":0,"comment_status":"closed","ping_status":"closed","template":"","meta":{"_acf_changed":false,"inline_featured_image":false,"footnotes":""},"class_list":["post-470","page","type-page","status-publish","hentry"],"acf":[],"_links":{"self":[{"href":"https:\/\/sisu.ut.ee\/keeleylesanded\/wp-json\/wp\/v2\/pages\/470","targetHints":{"allow":["GET"]}}],"collection":[{"href":"https:\/\/sisu.ut.ee\/keeleylesanded\/wp-json\/wp\/v2\/pages"}],"about":[{"href":"https:\/\/sisu.ut.ee\/keeleylesanded\/wp-json\/wp\/v2\/types\/page"}],"author":[{"embeddable":true,"href":"https:\/\/sisu.ut.ee\/keeleylesanded\/wp-json\/wp\/v2\/users\/185"}],"replies":[{"embeddable":true,"href":"https:\/\/sisu.ut.ee\/keeleylesanded\/wp-json\/wp\/v2\/comments?post=470"}],"version-history":[{"count":1,"href":"https:\/\/sisu.ut.ee\/keeleylesanded\/wp-json\/wp\/v2\/pages\/470\/revisions"}],"predecessor-version":[{"id":1262,"href":"https:\/\/sisu.ut.ee\/keeleylesanded\/wp-json\/wp\/v2\/pages\/470\/revisions\/1262"}],"wp:attachment":[{"href":"https:\/\/sisu.ut.ee\/keeleylesanded\/wp-json\/wp\/v2\/media?parent=470"}],"curies":[{"name":"wp","href":"https:\/\/api.w.org\/{rel}","templated":true}]}}