{"id":47,"date":"2024-04-04T05:03:25","date_gmt":"2024-04-04T02:03:25","guid":{"rendered":"https:\/\/sisu.ut.ee\/keeleylesanded\/norming-ja-roopvormid\/"},"modified":"2024-11-29T11:47:55","modified_gmt":"2024-11-29T09:47:55","slug":"norming-ja-roopvormid","status":"publish","type":"page","link":"https:\/\/sisu.ut.ee\/keeleylesanded\/norming-ja-roopvormid\/","title":{"rendered":"Norming ja r\u00f6\u00f6pvormid"},"content":{"rendered":"<p style=\"margin-bottom: .0001pt; text-align: justify;\"><span style=\"line-height: 200%;\"><b><span lang=\"FI\"><span style=\"line-height: 200%;\">Jooni sulgudes pakutud vormidest alla k\u00f5ik need, mis sobivad lausesse ja on koosk\u00f5las kirjakeele norminguga. <\/span><\/span><\/b><b><span lang=\"EN-US\"><span style=\"line-height: 200%;\">P\u00f6\u00f6ra t\u00e4helepanu r\u00f6\u00f6pvormidele. <\/span><\/span><\/b><\/span><\/p>\n<p style=\"text-align: justify;\"><span style=\"line-height: 200%;\"><span lang=\"FI\"><span style=\"line-height: 200%;\">(Muusikavideotest\/Muusikavideodest\/Muusikavideoist) \u00f5piti laulus\u00f5nu ja korralikku h\u00e4\u00e4ldust. <\/span><\/span><span lang=\"EN-US\"><span style=\"line-height: 200%;\">Tegevustoetust (taoteldakse\/taodeltakse\/taotletakse\/taodeldakse) tavaliselt aasta alguses. Eesti (kunstnikutele\/kunstnikele\/kunstnikkudele\/kunstnikuile) makstakse juba paar aastat loojapalka. Reisiseltskond haigestus suure palavikuga (t\u00f5ppe\/t\u00f5vesse\/t\u00f5vve\/t\u00f5besse). Madalast k\u00e4ibest hoolimata (m\u00f6\u00f6nati\/m\u00f6\u00f6neti\/m\u00f6\u00f6ndi) k\u00fclastuskeskuse j\u00e4tkamise vajadust. Ta oli rahvamajas (taielnud\/taidelnud\/taidlenud) \u00fcle k\u00fcmne aasta. Kuumale (asfaldile\/asfaltile) puistati kollakat liiva. Kasside (ohtlikuim\/ohtlikkuim\/ohtlikem\/ohtlikeim) vaenlane on linnarebane. Muuseumi\u00f6\u00f6l oli linna k\u00f5igis (muuseumides\/muuseumites\/muuseumiteis\/muuseumeis\/muuseumes) palju rahvast. Konkursilt (naaseti\/naasti\/naasdi) v\u00f5idukarikaga. Suurte (k\u00e4mmaldega\/k\u00e4mblatega\/k\u00e4mbladega\/k\u00e4mmaltega) peremees pakkus heinat\u00f6\u00f6listele marju. Dokumentide esitamiseni ei olnud j\u00e4\u00e4nud (kuut\/kuute) p\u00e4evagi. <\/span><\/span><\/span><\/p>\n<p style=\"text-align: justify;\">\n<\/p><p style=\"text-align: justify;\">\n<\/p><p style=\"text-align: justify;\"><span style=\"line-height: 200%;\"><span lang=\"EN-US\"><span style=\"line-height: 200%;\">2018<\/span><\/span><\/span><\/p>\n<p style=\"text-align: justify;\"><span style=\"line-height: 200%;\"><span lang=\"EN-US\"><span style=\"line-height: 200%;\">keskmine<\/span><\/span><\/span><\/p>\n<p style=\"text-align: justify;\"><span style=\"line-height: 200%;\"><span lang=\"EN-US\"><span style=\"line-height: 200%;\">piirkonnavoor<\/span><\/span><\/span><\/p>\n<p><a href=\"https:\/\/sisu.ut.ee\/keeleylesanded\/norming-ja-roopvormid-vastus\/\">Vastus<\/a><\/p>\n","protected":false},"excerpt":{"rendered":"<p>Jooni sulgudes pakutud vormidest alla k\u00f5ik need, mis sobivad lausesse ja on koosk\u00f5las kirjakeele norminguga. P\u00f6\u00f6ra t\u00e4helepanu r\u00f6\u00f6pvormidele. (Muusikavideotest\/Muusikavideodest\/Muusikavideoist) \u00f5piti laulus\u00f5nu ja korralikku h\u00e4\u00e4ldust. Tegevustoetust (taoteldakse\/taodeltakse\/taotletakse\/taodeldakse) tavaliselt aasta alguses. Eesti (kunstnikutele\/kunstnikele\/kunstnikkudele\/kunstnikuile) makstakse juba paar aastat loojapalka. Reisiseltskond haigestus suure palavikuga &#8230;<\/p>\n","protected":false},"author":185,"featured_media":0,"parent":0,"menu_order":0,"comment_status":"closed","ping_status":"closed","template":"","meta":{"_acf_changed":false,"inline_featured_image":false,"footnotes":""},"class_list":["post-47","page","type-page","status-publish","hentry"],"acf":[],"_links":{"self":[{"href":"https:\/\/sisu.ut.ee\/keeleylesanded\/wp-json\/wp\/v2\/pages\/47","targetHints":{"allow":["GET"]}}],"collection":[{"href":"https:\/\/sisu.ut.ee\/keeleylesanded\/wp-json\/wp\/v2\/pages"}],"about":[{"href":"https:\/\/sisu.ut.ee\/keeleylesanded\/wp-json\/wp\/v2\/types\/page"}],"author":[{"embeddable":true,"href":"https:\/\/sisu.ut.ee\/keeleylesanded\/wp-json\/wp\/v2\/users\/185"}],"replies":[{"embeddable":true,"href":"https:\/\/sisu.ut.ee\/keeleylesanded\/wp-json\/wp\/v2\/comments?post=47"}],"version-history":[{"count":2,"href":"https:\/\/sisu.ut.ee\/keeleylesanded\/wp-json\/wp\/v2\/pages\/47\/revisions"}],"predecessor-version":[{"id":1912,"href":"https:\/\/sisu.ut.ee\/keeleylesanded\/wp-json\/wp\/v2\/pages\/47\/revisions\/1912"}],"wp:attachment":[{"href":"https:\/\/sisu.ut.ee\/keeleylesanded\/wp-json\/wp\/v2\/media?parent=47"}],"curies":[{"name":"wp","href":"https:\/\/api.w.org\/{rel}","templated":true}]}}