{"id":469,"date":"2024-04-04T05:04:04","date_gmt":"2024-04-04T02:04:04","guid":{"rendered":"https:\/\/sisu.ut.ee\/keeleylesanded\/nimed-vanas-kirjaviisis\/"},"modified":"2024-11-29T11:27:54","modified_gmt":"2024-11-29T09:27:54","slug":"nimed-vanas-kirjaviisis","status":"publish","type":"page","link":"https:\/\/sisu.ut.ee\/keeleylesanded\/nimed-vanas-kirjaviisis\/","title":{"rendered":"Nimed vanas kirjaviisis (II)"},"content":{"rendered":"<div><strong>17. sajandi l\u00f5pust kuni 19. sajandi keskpaigani kirjutati eesti keelt vanas kirjaviisis,\u00a0mis oli kujunenud \u00fclemsaksa ortograafia alusel. Selle kirjaviisi reeglid saad tuletada\u00a0j\u00e4rgnevas tabelis esitatud n\u00e4ites\u00f5nadest. T\u00e4ida tabelis t\u00fchjad lahtrid!<\/strong><\/div>\n<div><\/div>\n<div>\n<table class=\"table table-hover\" style=\"width: 500px;\" border=\"1\" cellspacing=\"1\" cellpadding=\"1\">\n<thead>\n<tr>\n<th scope=\"col\">Vanas kirjaviisis<\/th>\n<th scope=\"col\">T\u00e4nap\u00e4eval<\/th>\n<\/tr>\n<\/thead>\n<tbody>\n<tr>\n<td>Paula<\/td>\n<td>Paula<\/td>\n<\/tr>\n<tr>\n<td>Janus<\/td>\n<td>Jaanus<\/td>\n<\/tr>\n<tr>\n<td>L\u00fcgganusse kool<\/td>\n<td>L\u00fcganuse kool<\/td>\n<\/tr>\n<tr>\n<td>W\u00f5nno k\u00fclla<\/td>\n<td>V\u00f5nnu k\u00fcla<\/td>\n<\/tr>\n<tr>\n<td>Jaan<\/td>\n<td><\/td>\n<\/tr>\n<tr>\n<td><\/td>\n<td>Piiri talu<\/td>\n<\/tr>\n<tr>\n<td>Heeska Johhan<\/td>\n<td><\/td>\n<\/tr>\n<tr>\n<td><\/td>\n<td>Reinuvader Rebane<\/td>\n<\/tr>\n<tr>\n<td><\/td>\n<td>Anu<\/td>\n<\/tr>\n<tr>\n<td><\/td>\n<td>P\u00f5drala Sulev<\/td>\n<\/tr>\n<\/tbody>\n<\/table>\n<p>2016<\/p>\n<p>vanem<\/p>\n<p>piirkonnavoor<\/p>\n<p><a href=\"https:\/\/sisu.ut.ee\/keeleylesanded\/nimed-vanas-kirjaviisis-vastus\/\">Vastus<\/a><\/p>\n<\/div>\n","protected":false},"excerpt":{"rendered":"<p>17. sajandi l\u00f5pust kuni 19. sajandi keskpaigani kirjutati eesti keelt vanas kirjaviisis,\u00a0mis oli kujunenud \u00fclemsaksa ortograafia alusel. Selle kirjaviisi reeglid saad tuletada\u00a0j\u00e4rgnevas tabelis esitatud n\u00e4ites\u00f5nadest. T\u00e4ida tabelis t\u00fchjad lahtrid! Vanas kirjaviisis T\u00e4nap\u00e4eval Paula Paula Janus Jaanus L\u00fcgganusse kool L\u00fcganuse kool &#8230;<\/p>\n","protected":false},"author":185,"featured_media":0,"parent":0,"menu_order":0,"comment_status":"closed","ping_status":"closed","template":"","meta":{"_acf_changed":false,"inline_featured_image":false,"footnotes":""},"class_list":["post-469","page","type-page","status-publish","hentry"],"acf":[],"_links":{"self":[{"href":"https:\/\/sisu.ut.ee\/keeleylesanded\/wp-json\/wp\/v2\/pages\/469","targetHints":{"allow":["GET"]}}],"collection":[{"href":"https:\/\/sisu.ut.ee\/keeleylesanded\/wp-json\/wp\/v2\/pages"}],"about":[{"href":"https:\/\/sisu.ut.ee\/keeleylesanded\/wp-json\/wp\/v2\/types\/page"}],"author":[{"embeddable":true,"href":"https:\/\/sisu.ut.ee\/keeleylesanded\/wp-json\/wp\/v2\/users\/185"}],"replies":[{"embeddable":true,"href":"https:\/\/sisu.ut.ee\/keeleylesanded\/wp-json\/wp\/v2\/comments?post=469"}],"version-history":[{"count":2,"href":"https:\/\/sisu.ut.ee\/keeleylesanded\/wp-json\/wp\/v2\/pages\/469\/revisions"}],"predecessor-version":[{"id":1905,"href":"https:\/\/sisu.ut.ee\/keeleylesanded\/wp-json\/wp\/v2\/pages\/469\/revisions\/1905"}],"wp:attachment":[{"href":"https:\/\/sisu.ut.ee\/keeleylesanded\/wp-json\/wp\/v2\/media?parent=469"}],"curies":[{"name":"wp","href":"https:\/\/api.w.org\/{rel}","templated":true}]}}