{"id":465,"date":"2024-04-04T05:04:03","date_gmt":"2024-04-04T02:04:03","guid":{"rendered":"https:\/\/sisu.ut.ee\/keeleylesanded\/oigekiri\/"},"modified":"2024-04-04T05:07:01","modified_gmt":"2024-04-04T02:07:01","slug":"oigekiri","status":"publish","type":"page","link":"https:\/\/sisu.ut.ee\/keeleylesanded\/oigekiri\/","title":{"rendered":"\u00d5igekiri ja kirjavahem\u00e4rgid"},"content":{"rendered":"<p>Keelehuvilistele on m\u00f5istagi selge, et keelek\u00fcsimused ei t\u00e4henda ainult \u00f5igekirja ja komade panemist, aga ega seegi m\u00f5istagi t\u00e4htusetu ei ole. Nii on ka ol\u00fcmpiaadi\u00fclesannet hulgas olnud ortograafiak\u00fcsimusi. Sagedasti on k\u00fcsitud v\u00f5\u00f5rs\u00f5nade \u00f5igekirja, aga ka teada-tuntud eesti ortograafia keerukohti on peamurdmiseks pakutud.<\/p>\n","protected":false},"excerpt":{"rendered":"<p>Keelehuvilistele on m\u00f5istagi selge, et keelek\u00fcsimused ei t\u00e4henda ainult \u00f5igekirja ja komade panemist, aga ega seegi m\u00f5istagi t\u00e4htusetu ei ole. Nii on ka ol\u00fcmpiaadi\u00fclesannet hulgas olnud ortograafiak\u00fcsimusi. Sagedasti on k\u00fcsitud v\u00f5\u00f5rs\u00f5nade \u00f5igekirja, aga ka teada-tuntud eesti ortograafia keerukohti on peamurdmiseks &#8230;<\/p>\n","protected":false},"author":185,"featured_media":0,"parent":0,"menu_order":0,"comment_status":"closed","ping_status":"closed","template":"","meta":{"_acf_changed":false,"inline_featured_image":false,"footnotes":""},"class_list":["post-465","page","type-page","status-publish","hentry"],"acf":[],"_links":{"self":[{"href":"https:\/\/sisu.ut.ee\/keeleylesanded\/wp-json\/wp\/v2\/pages\/465","targetHints":{"allow":["GET"]}}],"collection":[{"href":"https:\/\/sisu.ut.ee\/keeleylesanded\/wp-json\/wp\/v2\/pages"}],"about":[{"href":"https:\/\/sisu.ut.ee\/keeleylesanded\/wp-json\/wp\/v2\/types\/page"}],"author":[{"embeddable":true,"href":"https:\/\/sisu.ut.ee\/keeleylesanded\/wp-json\/wp\/v2\/users\/185"}],"replies":[{"embeddable":true,"href":"https:\/\/sisu.ut.ee\/keeleylesanded\/wp-json\/wp\/v2\/comments?post=465"}],"version-history":[{"count":1,"href":"https:\/\/sisu.ut.ee\/keeleylesanded\/wp-json\/wp\/v2\/pages\/465\/revisions"}],"predecessor-version":[{"id":1279,"href":"https:\/\/sisu.ut.ee\/keeleylesanded\/wp-json\/wp\/v2\/pages\/465\/revisions\/1279"}],"wp:attachment":[{"href":"https:\/\/sisu.ut.ee\/keeleylesanded\/wp-json\/wp\/v2\/media?parent=465"}],"curies":[{"name":"wp","href":"https:\/\/api.w.org\/{rel}","templated":true}]}}