{"id":464,"date":"2024-04-04T05:04:03","date_gmt":"2024-04-04T02:04:03","guid":{"rendered":"https:\/\/sisu.ut.ee\/keeleylesanded\/nimeristsona\/"},"modified":"2024-11-29T11:29:23","modified_gmt":"2024-11-29T09:29:23","slug":"nimeristsona","status":"publish","type":"page","link":"https:\/\/sisu.ut.ee\/keeleylesanded\/nimeristsona\/","title":{"rendered":"Nimerists\u00f5na"},"content":{"rendered":"<div>Lahenda rists\u00f5na. Vastuseks on nime\u00f5petust t\u00e4histav v\u00f5\u00f5rtermin. (10 p)<\/div>\n<div>1. Kohanimi ehk \u2026<\/div>\n<div>2. Sama objekti kohta k\u00e4ivad nimed ehk \u2026<\/div>\n<div>3. Nimi, millest on saadud eesti mehenimed Juhan, Ants, Hannes<\/div>\n<div>4. \u2026 ehk matron\u00fc\u00fcm<\/div>\n<div>5. Nimi, millest on saadud eesti naisenimed Made, Madli, Magda, Malle<\/div>\n<div>6. Varjunimi ehk \u2026<\/div>\n<div>7. Isanimi ehk \u2026<\/div>\n<div>8. \u2026 ehk antropon\u00fc\u00fcm<\/div>\n<div>9. Nimi, mis kandub vanemailt lapsele<br>\n10. \u2026 ehk zoon\u00fc\u00fcm<br>\n<img loading=\"lazy\" decoding=\"async\" width=\"549\" height=\"362\" class=\"alignnone wp-image-540\" title=\"nimeristsona.jpg\" src=\"https:\/\/sisu.ut.ee\/wp-content\/uploads\/sites\/354\/nimeristsona.jpg\" alt=\"Nimerists\u00f5na\" srcset=\"https:\/\/sisu.ut.ee\/wp-content\/uploads\/sites\/354\/nimeristsona.jpg 549w, https:\/\/sisu.ut.ee\/wp-content\/uploads\/sites\/354\/nimeristsona-300x198.jpg 300w\" sizes=\"auto, (max-width: 549px) 100vw, 549px\"><\/div>\n<div>Nime\u00f5petus ehk \u2026.<\/div>\n<div><\/div>\n<div><\/div>\n<div>2016<\/div>\n<div>vanem, keskmine<\/div>\n<div>piirikonnavoor<\/div>\n<div><\/div>\n<div><a href=\"https:\/\/sisu.ut.ee\/keeleylesanded\/nimeristsona-vastus\/\">Vastus<\/a><\/div>\n","protected":false},"excerpt":{"rendered":"<p>Lahenda rists\u00f5na. Vastuseks on nime\u00f5petust t\u00e4histav v\u00f5\u00f5rtermin. (10 p) 1. Kohanimi ehk \u2026 2. Sama objekti kohta k\u00e4ivad nimed ehk \u2026 3. Nimi, millest on saadud eesti mehenimed Juhan, Ants, Hannes 4. \u2026 ehk matron\u00fc\u00fcm 5. Nimi, millest on saadud &#8230;<\/p>\n","protected":false},"author":185,"featured_media":0,"parent":0,"menu_order":0,"comment_status":"closed","ping_status":"closed","template":"","meta":{"_acf_changed":false,"inline_featured_image":false,"footnotes":""},"class_list":["post-464","page","type-page","status-publish","hentry"],"acf":[],"_links":{"self":[{"href":"https:\/\/sisu.ut.ee\/keeleylesanded\/wp-json\/wp\/v2\/pages\/464","targetHints":{"allow":["GET"]}}],"collection":[{"href":"https:\/\/sisu.ut.ee\/keeleylesanded\/wp-json\/wp\/v2\/pages"}],"about":[{"href":"https:\/\/sisu.ut.ee\/keeleylesanded\/wp-json\/wp\/v2\/types\/page"}],"author":[{"embeddable":true,"href":"https:\/\/sisu.ut.ee\/keeleylesanded\/wp-json\/wp\/v2\/users\/185"}],"replies":[{"embeddable":true,"href":"https:\/\/sisu.ut.ee\/keeleylesanded\/wp-json\/wp\/v2\/comments?post=464"}],"version-history":[{"count":2,"href":"https:\/\/sisu.ut.ee\/keeleylesanded\/wp-json\/wp\/v2\/pages\/464\/revisions"}],"predecessor-version":[{"id":1907,"href":"https:\/\/sisu.ut.ee\/keeleylesanded\/wp-json\/wp\/v2\/pages\/464\/revisions\/1907"}],"wp:attachment":[{"href":"https:\/\/sisu.ut.ee\/keeleylesanded\/wp-json\/wp\/v2\/media?parent=464"}],"curies":[{"name":"wp","href":"https:\/\/api.w.org\/{rel}","templated":true}]}}