{"id":458,"date":"2024-04-04T05:04:03","date_gmt":"2024-04-04T02:04:03","guid":{"rendered":"https:\/\/sisu.ut.ee\/keeleylesanded\/nimed-valjendites\/"},"modified":"2024-11-29T11:26:02","modified_gmt":"2024-11-29T09:26:02","slug":"nimed-valjendites","status":"publish","type":"page","link":"https:\/\/sisu.ut.ee\/keeleylesanded\/nimed-valjendites\/","title":{"rendered":"Nimed v\u00e4ljendites"},"content":{"rendered":"<p><strong>Kirjuta vastuseks nimest saadud \u00fcldnimetus v\u00f5i nime sisaldav v\u00e4ljend.<\/strong><\/p>\n<p style=\"margin-left: 40px;\"><strong>N\u00e4ide:\u00a0<\/strong>r\u00e4nk ja m\u00f5ttetu t\u00f6\u00f6\u00a0\u2013 <i>Sisyphose t\u00f6\u00f6<\/i><\/p>\n<p>Lahendamatuna n\u00e4iv probleem<\/p>\n<p>Vapustav s\u00f5num raskest \u00f5nnetusest<\/p>\n<p>Vanglatrellid<\/p>\n<p>Inkvisatsiooni piinariist<\/p>\n<p>Suur segadus<\/p>\n<p>Pikkade jalastega t\u00f5ukekelk<\/p>\n<p>Alastiolek mehe puhul<\/p>\n<p>K\u00f5igi \u00f5nnetuste ja murede allikas<\/p>\n<p>Elektrivoolu tugevuse \u00fchik<\/p>\n<p>Rahvusvaheline kood teadete edastamiseks<\/p>\n<p>Kingitus, mis teeb saajale kahju<\/p>\n<p>Koht, kuhu on k\u00fclvatud erinevad taimed l\u00e4bisegi<\/p>\n<p>2016<\/p>\n<p>vanem<\/p>\n<p>piirkonnavoor<\/p>\n<p><a href=\"https:\/\/sisu.ut.ee\/keeleylesanded\/nimed-valjendites-vastus\/\">Vastus<\/a><\/p>\n","protected":false},"excerpt":{"rendered":"<p>Kirjuta vastuseks nimest saadud \u00fcldnimetus v\u00f5i nime sisaldav v\u00e4ljend. N\u00e4ide:\u00a0r\u00e4nk ja m\u00f5ttetu t\u00f6\u00f6\u00a0\u2013 Sisyphose t\u00f6\u00f6 Lahendamatuna n\u00e4iv probleem Vapustav s\u00f5num raskest \u00f5nnetusest Vanglatrellid Inkvisatsiooni piinariist Suur segadus Pikkade jalastega t\u00f5ukekelk Alastiolek mehe puhul K\u00f5igi \u00f5nnetuste ja murede allikas Elektrivoolu tugevuse &#8230;<\/p>\n","protected":false},"author":185,"featured_media":0,"parent":0,"menu_order":0,"comment_status":"closed","ping_status":"closed","template":"","meta":{"_acf_changed":false,"inline_featured_image":false,"footnotes":""},"class_list":["post-458","page","type-page","status-publish","hentry"],"acf":[],"_links":{"self":[{"href":"https:\/\/sisu.ut.ee\/keeleylesanded\/wp-json\/wp\/v2\/pages\/458","targetHints":{"allow":["GET"]}}],"collection":[{"href":"https:\/\/sisu.ut.ee\/keeleylesanded\/wp-json\/wp\/v2\/pages"}],"about":[{"href":"https:\/\/sisu.ut.ee\/keeleylesanded\/wp-json\/wp\/v2\/types\/page"}],"author":[{"embeddable":true,"href":"https:\/\/sisu.ut.ee\/keeleylesanded\/wp-json\/wp\/v2\/users\/185"}],"replies":[{"embeddable":true,"href":"https:\/\/sisu.ut.ee\/keeleylesanded\/wp-json\/wp\/v2\/comments?post=458"}],"version-history":[{"count":2,"href":"https:\/\/sisu.ut.ee\/keeleylesanded\/wp-json\/wp\/v2\/pages\/458\/revisions"}],"predecessor-version":[{"id":1903,"href":"https:\/\/sisu.ut.ee\/keeleylesanded\/wp-json\/wp\/v2\/pages\/458\/revisions\/1903"}],"wp:attachment":[{"href":"https:\/\/sisu.ut.ee\/keeleylesanded\/wp-json\/wp\/v2\/media?parent=458"}],"curies":[{"name":"wp","href":"https:\/\/api.w.org\/{rel}","templated":true}]}}