{"id":453,"date":"2024-04-04T05:04:02","date_gmt":"2024-04-04T02:04:02","guid":{"rendered":"https:\/\/sisu.ut.ee\/keeleylesanded\/laensonade-tulek\/"},"modified":"2024-11-29T10:35:32","modified_gmt":"2024-11-29T08:35:32","slug":"laensonade-tulek","status":"publish","type":"page","link":"https:\/\/sisu.ut.ee\/keeleylesanded\/laensonade-tulek\/","title":{"rendered":"Laens\u00f5nade tulek"},"content":{"rendered":"<p><strong>Milliste keelte vahendusel ja mis ajal v\u00f5iksid eesti keelde olla tulnud j\u00e4rgmised laens\u00f5nad?<\/strong><\/p>\n<p>M\u00e4rgi tabelisse laenu andnud keel (inglise, rootsi, saksa, soome, vene) ja t\u00f5en\u00e4olisim laenamisperiood:<\/p>\n<p>(1) \u2026.\u20131900:<\/p>\n<p>(2) 1900\u20131940;<\/p>\n<p>(3) 1940\u20131990;<\/p>\n<p>(4) 1990\u2013\u2026..<\/p>\n<table class=\"table table-hover\" style=\"width: 100%;\" border=\"1\" cellspacing=\"1\" cellpadding=\"1\">\n<thead>\n<tr>\n<th scope=\"col\">S\u00f5na<\/th>\n<th scope=\"col\">P\u00e4ritolukeel<\/th>\n<th scope=\"col\">Laenamisaeg<\/th>\n<\/tr>\n<\/thead>\n<tbody>\n<tr>\n<td><em>veeb<\/em><\/td>\n<td><em>inglise<\/em><\/td>\n<td><em>(4)<\/em><\/td>\n<\/tr>\n<tr>\n<td>antv\u00e4rk<\/td>\n<td><\/td>\n<td><\/td>\n<\/tr>\n<tr>\n<td>bitt<\/td>\n<td><\/td>\n<td><\/td>\n<\/tr>\n<tr>\n<td>jenka<\/td>\n<td><\/td>\n<td><\/td>\n<\/tr>\n<tr>\n<td>katekismus<\/td>\n<td><\/td>\n<td><\/td>\n<\/tr>\n<tr>\n<td>kroon<\/td>\n<td><\/td>\n<td><\/td>\n<\/tr>\n<tr>\n<td>kuva<\/td>\n<td><\/td>\n<td><\/td>\n<\/tr>\n<tr>\n<td>kunst<\/td>\n<td><\/td>\n<td><\/td>\n<\/tr>\n<tr>\n<td>l\u00fchter<\/td>\n<td><\/td>\n<td><\/td>\n<\/tr>\n<tr>\n<td>spunk<\/td>\n<td><\/td>\n<td><\/td>\n<\/tr>\n<tr>\n<td>vaksal<\/td>\n<td><\/td>\n<td><\/td>\n<\/tr>\n<tr>\n<td>n\u00e4kk<\/td>\n<td><\/td>\n<td><\/td>\n<\/tr>\n<tr>\n<td>opman<\/td>\n<td><\/td>\n<td><\/td>\n<\/tr>\n<tr>\n<td>perestroika<\/td>\n<td><\/td>\n<td><\/td>\n<\/tr>\n<tr>\n<td>pliin<\/td>\n<td><\/td>\n<td><\/td>\n<\/tr>\n<tr>\n<td>reiv<\/td>\n<td><\/td>\n<td><\/td>\n<\/tr>\n<tr>\n<td>rubla<\/td>\n<td><\/td>\n<td><\/td>\n<\/tr>\n<tr>\n<td>skanner<\/td>\n<td><\/td>\n<td><\/td>\n<\/tr>\n<tr>\n<td>sputnik<\/td>\n<td><\/td>\n<td><\/td>\n<\/tr>\n<tr>\n<td>tabloid<\/td>\n<td><\/td>\n<td><\/td>\n<\/tr>\n<tr>\n<td>unelm<\/td>\n<td><\/td>\n<td><\/td>\n<\/tr>\n<\/tbody>\n<\/table>\n<p>2004<\/p>\n<p>vanem<\/p>\n<p>l\u00f5ppvoor<\/p>\n<p><a href=\"https:\/\/sisu.ut.ee\/keeleylesanded\/laensonade-tulek-vastus\/\">Vastus<\/a><\/p>\n","protected":false},"excerpt":{"rendered":"<p>Milliste keelte vahendusel ja mis ajal v\u00f5iksid eesti keelde olla tulnud j\u00e4rgmised laens\u00f5nad? M\u00e4rgi tabelisse laenu andnud keel (inglise, rootsi, saksa, soome, vene) ja t\u00f5en\u00e4olisim laenamisperiood: (1) \u2026.\u20131900: (2) 1900\u20131940; (3) 1940\u20131990; (4) 1990\u2013\u2026.. S\u00f5na P\u00e4ritolukeel Laenamisaeg veeb inglise (4) &#8230;<\/p>\n","protected":false},"author":185,"featured_media":0,"parent":0,"menu_order":0,"comment_status":"closed","ping_status":"closed","template":"","meta":{"_acf_changed":false,"inline_featured_image":false,"footnotes":""},"class_list":["post-453","page","type-page","status-publish","hentry"],"acf":[],"_links":{"self":[{"href":"https:\/\/sisu.ut.ee\/keeleylesanded\/wp-json\/wp\/v2\/pages\/453","targetHints":{"allow":["GET"]}}],"collection":[{"href":"https:\/\/sisu.ut.ee\/keeleylesanded\/wp-json\/wp\/v2\/pages"}],"about":[{"href":"https:\/\/sisu.ut.ee\/keeleylesanded\/wp-json\/wp\/v2\/types\/page"}],"author":[{"embeddable":true,"href":"https:\/\/sisu.ut.ee\/keeleylesanded\/wp-json\/wp\/v2\/users\/185"}],"replies":[{"embeddable":true,"href":"https:\/\/sisu.ut.ee\/keeleylesanded\/wp-json\/wp\/v2\/comments?post=453"}],"version-history":[{"count":2,"href":"https:\/\/sisu.ut.ee\/keeleylesanded\/wp-json\/wp\/v2\/pages\/453\/revisions"}],"predecessor-version":[{"id":1881,"href":"https:\/\/sisu.ut.ee\/keeleylesanded\/wp-json\/wp\/v2\/pages\/453\/revisions\/1881"}],"wp:attachment":[{"href":"https:\/\/sisu.ut.ee\/keeleylesanded\/wp-json\/wp\/v2\/media?parent=453"}],"curies":[{"name":"wp","href":"https:\/\/api.w.org\/{rel}","templated":true}]}}