{"id":452,"date":"2024-04-04T05:04:02","date_gmt":"2024-04-04T02:04:02","guid":{"rendered":"https:\/\/sisu.ut.ee\/keeleylesanded\/eestikeelsed-arinimed\/"},"modified":"2024-11-28T21:16:20","modified_gmt":"2024-11-28T19:16:20","slug":"eestikeelsed-arinimed","status":"publish","type":"page","link":"https:\/\/sisu.ut.ee\/keeleylesanded\/eestikeelsed-arinimed\/","title":{"rendered":"Eestikeelsed \u00e4rinimed"},"content":{"rendered":"<p style=\"text-align: justify;\"><strong>Eesti on eestikeelseid \u00e4rinimesid, mis ei vasta eesti keele reeglitele. Kuidas oleks j\u00e4rgmiste nimede reeglikohane kuju? Parandades \u00e4ra asenda s\u00f5nu ega muuda s\u00f5nade j\u00e4rjekorda.<\/strong><\/p>\n<p style=\"text-align: justify;\">\n<\/p><ol>\n<li style=\"text-align: justify;\">Magistrali Keskus<\/li>\n<li style=\"text-align: justify;\">Viivikonna Terminaal<\/li>\n<li style=\"text-align: justify;\">Tulundus\u00fchistu Anastassia-Toidukaubandus<\/li>\n<li style=\"text-align: justify;\">O\u00dc Lillebutik<\/li>\n<li style=\"text-align: justify;\">Abi-ja-N\u00f5u O\u00dc<\/li>\n<li style=\"text-align: justify;\">RahvaVara O\u00dc<\/li>\n<li style=\"text-align: justify;\">O\u00dc AEP Ehitus Grupp<\/li>\n<li style=\"text-align: justify;\">Meiekaup O\u00dc<\/li>\n<li style=\"text-align: justify;\">Mitme tooli peal<\/li>\n<li style=\"text-align: justify;\">Ringi\u00e4\u00e4res<\/li>\n<li style=\"text-align: justify;\">KavalAntsStuudio<\/li>\n<li style=\"text-align: justify;\">O\u00dc\u00a0 Autoeffekt<\/li>\n<\/ol>\n<p style=\"text-align: justify;\">\n<\/p><p style=\"text-align: justify;\">2016<\/p>\n<p style=\"text-align: justify;\">vanem, keskmine<\/p>\n<p style=\"text-align: justify;\">piirkonnavoor<\/p>\n<p><a href=\"https:\/\/sisu.ut.ee\/keeleylesanded\/eestikeelsed-arinimed-vastus\/\">Vastus<\/a><\/p>\n","protected":false},"excerpt":{"rendered":"<p>Eesti on eestikeelseid \u00e4rinimesid, mis ei vasta eesti keele reeglitele. Kuidas oleks j\u00e4rgmiste nimede reeglikohane kuju? Parandades \u00e4ra asenda s\u00f5nu ega muuda s\u00f5nade j\u00e4rjekorda. Magistrali Keskus Viivikonna Terminaal Tulundus\u00fchistu Anastassia-Toidukaubandus O\u00dc Lillebutik Abi-ja-N\u00f5u O\u00dc RahvaVara O\u00dc O\u00dc AEP Ehitus Grupp &#8230;<\/p>\n","protected":false},"author":185,"featured_media":0,"parent":0,"menu_order":0,"comment_status":"closed","ping_status":"closed","template":"","meta":{"_acf_changed":false,"inline_featured_image":false,"footnotes":""},"class_list":["post-452","page","type-page","status-publish","hentry"],"acf":[],"_links":{"self":[{"href":"https:\/\/sisu.ut.ee\/keeleylesanded\/wp-json\/wp\/v2\/pages\/452","targetHints":{"allow":["GET"]}}],"collection":[{"href":"https:\/\/sisu.ut.ee\/keeleylesanded\/wp-json\/wp\/v2\/pages"}],"about":[{"href":"https:\/\/sisu.ut.ee\/keeleylesanded\/wp-json\/wp\/v2\/types\/page"}],"author":[{"embeddable":true,"href":"https:\/\/sisu.ut.ee\/keeleylesanded\/wp-json\/wp\/v2\/users\/185"}],"replies":[{"embeddable":true,"href":"https:\/\/sisu.ut.ee\/keeleylesanded\/wp-json\/wp\/v2\/comments?post=452"}],"version-history":[{"count":2,"href":"https:\/\/sisu.ut.ee\/keeleylesanded\/wp-json\/wp\/v2\/pages\/452\/revisions"}],"predecessor-version":[{"id":1817,"href":"https:\/\/sisu.ut.ee\/keeleylesanded\/wp-json\/wp\/v2\/pages\/452\/revisions\/1817"}],"wp:attachment":[{"href":"https:\/\/sisu.ut.ee\/keeleylesanded\/wp-json\/wp\/v2\/media?parent=452"}],"curies":[{"name":"wp","href":"https:\/\/api.w.org\/{rel}","templated":true}]}}