{"id":451,"date":"2024-04-04T05:04:02","date_gmt":"2024-04-04T02:04:02","guid":{"rendered":"https:\/\/sisu.ut.ee\/keeleylesanded\/osi-uued-sonad-i\/"},"modified":"2024-11-29T11:57:41","modified_gmt":"2024-11-29T09:57:41","slug":"osi-uued-sonad-i","status":"publish","type":"page","link":"https:\/\/sisu.ut.ee\/keeleylesanded\/osi-uued-sonad-i\/","title":{"rendered":"\u00d5Si uued s\u00f5nad (I)"},"content":{"rendered":"<p><strong>Kaante vahele j\u00f5udnud s\u00f5naraamat vananeb kiiresti. Et hoida \u00d5Si ajakohasena, peavad koostajad s\u00f5naraamatu t\u00e4ienduste loendit. J\u00e4rgnevad s\u00f5nad on v\u00f5etud 2006. aasta \u00d5Si ilmumise j\u00e4rel sellesse loendisse lisatud s\u00f5nade ulgast, st 2006. aasta \u00d5Sis neid veel polnud. Kirjuta iga t\u00e4hendusseletuse ette \u00fches\u00f5naline vast (ka liits\u00f5na sobib). Igale kriipsuel vastab \u00fcks t\u00e4ht. Osa t\u00e4hti on ette antud.<\/strong><\/p>\n<table class=\"table table-hover\" style=\"width: 100%;\" border=\"0\" cellspacing=\"1\" cellpadding=\"1\" align=\"left\">\n<tbody>\n<tr>\n<td>1) _ _ _ _ _ _ E _ _ _ _ _ _<\/td>\n<td>\u2018omal kulul kosmosesse lendaja\u2019<\/td>\n<\/tr>\n<tr>\n<td>2) _ _ _ _ _ _ M _<\/td>\n<td>\u2018alles k\u00e4ivituv lennuka \u00e4riideega v\u00e4ikeettev\u00f5te\u2019; vrd ingl\u00a0<em>start-up<\/em><\/td>\n<\/tr>\n<tr>\n<td>3) _ _ _ A _ _ _ _ _ _ _ _<\/td>\n<td>\u2018harjumusp\u2019rane olukord v \u00fcmbrus, kus inimene tunneb end kindlalt\u2019<\/td>\n<\/tr>\n<tr>\n<td>4) K _ _ _ _ _ _ _ _<\/td>\n<td>\u2018kiltkivisse kogunenud maagaas\u2019<\/td>\n<\/tr>\n<tr>\n<td>5) _ _ _ _\u00a0 E _ _ _ _<\/td>\n<td>\u2018vaeglugemine\u2019<\/td>\n<\/tr>\n<tr>\n<td>6) _ _ _ E _ _ _ _ _ _ _ _ _ _<\/td>\n<td>\u2018terroriaktide toimepanek arvutiv\u00f5rgu kaudu\u2019<\/td>\n<\/tr>\n<tr>\n<td>7) _ L _ _ _ _ _ _ _<\/td>\n<td>\u2018valitsev isane; \u00fclekantud t\u00e4henduses: j\u00f5uline, v\u00f5imukas mees\u2019<\/td>\n<\/tr>\n<tr>\n<td>8) _ _ _ _ _ N _ _ _ _ _ _<\/td>\n<td>\u2018ahelreaktsioon, olukord, kus \u00fcks s\u00fcndmus vallandab ridamisis teised\u2019<\/td>\n<\/tr>\n<tr>\n<td>9) _ _ _ E _ _ _<\/td>\n<td>\u2018muuseumis hoiul olev ese\u2019<\/td>\n<\/tr>\n<\/tbody>\n<\/table>\n<p>2014<\/p>\n<p>keskmine<\/p>\n<p>piirkonnavoor<\/p>\n<p><a href=\"https:\/\/sisu.ut.ee\/keeleylesanded\/osi-uued-sonad-i-vastus\/\">Vastus<\/a><\/p>\n","protected":false},"excerpt":{"rendered":"<p>Kaante vahele j\u00f5udnud s\u00f5naraamat vananeb kiiresti. Et hoida \u00d5Si ajakohasena, peavad koostajad s\u00f5naraamatu t\u00e4ienduste loendit. J\u00e4rgnevad s\u00f5nad on v\u00f5etud 2006. aasta \u00d5Si ilmumise j\u00e4rel sellesse loendisse lisatud s\u00f5nade ulgast, st 2006. aasta \u00d5Sis neid veel polnud. Kirjuta iga t\u00e4hendusseletuse ette &#8230;<\/p>\n","protected":false},"author":185,"featured_media":0,"parent":0,"menu_order":0,"comment_status":"closed","ping_status":"closed","template":"","meta":{"_acf_changed":false,"inline_featured_image":false,"footnotes":""},"class_list":["post-451","page","type-page","status-publish","hentry"],"acf":[],"_links":{"self":[{"href":"https:\/\/sisu.ut.ee\/keeleylesanded\/wp-json\/wp\/v2\/pages\/451","targetHints":{"allow":["GET"]}}],"collection":[{"href":"https:\/\/sisu.ut.ee\/keeleylesanded\/wp-json\/wp\/v2\/pages"}],"about":[{"href":"https:\/\/sisu.ut.ee\/keeleylesanded\/wp-json\/wp\/v2\/types\/page"}],"author":[{"embeddable":true,"href":"https:\/\/sisu.ut.ee\/keeleylesanded\/wp-json\/wp\/v2\/users\/185"}],"replies":[{"embeddable":true,"href":"https:\/\/sisu.ut.ee\/keeleylesanded\/wp-json\/wp\/v2\/comments?post=451"}],"version-history":[{"count":2,"href":"https:\/\/sisu.ut.ee\/keeleylesanded\/wp-json\/wp\/v2\/pages\/451\/revisions"}],"predecessor-version":[{"id":1924,"href":"https:\/\/sisu.ut.ee\/keeleylesanded\/wp-json\/wp\/v2\/pages\/451\/revisions\/1924"}],"wp:attachment":[{"href":"https:\/\/sisu.ut.ee\/keeleylesanded\/wp-json\/wp\/v2\/media?parent=451"}],"curies":[{"name":"wp","href":"https:\/\/api.w.org\/{rel}","templated":true}]}}