{"id":45,"date":"2024-04-04T05:03:25","date_gmt":"2024-04-04T02:03:25","guid":{"rendered":"https:\/\/sisu.ut.ee\/keeleylesanded\/rektsioonivead\/"},"modified":"2024-11-29T12:16:40","modified_gmt":"2024-11-29T10:16:40","slug":"rektsioonivead","status":"publish","type":"page","link":"https:\/\/sisu.ut.ee\/keeleylesanded\/rektsioonivead\/","title":{"rendered":"Rektsioonivead"},"content":{"rendered":"<p style=\"text-align: justify;\"><b><span style=\"line-height: 107%;\">Rektsioon e s\u00f5ltumine on lauses kasutatav alistusseose liik, mille puhul \u00fcks s\u00f5na tingib teise olemasolu ja vormi. <\/span><\/b><\/p>\n<p style=\"text-align: justify;\"><b><span style=\"line-height: 107%;\">Paranda lausetes k\u00f5ik rektsioonivead, asendades kirjakeelde sobimatud vormid sobivatega. <\/span><\/b><\/p>\n<p style=\"text-align: justify;\"><span style=\"line-height: 200%;\"><span style=\"line-height: 200%;\">Linnalooduse veendunud kaitsjad samastusid kevadises protestiaktsioonis \u00fchiskonna sanitaridele. Nende hoiak vana puu mahasaagijate suhtes oli solvunud ja isegi vihane. See tugines arusaamale, et iga \u00fcksikisik peab saama \u00fchiskonnas vabalt oma arvamust avaldada. S\u00fcgistalvisel hooajal on sagenenud haigestumine leetritega. Selle raske nakkushaigusega lisanduvad sageli pikka ravi vajavad t\u00fcsistused. Soovida j\u00e4ttis algatusgrupi tolerantsus l\u00e4hedastele ja t\u00f6\u00f6kaaslastele. N\u00f5udlus m\u00f5istvuse j\u00e4rele suureneb iga aastaga. Ei olnud m\u00f5tet vastanduda kollektiiviga, et omaenda tahtmist l\u00e4bi suruda. Igasugusele vastandumisele kaasneb tihti p\u00f5hjendamatu trotslikkus, millele baseerub vastuhakk. Osa umbusaldajate v\u00e4idetest tugineb lihtsatele maailmavaatelistele erinevustele. Kujunenud olukorras oli m\u00f5ttekam kohaneda \u00fcmbritsevatele oludele. Asjaolude sarnasus juba olnutele h\u00e4mmastas arutelule kogunenud spetsialiste, kel puudus eelsoodumus selleks, et uskuda k\u00f5ike, mida varem kuuldud. Ei suuda ju keegi olla kompetentne k\u00f5igega, mida temalt parasjagu oodatakse.<\/span><\/span><\/p>\n<p style=\"text-align: justify;\">\n<\/p><p style=\"text-align: justify;\">\n<\/p><p style=\"text-align: justify;\"><span style=\"line-height: 200%;\"><span style=\"line-height: 200%;\">2018<\/span><\/span><\/p>\n<p style=\"text-align: justify;\"><span style=\"line-height: 200%;\"><span style=\"line-height: 200%;\">keskmine<\/span><\/span><\/p>\n<p style=\"text-align: justify;\"><span style=\"line-height: 200%;\"><span style=\"line-height: 200%;\">piirkonnavoor<\/span><\/span><\/p>\n<p><a href=\"https:\/\/sisu.ut.ee\/keeleylesanded\/rektsioonivead-vastus\/\">Vastus<\/a><\/p>\n","protected":false},"excerpt":{"rendered":"<p>Rektsioon e s\u00f5ltumine on lauses kasutatav alistusseose liik, mille puhul \u00fcks s\u00f5na tingib teise olemasolu ja vormi. Paranda lausetes k\u00f5ik rektsioonivead, asendades kirjakeelde sobimatud vormid sobivatega. Linnalooduse veendunud kaitsjad samastusid kevadises protestiaktsioonis \u00fchiskonna sanitaridele. Nende hoiak vana puu mahasaagijate suhtes &#8230;<\/p>\n","protected":false},"author":185,"featured_media":0,"parent":0,"menu_order":0,"comment_status":"closed","ping_status":"closed","template":"","meta":{"_acf_changed":false,"inline_featured_image":false,"footnotes":""},"class_list":["post-45","page","type-page","status-publish","hentry"],"acf":[],"_links":{"self":[{"href":"https:\/\/sisu.ut.ee\/keeleylesanded\/wp-json\/wp\/v2\/pages\/45","targetHints":{"allow":["GET"]}}],"collection":[{"href":"https:\/\/sisu.ut.ee\/keeleylesanded\/wp-json\/wp\/v2\/pages"}],"about":[{"href":"https:\/\/sisu.ut.ee\/keeleylesanded\/wp-json\/wp\/v2\/types\/page"}],"author":[{"embeddable":true,"href":"https:\/\/sisu.ut.ee\/keeleylesanded\/wp-json\/wp\/v2\/users\/185"}],"replies":[{"embeddable":true,"href":"https:\/\/sisu.ut.ee\/keeleylesanded\/wp-json\/wp\/v2\/comments?post=45"}],"version-history":[{"count":2,"href":"https:\/\/sisu.ut.ee\/keeleylesanded\/wp-json\/wp\/v2\/pages\/45\/revisions"}],"predecessor-version":[{"id":1947,"href":"https:\/\/sisu.ut.ee\/keeleylesanded\/wp-json\/wp\/v2\/pages\/45\/revisions\/1947"}],"wp:attachment":[{"href":"https:\/\/sisu.ut.ee\/keeleylesanded\/wp-json\/wp\/v2\/media?parent=45"}],"curies":[{"name":"wp","href":"https:\/\/api.w.org\/{rel}","templated":true}]}}