{"id":448,"date":"2024-04-04T05:04:02","date_gmt":"2024-04-04T02:04:02","guid":{"rendered":"https:\/\/sisu.ut.ee\/keeleylesanded\/haalikumuutuste-seadusparad\/"},"modified":"2024-11-28T23:26:37","modified_gmt":"2024-11-28T21:26:37","slug":"haalikumuutuste-seadusparad","status":"publish","type":"page","link":"https:\/\/sisu.ut.ee\/keeleylesanded\/haalikumuutuste-seadusparad\/","title":{"rendered":"H\u00e4\u00e4likumuutuste seadusp\u00e4rad"},"content":{"rendered":"<p style=\"text-align: justify;\"><strong>J\u00e4rgnevas tabelis on antud kolme sugulaskeele \u00fcksteisele vastavad s\u00f5nad, kusjuures m\u00f5ni neist on puudu.<\/strong><\/p>\n<p style=\"text-align: justify;\">P\u00fc\u00fca olemasolevate s\u00f5nae p\u00f5hjal leida h\u00e4\u00e4likumuutuste seadusp\u00e4rad ja sellest l\u00e4htuvalt puuduvad s\u00f5nad.<\/p>\n<p style=\"text-align: justify;\">\n<\/p><table class=\"table table-hover\" style=\"width: 100%;\" border=\"1\" cellspacing=\"1\" cellpadding=\"1\">\n<thead>\n<tr>\n<th scope=\"col\">saksa keel<\/th>\n<th scope=\"col\">rootsi keel<\/th>\n<th scope=\"col\">taani keel<\/th>\n<th scope=\"col\">t\u00e4hendus<\/th>\n<\/tr>\n<\/thead>\n<tbody>\n<tr>\n<td>Ding<\/td>\n<td>ting<\/td>\n<td>ting<\/td>\n<td>\u2018asi\u2019<\/td>\n<\/tr>\n<tr>\n<td>Mauer<\/td>\n<td>mur<\/td>\n<td>mur<\/td>\n<td>\u2018m\u00fc\u00fcr\u2019<\/td>\n<\/tr>\n<tr>\n<td>Leuchte<\/td>\n<td><\/td>\n<td>lygte<\/td>\n<td>\u2018lamp\u2019<\/td>\n<\/tr>\n<tr>\n<td>bieten<\/td>\n<td><\/td>\n<td>byde<\/td>\n<td>\u2018pakkuma\u2019<\/td>\n<\/tr>\n<tr>\n<td>Dach<\/td>\n<td><\/td>\n<td>tag<\/td>\n<td>\u2018katus\u2019<\/td>\n<\/tr>\n<tr>\n<td>Fu\u00df<\/td>\n<td><\/td>\n<td>fod<\/td>\n<td>\u2018jalg\u2019<\/td>\n<\/tr>\n<tr>\n<td>Stein<\/td>\n<td>sten<\/td>\n<td><\/td>\n<td>\u2018kivi<\/td>\n<\/tr>\n<tr>\n<td>siech<\/td>\n<td>sjuk<\/td>\n<td><\/td>\n<td>\u2018haige\u2019<\/td>\n<\/tr>\n<tr>\n<td>Schule<\/td>\n<td>skola<\/td>\n<td><\/td>\n<td>\u2018kool\u2019<\/td>\n<\/tr>\n<tr>\n<td>leiten<\/td>\n<td>leda<\/td>\n<td><\/td>\n<td>\u2018juhtima\u2019<\/td>\n<\/tr>\n<tr>\n<td>teuer<\/td>\n<td>dyr<\/td>\n<td><\/td>\n<td>\u2018kallis\u2019<\/td>\n<\/tr>\n<tr>\n<td><\/td>\n<td>djur<\/td>\n<td>dyr<\/td>\n<td><\/td>\n<\/tr>\n<tr>\n<td><\/td>\n<td>fyr<\/td>\n<td>fyr<\/td>\n<td><\/td>\n<\/tr>\n<tr>\n<td><\/td>\n<td>skjuta<\/td>\n<td>skyde<\/td>\n<td><\/td>\n<\/tr>\n<tr>\n<td><\/td>\n<td>makt<\/td>\n<td>magt<\/td>\n<td><\/td>\n<\/tr>\n<tr>\n<td>deuten<\/td>\n<td><\/td>\n<td><\/td>\n<td>\u2018seletama\u2019<\/td>\n<\/tr>\n<tr>\n<td>Gei\u00df<\/td>\n<td><\/td>\n<td><\/td>\n<td>\u2018kits\u2019<\/td>\n<\/tr>\n<tr>\n<td><\/td>\n<td>ny<\/td>\n<td><\/td>\n<td><\/td>\n<\/tr>\n<tr>\n<td><\/td>\n<td>bruka<\/td>\n<td><\/td>\n<td><\/td>\n<\/tr>\n<tr>\n<td><\/td>\n<td><\/td>\n<td>del<\/td>\n<td><\/td>\n<\/tr>\n<\/tbody>\n<\/table>\n<p>2004<\/p>\n<p>vanem<\/p>\n<p>l\u00f5ppvoor<\/p>\n<p><a href=\"https:\/\/sisu.ut.ee\/keeleylesanded\/haalikumuutuste-seadusparad-vastus\/\">Vastus<\/a><\/p>\n","protected":false},"excerpt":{"rendered":"<p>J\u00e4rgnevas tabelis on antud kolme sugulaskeele \u00fcksteisele vastavad s\u00f5nad, kusjuures m\u00f5ni neist on puudu. P\u00fc\u00fca olemasolevate s\u00f5nae p\u00f5hjal leida h\u00e4\u00e4likumuutuste seadusp\u00e4rad ja sellest l\u00e4htuvalt puuduvad s\u00f5nad. saksa keel rootsi keel taani keel t\u00e4hendus Ding ting ting \u2018asi\u2019 Mauer mur mur &#8230;<\/p>\n","protected":false},"author":185,"featured_media":0,"parent":0,"menu_order":0,"comment_status":"closed","ping_status":"closed","template":"","meta":{"_acf_changed":false,"inline_featured_image":false,"footnotes":""},"class_list":["post-448","page","type-page","status-publish","hentry"],"acf":[],"_links":{"self":[{"href":"https:\/\/sisu.ut.ee\/keeleylesanded\/wp-json\/wp\/v2\/pages\/448","targetHints":{"allow":["GET"]}}],"collection":[{"href":"https:\/\/sisu.ut.ee\/keeleylesanded\/wp-json\/wp\/v2\/pages"}],"about":[{"href":"https:\/\/sisu.ut.ee\/keeleylesanded\/wp-json\/wp\/v2\/types\/page"}],"author":[{"embeddable":true,"href":"https:\/\/sisu.ut.ee\/keeleylesanded\/wp-json\/wp\/v2\/users\/185"}],"replies":[{"embeddable":true,"href":"https:\/\/sisu.ut.ee\/keeleylesanded\/wp-json\/wp\/v2\/comments?post=448"}],"version-history":[{"count":2,"href":"https:\/\/sisu.ut.ee\/keeleylesanded\/wp-json\/wp\/v2\/pages\/448\/revisions"}],"predecessor-version":[{"id":1833,"href":"https:\/\/sisu.ut.ee\/keeleylesanded\/wp-json\/wp\/v2\/pages\/448\/revisions\/1833"}],"wp:attachment":[{"href":"https:\/\/sisu.ut.ee\/keeleylesanded\/wp-json\/wp\/v2\/media?parent=448"}],"curies":[{"name":"wp","href":"https:\/\/api.w.org\/{rel}","templated":true}]}}