{"id":444,"date":"2024-04-04T05:04:01","date_gmt":"2024-04-04T02:04:01","guid":{"rendered":"https:\/\/sisu.ut.ee\/keeleylesanded\/taishaalikud-nimedes\/"},"modified":"2024-11-29T12:59:38","modified_gmt":"2024-11-29T10:59:38","slug":"taishaalikud-nimedes","status":"publish","type":"page","link":"https:\/\/sisu.ut.ee\/keeleylesanded\/taishaalikud-nimedes\/","title":{"rendered":"T\u00e4ish\u00e4\u00e4likud nimedes"},"content":{"rendered":"<p style=\"margin-bottom: 12.0pt; text-align: justify;\"><span style=\"line-height: 150%;\"><b><span style=\"line-height: 150%;\">Eesti keeles on 9 t\u00e4ish\u00e4\u00e4likut. T\u00e4ish\u00e4\u00e4likute esinemisel s\u00f5nas (v.a v\u00f5\u00f5rs\u00f5nad ja h\u00fc\u00fcds\u00f5nad) on \u00fcks piirang. Uuri neid eesnimesid. Leia, kuidas t\u00e4ish\u00e4\u00e4likud eesnimedes esinevad ja milline piirang on nende esinemisel. S\u00f5nasta see piirang ja too selle kinnitamiseks 3 n\u00e4idet. (8 punkti)<\/span><\/b><\/span><\/p>\n<p class=\"Default\" style=\"margin-bottom: 12.0pt; text-align: justify;\"><span style=\"line-height: 150%;\"><i><span style=\"letter-spacing: 1.0pt;\">Kalju, <\/span><\/i><i><span style=\"letter-spacing: 1.0pt;\">\u00dclo, <\/span><\/i><i><span style=\"letter-spacing: 1.0pt;\">Helju, Ilmar, Aare<\/span><\/i><i><span style=\"letter-spacing: 1.0pt;\">, Mari, P\u00e4rtel, <\/span><\/i><i><span style=\"letter-spacing: 1.0pt;\">Luule, Roosi, Vaike, Arvo, Endel, Hilja, S\u00e4de, <\/span><\/i><i><span style=\"letter-spacing: 1.0pt;\">Toivo, <\/span><\/i><i><span style=\"letter-spacing: 1.0pt;\">Sirje<\/span><\/i><i><span style=\"letter-spacing: 1.0pt;\">, <\/span><\/i><i><span style=\"letter-spacing: 1.0pt;\">J\u00fcri, Helmi, Linda, Kaupo, J\u00f6rgen, Sulev, <\/span><\/i><i><span style=\"letter-spacing: 1.0pt;\">Lembit, <\/span><\/i><i><span style=\"letter-spacing: 1.0pt;\">\u00d5nne, <\/span><\/i><i><span style=\"letter-spacing: 1.0pt;\">P\u00e4\u00e4su, <\/span><\/i><i><span style=\"letter-spacing: 1.0pt;\">\u00dclle, <\/span><\/i><i><span style=\"letter-spacing: 1.0pt;\">T\u00f5nis, Juhan, Hannes<\/span><\/i><i><span style=\"letter-spacing: 1.0pt;\">, Kadri, \u00d5ie, Vello, Triinu, Toomas, Helin<\/span><\/i><\/span><\/p>\n<p style=\"margin-bottom: .0001pt;\"><span style=\"line-height: 150%;\"><b><span style=\"line-height: 150%;\">Piirang<\/span><\/b><\/span><\/p>\n<p style=\"margin-bottom: .0001pt;\"><span style=\"line-height: 150%;\"><span style=\"line-height: 150%;\">\u2026\u2026\u2026\u2026\u2026\u2026\u2026\u2026\u2026\u2026\u2026\u2026\u2026\u2026\u2026\u2026\u2026\u2026\u2026\u2026\u2026\u2026\u2026\u2026\u2026\u2026\u2026\u2026\u2026\u2026\u2026\u2026\u2026\u2026\u2026\u2026\u2026\u2026\u2026\u2026\u2026\u2026\u2026\u2026\u2026\u2026\u2026\u2026\u2026\u2026\u2026\u2026\u2026\u2026\u2026\u2026\u2026\u2026\u2026\u2026\u2026\u2026 \u2026\u2026\u2026\u2026\u2026\u2026\u2026\u2026\u2026\u2026\u2026\u2026\u2026\u2026\u2026\u2026\u2026\u2026\u2026\u2026\u2026\u2026\u2026\u2026\u2026\u2026\u2026\u2026\u2026\u2026\u2026\u2026\u2026\u2026\u2026\u2026\u2026\u2026\u2026\u2026\u2026\u2026\u2026\u2026\u2026\u2026\u2026\u2026\u2026\u2026\u2026\u2026\u2026\u2026\u2026\u2026\u2026\u2026\u2026\u2026\u2026\u2026\u00a0<\/span><\/span><\/p>\n<p style=\"margin: 12.0pt 0cm .0001pt 0cm;\"><span style=\"line-height: 150%;\"><b><span style=\"line-height: 150%;\">Kas see piirang, mille leidsid eesnimede p\u00f5hjal, kehtib ka muudes s\u00f5nades, mis ei ole v\u00f5\u00f5r- ja h\u00fc\u00fcds\u00f5nad? Too oma vastuse kinnitamiseks 6 n\u00e4idet muudest s\u00f5nadest kui eesnimedest.<\/span><\/b><\/span><\/p>\n<p><span style=\"line-height: 115%;\">\u2026\u2026\u2026\u2026\u2026\u2026\u2026\u2026\u2026\u2026\u2026\u2026\u2026\u2026\u2026\u2026\u2026\u2026\u2026\u2026\u2026\u2026\u2026\u2026\u2026\u2026\u2026\u2026\u2026\u2026\u2026\u2026\u2026\u2026\u2026\u2026\u2026\u2026\u2026\u2026\u2026\u2026\u2026\u2026\u2026\u2026\u2026\u2026\u2026\u2026\u2026\u2026\u2026\u2026\u2026\u2026\u2026\u2026\u2026\u2026\u2026\u2026 \u2026\u2026\u2026\u2026\u2026\u2026\u2026\u2026\u2026\u2026\u2026\u2026\u2026\u2026\u2026\u2026\u2026\u2026\u2026\u2026\u2026\u2026\u2026\u2026\u2026\u2026\u2026\u2026\u2026\u2026\u2026\u2026\u2026\u2026\u2026\u2026\u2026\u2026\u2026\u2026\u2026\u2026\u2026\u2026\u2026\u2026\u2026\u2026\u2026\u2026\u2026\u2026\u2026\u2026\u2026\u2026\u2026\u2026\u2026\u2026\u2026\u2026\u00a0<\/span><\/p>\n<p><span style=\"line-height: 115%;\">2018<\/span><\/p>\n<p><span style=\"line-height: 115%;\">noorem<\/span><\/p>\n<p><span style=\"line-height: 115%;\">l\u00f5ppvoor<\/span><\/p>\n<p><a href=\"https:\/\/sisu.ut.ee\/keeleylesanded\/taishaalikud-nimedes-vastus\/\">Vastus<\/a><\/p>\n","protected":false},"excerpt":{"rendered":"<p>Eesti keeles on 9 t\u00e4ish\u00e4\u00e4likut. T\u00e4ish\u00e4\u00e4likute esinemisel s\u00f5nas (v.a v\u00f5\u00f5rs\u00f5nad ja h\u00fc\u00fcds\u00f5nad) on \u00fcks piirang. Uuri neid eesnimesid. Leia, kuidas t\u00e4ish\u00e4\u00e4likud eesnimedes esinevad ja milline piirang on nende esinemisel. S\u00f5nasta see piirang ja too selle kinnitamiseks 3 n\u00e4idet. (8 punkti) &#8230;<\/p>\n","protected":false},"author":185,"featured_media":0,"parent":0,"menu_order":0,"comment_status":"closed","ping_status":"closed","template":"","meta":{"_acf_changed":false,"inline_featured_image":false,"footnotes":""},"class_list":["post-444","page","type-page","status-publish","hentry"],"acf":[],"_links":{"self":[{"href":"https:\/\/sisu.ut.ee\/keeleylesanded\/wp-json\/wp\/v2\/pages\/444","targetHints":{"allow":["GET"]}}],"collection":[{"href":"https:\/\/sisu.ut.ee\/keeleylesanded\/wp-json\/wp\/v2\/pages"}],"about":[{"href":"https:\/\/sisu.ut.ee\/keeleylesanded\/wp-json\/wp\/v2\/types\/page"}],"author":[{"embeddable":true,"href":"https:\/\/sisu.ut.ee\/keeleylesanded\/wp-json\/wp\/v2\/users\/185"}],"replies":[{"embeddable":true,"href":"https:\/\/sisu.ut.ee\/keeleylesanded\/wp-json\/wp\/v2\/comments?post=444"}],"version-history":[{"count":2,"href":"https:\/\/sisu.ut.ee\/keeleylesanded\/wp-json\/wp\/v2\/pages\/444\/revisions"}],"predecessor-version":[{"id":1997,"href":"https:\/\/sisu.ut.ee\/keeleylesanded\/wp-json\/wp\/v2\/pages\/444\/revisions\/1997"}],"wp:attachment":[{"href":"https:\/\/sisu.ut.ee\/keeleylesanded\/wp-json\/wp\/v2\/media?parent=444"}],"curies":[{"name":"wp","href":"https:\/\/api.w.org\/{rel}","templated":true}]}}