{"id":441,"date":"2024-04-04T05:04:01","date_gmt":"2024-04-04T02:04:01","guid":{"rendered":"https:\/\/sisu.ut.ee\/keeleylesanded\/liit-terminites\/"},"modified":"2024-11-28T14:29:47","modified_gmt":"2024-11-28T12:29:47","slug":"liit-terminites","status":"publish","type":"page","link":"https:\/\/sisu.ut.ee\/keeleylesanded\/liit-terminites\/","title":{"rendered":"&#8216;liit&#8217; terminites"},"content":{"rendered":"<p><strong>S\u00f5nast\u00a0<em>liit<\/em>\u00a0on moodustatud eesti keelde hulk keeletermineid nii s\u00f5nade liitmise kui ka tuletamise abil.<\/strong><\/p>\n<p>Kirjuta tulpadesse eesti keele termineid, kus liits\u00f5na osana esineb s\u00f5na\u00a0<em>liit<\/em>\u00a0v\u00f5i kus\u00a0<em>liit<\/em>\u00a0on tuletusalus ehk t\u00fcvi.<\/p>\n<table class=\"table table-hover\" style=\"width: 100%;\" border=\"0\" cellspacing=\"1\" cellpadding=\"1\">\n<thead>\n<tr>\n<th scope=\"col\"><\/th>\n<th scope=\"col\">Liits\u00f5nad<\/th>\n<th scope=\"col\">Tuletised<\/th>\n<\/tr>\n<\/thead>\n<tbody>\n<tr>\n<td>1.<\/td>\n<td><\/td>\n<td><\/td>\n<\/tr>\n<tr>\n<td>2.<\/td>\n<td><\/td>\n<td><\/td>\n<\/tr>\n<tr>\n<td>3.<\/td>\n<td><\/td>\n<td><\/td>\n<\/tr>\n<tr>\n<td>4.<\/td>\n<td><\/td>\n<td><\/td>\n<\/tr>\n<tr>\n<td>5.<\/td>\n<td><\/td>\n<td><\/td>\n<\/tr>\n<\/tbody>\n<\/table>\n<p>2004<\/p>\n<p>noorem, keskmine, vanem<\/p>\n<p>l\u00f5ppvoor<\/p>\n<p><a href=\"https:\/\/sisu.ut.ee\/keeleylesanded\/liit-terminites-vastus\/\">Vastus<\/a><\/p>\n","protected":false},"excerpt":{"rendered":"<p>S\u00f5nast\u00a0liit\u00a0on moodustatud eesti keelde hulk keeletermineid nii s\u00f5nade liitmise kui ka tuletamise abil. Kirjuta tulpadesse eesti keele termineid, kus liits\u00f5na osana esineb s\u00f5na\u00a0liit\u00a0v\u00f5i kus\u00a0liit\u00a0on tuletusalus ehk t\u00fcvi. Liits\u00f5nad Tuletised 1. 2. 3. 4. 5. 2004 noorem, keskmine, vanem l\u00f5ppvoor Vastus<\/p>\n","protected":false},"author":185,"featured_media":0,"parent":0,"menu_order":0,"comment_status":"closed","ping_status":"closed","template":"","meta":{"_acf_changed":false,"inline_featured_image":false,"footnotes":""},"class_list":["post-441","page","type-page","status-publish","hentry"],"acf":[],"_links":{"self":[{"href":"https:\/\/sisu.ut.ee\/keeleylesanded\/wp-json\/wp\/v2\/pages\/441","targetHints":{"allow":["GET"]}}],"collection":[{"href":"https:\/\/sisu.ut.ee\/keeleylesanded\/wp-json\/wp\/v2\/pages"}],"about":[{"href":"https:\/\/sisu.ut.ee\/keeleylesanded\/wp-json\/wp\/v2\/types\/page"}],"author":[{"embeddable":true,"href":"https:\/\/sisu.ut.ee\/keeleylesanded\/wp-json\/wp\/v2\/users\/185"}],"replies":[{"embeddable":true,"href":"https:\/\/sisu.ut.ee\/keeleylesanded\/wp-json\/wp\/v2\/comments?post=441"}],"version-history":[{"count":2,"href":"https:\/\/sisu.ut.ee\/keeleylesanded\/wp-json\/wp\/v2\/pages\/441\/revisions"}],"predecessor-version":[{"id":1777,"href":"https:\/\/sisu.ut.ee\/keeleylesanded\/wp-json\/wp\/v2\/pages\/441\/revisions\/1777"}],"wp:attachment":[{"href":"https:\/\/sisu.ut.ee\/keeleylesanded\/wp-json\/wp\/v2\/media?parent=441"}],"curies":[{"name":"wp","href":"https:\/\/api.w.org\/{rel}","templated":true}]}}