{"id":438,"date":"2024-04-04T05:04:01","date_gmt":"2024-04-04T02:04:01","guid":{"rendered":"https:\/\/sisu.ut.ee\/keeleylesanded\/vanad-voorsonad-vastus\/"},"modified":"2024-11-29T13:41:32","modified_gmt":"2024-11-29T11:41:32","slug":"vanad-voorsonad-vastus","status":"publish","type":"page","link":"https:\/\/sisu.ut.ee\/keeleylesanded\/vanad-voorsonad-vastus\/","title":{"rendered":"Vanad v\u00f5\u00f5rs\u00f5nad. Vastus"},"content":{"rendered":"","protected":true},"excerpt":{"rendered":"","protected":true},"author":185,"featured_media":0,"parent":0,"menu_order":0,"comment_status":"closed","ping_status":"closed","template":"","meta":{"_acf_changed":false,"inline_featured_image":false,"footnotes":""},"class_list":["post-438","page","type-page","status-publish","post-password-required","hentry"],"acf":[],"_links":{"self":[{"href":"https:\/\/sisu.ut.ee\/keeleylesanded\/wp-json\/wp\/v2\/pages\/438","targetHints":{"allow":["GET"]}}],"collection":[{"href":"https:\/\/sisu.ut.ee\/keeleylesanded\/wp-json\/wp\/v2\/pages"}],"about":[{"href":"https:\/\/sisu.ut.ee\/keeleylesanded\/wp-json\/wp\/v2\/types\/page"}],"author":[{"embeddable":true,"href":"https:\/\/sisu.ut.ee\/keeleylesanded\/wp-json\/wp\/v2\/users\/185"}],"replies":[{"embeddable":true,"href":"https:\/\/sisu.ut.ee\/keeleylesanded\/wp-json\/wp\/v2\/comments?post=438"}],"version-history":[{"count":1,"href":"https:\/\/sisu.ut.ee\/keeleylesanded\/wp-json\/wp\/v2\/pages\/438\/revisions"}],"predecessor-version":[{"id":1296,"href":"https:\/\/sisu.ut.ee\/keeleylesanded\/wp-json\/wp\/v2\/pages\/438\/revisions\/1296"}],"wp:attachment":[{"href":"https:\/\/sisu.ut.ee\/keeleylesanded\/wp-json\/wp\/v2\/media?parent=438"}],"curies":[{"name":"wp","href":"https:\/\/api.w.org\/{rel}","templated":true}]}}