{"id":433,"date":"2024-04-04T05:04:00","date_gmt":"2024-04-04T02:04:00","guid":{"rendered":"https:\/\/sisu.ut.ee\/keeleylesanded\/euroopa-keeled-ii\/"},"modified":"2024-11-28T23:14:36","modified_gmt":"2024-11-28T21:14:36","slug":"euroopa-keeled-ii","status":"publish","type":"page","link":"https:\/\/sisu.ut.ee\/keeleylesanded\/euroopa-keeled-ii\/","title":{"rendered":"Euroopa keeled (II)"},"content":{"rendered":"<p><strong>Suurem osa Euroopa riikides kasutatavaid keeli kuulub indoeuroopa keelkonda. Millistesse indoeuroopa keeler\u00fchmadesse kuuluvad j\u00e4rgmised keeled ning millistes praegustes ja peatsetes Euroopa Liidu liikmesriikides neid keeli k\u00f5neldakse? (Number keele j\u00e4rel n\u00e4itab vastustes oodatavate riikide arvu.)<\/strong><\/p>\n<ul>\n<li>Keeled: baski (2), flaami (2), itaalia (1), katalaani (1), k\u00f5mri (1), leedu (1), l\u00e4ti (1), portugali (1), provansi (1), rootsi (2), saksa (2), t\u0161ehhi (1).<\/li>\n<li>Lisaks indoeuroopa keeltele on esitatud loendis ka \u00fcks isolaatkeel (s.o keel, millele ei ole leitud \u00fchtegi sugulast ei Euroopast ega mujalt). Mis keel see on ja millistes riikides seda r\u00e4\u00e4gitakse?<\/li>\n<\/ul>\n<table class=\"table table-hover\" style=\"width: 100%;\" border=\"0\" cellspacing=\"1\" cellpadding=\"1\">\n<thead>\n<tr>\n<th scope=\"row\">KEELER\u00dcHM<\/th>\n<th scope=\"col\">KEELED<\/th>\n<th scope=\"col\">RIIGID<\/th>\n<\/tr>\n<\/thead>\n<tbody>\n<tr>\n<th colspan=\"1\" rowspan=\"2\" scope=\"row\">Balti<\/th>\n<td>1.<\/td>\n<td><\/td>\n<\/tr>\n<tr>\n<td>2.<\/td>\n<td><\/td>\n<\/tr>\n<tr>\n<th colspan=\"1\" rowspan=\"3\" scope=\"row\">Germaani<\/th>\n<td>1.<\/td>\n<td><\/td>\n<\/tr>\n<tr>\n<td>2.<\/td>\n<td><\/td>\n<\/tr>\n<tr>\n<td>3.<\/td>\n<td><\/td>\n<\/tr>\n<tr>\n<th scope=\"row\">Keldi<\/th>\n<td>1.<\/td>\n<td><\/td>\n<\/tr>\n<tr>\n<th colspan=\"1\" rowspan=\"4\" scope=\"row\">Romaani<\/th>\n<td>1.<\/td>\n<td><\/td>\n<\/tr>\n<tr>\n<td>2.<\/td>\n<td><\/td>\n<\/tr>\n<tr>\n<td>3.<\/td>\n<td><\/td>\n<\/tr>\n<tr>\n<td>4.<\/td>\n<td><\/td>\n<\/tr>\n<tr>\n<th colspan=\"1\" rowspan=\"2\" scope=\"row\">Slaavi<\/th>\n<td>1.<\/td>\n<td><\/td>\n<\/tr>\n<tr>\n<td>2.<\/td>\n<td><\/td>\n<\/tr>\n<\/tbody>\n<\/table>\n<p>Isolaatkeel: \u2026\u2026\u2026\u2026\u2026\u2026\u2026\u2026\u2026\u2026\u2026\u2026\u2026\u2026\u2026\u2026.., selle leviala \u2026\u2026\u2026\u2026\u2026\u2026\u2026\u2026\u2026..<\/p>\n<p>2004<\/p>\n<p>vanem<\/p>\n<p>l\u00f5ppvoor<\/p>\n<p><a href=\"https:\/\/sisu.ut.ee\/keeleylesanded\/euroopa-keeled-ii-vastus\/\">Vastus<\/a><\/p>\n","protected":false},"excerpt":{"rendered":"<p>Suurem osa Euroopa riikides kasutatavaid keeli kuulub indoeuroopa keelkonda. Millistesse indoeuroopa keeler\u00fchmadesse kuuluvad j\u00e4rgmised keeled ning millistes praegustes ja peatsetes Euroopa Liidu liikmesriikides neid keeli k\u00f5neldakse? (Number keele j\u00e4rel n\u00e4itab vastustes oodatavate riikide arvu.) Keeled: baski (2), flaami (2), itaalia &#8230;<\/p>\n","protected":false},"author":185,"featured_media":0,"parent":0,"menu_order":0,"comment_status":"closed","ping_status":"closed","template":"","meta":{"_acf_changed":false,"inline_featured_image":false,"footnotes":""},"class_list":["post-433","page","type-page","status-publish","hentry"],"acf":[],"_links":{"self":[{"href":"https:\/\/sisu.ut.ee\/keeleylesanded\/wp-json\/wp\/v2\/pages\/433","targetHints":{"allow":["GET"]}}],"collection":[{"href":"https:\/\/sisu.ut.ee\/keeleylesanded\/wp-json\/wp\/v2\/pages"}],"about":[{"href":"https:\/\/sisu.ut.ee\/keeleylesanded\/wp-json\/wp\/v2\/types\/page"}],"author":[{"embeddable":true,"href":"https:\/\/sisu.ut.ee\/keeleylesanded\/wp-json\/wp\/v2\/users\/185"}],"replies":[{"embeddable":true,"href":"https:\/\/sisu.ut.ee\/keeleylesanded\/wp-json\/wp\/v2\/comments?post=433"}],"version-history":[{"count":3,"href":"https:\/\/sisu.ut.ee\/keeleylesanded\/wp-json\/wp\/v2\/pages\/433\/revisions"}],"predecessor-version":[{"id":1822,"href":"https:\/\/sisu.ut.ee\/keeleylesanded\/wp-json\/wp\/v2\/pages\/433\/revisions\/1822"}],"wp:attachment":[{"href":"https:\/\/sisu.ut.ee\/keeleylesanded\/wp-json\/wp\/v2\/media?parent=433"}],"curies":[{"name":"wp","href":"https:\/\/api.w.org\/{rel}","templated":true}]}}