{"id":432,"date":"2024-04-04T05:04:00","date_gmt":"2024-04-04T02:04:00","guid":{"rendered":"https:\/\/sisu.ut.ee\/keeleylesanded\/peenendus-0\/"},"modified":"2024-11-29T12:04:07","modified_gmt":"2024-11-29T10:04:07","slug":"peenendus-0","status":"publish","type":"page","link":"https:\/\/sisu.ut.ee\/keeleylesanded\/peenendus-0\/","title":{"rendered":"Peenendus"},"content":{"rendered":"<p>Eesti keele \u00f5igekirja aluseks on h\u00e4\u00e4ldusl\u00e4heduse p\u00f5him\u00f5te. \u00d5igekiri ei anna aga alati edasi h\u00e4\u00e4ldust. N\u00e4iteks ei m\u00e4rgita \u00f5igekirjas kaash\u00e4\u00e4likute palatalisatsiooni ehk peenendust.<\/p>\n<p>M\u00f5tle n\u00e4iteks nende s\u00f5nade h\u00e4\u00e4ldusele: <i>pall : palli, vann : vanni, mutt : muti, loss : lossi, mast : masti, pult : puldi. <\/i>Kaash\u00e4\u00e4likud <i>l, n, t, s<\/i> on i-t\u00fcvelistes s\u00f5nades peenendatud.<\/p>\n<p>On ka s\u00f5napaare, mille kirjapilt on samasugune, aga kaash\u00e4\u00e4liku peenendus eristab t\u00e4hendust. M\u00f5tle nt s\u00f5napaarile <i>palk : palga<\/i> ja <i>palk : palgi<\/i>, kus esimeses s\u00f5nas pole <i>l<\/i> peenendatud, aga teises s\u00f5nas on.<\/p>\n<p><b>Kirjuta 6 sellist s\u00f5napaari, kus peenendus muudab s\u00f5na t\u00e4hendust. Kirjuta igast s\u00f5nast omastav k\u00e4\u00e4ne ning kirjuta nende s\u00f5nade t\u00e4hendust avav lause. <\/b><\/p>\n<p>Nt <i>palk : palga, palk : palgi<\/i> \u00a0\u00a0 Ehitajad said palkmaja ehitamise eest k\u00f5rget palka.<\/p>\n<p>\u2022\u2026\u2026\u2026\u2026\u2026\u2026\u2026\u2026\u2026\u2026\u2026\u2026\u2026\u2026\u2026\u2026\u2026\u2026\u2026\u2026\u2026\u2026\u2026\u2026\u2026\u2026\u2026\u2026\u2026\u2026\u2026\u2026\u2026\u2026\u2026\u2026\u2026..<\/p>\n<p>\u2026\u2026\u2026\u2026\u2026\u2026\u2026\u2026\u2026\u2026\u2026\u2026\u2026\u2026\u2026\u2026\u2026\u2026\u2026\u2026\u2026\u2026\u2026\u2026\u2026\u2026\u2026\u2026\u2026\u2026\u2026\u2026\u2026\u2026\u2026\u2026\u2026..<\/p>\n<p>\u2022\u2026\u2026\u2026\u2026\u2026\u2026\u2026\u2026\u2026\u2026\u2026\u2026\u2026\u2026\u2026\u2026\u2026\u2026\u2026\u2026\u2026\u2026\u2026\u2026\u2026\u2026\u2026\u2026\u2026\u2026\u2026\u2026\u2026\u2026\u2026\u2026\u2026..<\/p>\n<p>\u2026\u2026\u2026\u2026\u2026\u2026\u2026\u2026\u2026\u2026\u2026\u2026\u2026\u2026\u2026\u2026\u2026\u2026\u2026\u2026\u2026\u2026\u2026\u2026\u2026\u2026\u2026\u2026\u2026\u2026\u2026\u2026\u2026\u2026\u2026\u2026\u2026..<\/p>\n<p>\u2022\u2026\u2026\u2026\u2026\u2026\u2026\u2026\u2026\u2026\u2026\u2026\u2026\u2026\u2026\u2026\u2026\u2026\u2026\u2026\u2026\u2026\u2026\u2026\u2026\u2026\u2026\u2026\u2026\u2026\u2026\u2026\u2026\u2026\u2026\u2026\u2026\u2026..<\/p>\n<p>\u2026\u2026\u2026\u2026\u2026\u2026\u2026\u2026\u2026\u2026\u2026\u2026\u2026\u2026\u2026\u2026\u2026\u2026\u2026\u2026\u2026\u2026\u2026\u2026\u2026\u2026\u2026\u2026\u2026\u2026\u2026\u2026\u2026\u2026\u2026\u2026\u2026..<\/p>\n<p>\u2022\u2026\u2026\u2026\u2026\u2026\u2026\u2026\u2026\u2026\u2026\u2026\u2026\u2026\u2026\u2026\u2026\u2026\u2026\u2026\u2026\u2026\u2026\u2026\u2026\u2026\u2026\u2026\u2026\u2026\u2026\u2026\u2026\u2026\u2026\u2026\u2026\u2026..<\/p>\n<p>\u2026\u2026\u2026\u2026\u2026\u2026\u2026\u2026\u2026\u2026\u2026\u2026\u2026\u2026\u2026\u2026\u2026\u2026\u2026\u2026\u2026\u2026\u2026\u2026\u2026\u2026\u2026\u2026\u2026\u2026\u2026\u2026\u2026\u2026\u2026\u2026\u2026..<\/p>\n<p>\u2022\u2026\u2026\u2026\u2026\u2026\u2026\u2026\u2026\u2026\u2026\u2026\u2026\u2026\u2026\u2026\u2026\u2026\u2026\u2026\u2026\u2026\u2026\u2026\u2026\u2026\u2026\u2026\u2026\u2026\u2026\u2026\u2026\u2026\u2026\u2026\u2026\u2026..<\/p>\n<p>\u2026\u2026\u2026\u2026\u2026\u2026\u2026\u2026\u2026\u2026\u2026\u2026\u2026\u2026\u2026\u2026\u2026\u2026\u2026\u2026\u2026\u2026\u2026\u2026\u2026\u2026\u2026\u2026\u2026\u2026\u2026\u2026\u2026\u2026\u2026\u2026\u2026..<\/p>\n<p>\u2022\u2026\u2026\u2026\u2026\u2026\u2026\u2026\u2026\u2026\u2026\u2026\u2026\u2026\u2026\u2026\u2026\u2026\u2026\u2026\u2026\u2026\u2026\u2026\u2026\u2026\u2026\u2026\u2026\u2026\u2026\u2026\u2026\u2026\u2026\u2026\u2026\u2026..<\/p>\n<p>\u2026\u2026\u2026\u2026\u2026\u2026\u2026\u2026\u2026\u2026\u2026\u2026\u2026\u2026\u2026\u2026\u2026\u2026\u2026\u2026\u2026\u2026\u2026\u2026\u2026\u2026\u2026\u2026\u2026\u2026\u2026\u2026\u2026\u2026\u2026\u2026\u2026..<\/p>\n<p>2018<\/p>\n<p>keskmine<\/p>\n<p>l\u00f5ppvoor<\/p>\n<p><a href=\"https:\/\/sisu.ut.ee\/keeleylesanded\/peenendus-vastus\/\">Vastus<\/a><\/p>\n","protected":false},"excerpt":{"rendered":"<p>Eesti keele \u00f5igekirja aluseks on h\u00e4\u00e4ldusl\u00e4heduse p\u00f5him\u00f5te. \u00d5igekiri ei anna aga alati edasi h\u00e4\u00e4ldust. N\u00e4iteks ei m\u00e4rgita \u00f5igekirjas kaash\u00e4\u00e4likute palatalisatsiooni ehk peenendust. M\u00f5tle n\u00e4iteks nende s\u00f5nade h\u00e4\u00e4ldusele: pall : palli, vann : vanni, mutt : muti, loss : lossi, mast &#8230;<\/p>\n","protected":false},"author":185,"featured_media":0,"parent":0,"menu_order":0,"comment_status":"closed","ping_status":"closed","template":"","meta":{"_acf_changed":false,"inline_featured_image":false,"footnotes":""},"class_list":["post-432","page","type-page","status-publish","hentry"],"acf":[],"_links":{"self":[{"href":"https:\/\/sisu.ut.ee\/keeleylesanded\/wp-json\/wp\/v2\/pages\/432","targetHints":{"allow":["GET"]}}],"collection":[{"href":"https:\/\/sisu.ut.ee\/keeleylesanded\/wp-json\/wp\/v2\/pages"}],"about":[{"href":"https:\/\/sisu.ut.ee\/keeleylesanded\/wp-json\/wp\/v2\/types\/page"}],"author":[{"embeddable":true,"href":"https:\/\/sisu.ut.ee\/keeleylesanded\/wp-json\/wp\/v2\/users\/185"}],"replies":[{"embeddable":true,"href":"https:\/\/sisu.ut.ee\/keeleylesanded\/wp-json\/wp\/v2\/comments?post=432"}],"version-history":[{"count":2,"href":"https:\/\/sisu.ut.ee\/keeleylesanded\/wp-json\/wp\/v2\/pages\/432\/revisions"}],"predecessor-version":[{"id":1932,"href":"https:\/\/sisu.ut.ee\/keeleylesanded\/wp-json\/wp\/v2\/pages\/432\/revisions\/1932"}],"wp:attachment":[{"href":"https:\/\/sisu.ut.ee\/keeleylesanded\/wp-json\/wp\/v2\/media?parent=432"}],"curies":[{"name":"wp","href":"https:\/\/api.w.org\/{rel}","templated":true}]}}