{"id":43,"date":"2024-04-04T05:03:24","date_gmt":"2024-04-04T02:03:24","guid":{"rendered":"https:\/\/sisu.ut.ee\/keeleylesanded\/varvinimetused\/"},"modified":"2024-04-04T05:07:28","modified_gmt":"2024-04-04T02:07:28","slug":"varvinimetused","status":"publish","type":"page","link":"https:\/\/sisu.ut.ee\/keeleylesanded\/varvinimetused\/","title":{"rendered":"V\u00e4rvinimetused"},"content":{"rendered":"<p style=\"margin-top:0cm;margin-right:0cm;margin-bottom:8.0pt;margin-left:0cm\">\n\t<b><span lang=\"EN-US\"><span style=\"color:black\">Asenda tekstis v\u00e4rvinimetustega kujundlikud v\u00e4ljendid neutraalsetega.<\/span><\/span><\/b>\n<\/p>\n<p style=\"margin-top:0cm;margin-right:0cm;margin-bottom:8.0pt;margin-left:0cm\">\n\t\u00a0\n<\/p>\n<p style=\"margin: 0cm 0cm 8pt;text-align: justify\">\n\t<span style=\"line-height:200%\"><span lang=\"EN-US\"><span style=\"color:black\">Kuigi kollane ajakirjandus tavatseb rohelise m\u00f5tteviisi esindajaid nimetada roosade prillidega\u00a0<\/span><\/span><\/span><span style=\"line-height:200%\"><span lang=\"FI\"><span style=\"color:black\">puukallistajateks, peab iga\u00fcks meist millalgi k\u00fcsima, mis on tema jaoks see punane joon, millest\u00a0<\/span><\/span><\/span><span style=\"line-height:200%\"><span lang=\"FI\"><span style=\"color:black\">keskkonna puhul enam \u00fcle astuda ei saa. <\/span><\/span><span lang=\"EN-US\"><span style=\"color:black\">Hallis argip\u00e4evas v\u00f5ivad alternatiivenergiad tunduda\u00a0<\/span><\/span><\/span><span style=\"line-height:200%\"><span lang=\"FI\"><span style=\"color:black\">ulmelise helesinise unistusena, aga peame t\u00f5dema, et pruuni kulda ei saa maap\u00f5uest l\u00f5putult\u00a0<\/span><\/span><\/span><span style=\"line-height:200%\"><span lang=\"EN-US\"><span style=\"color:black\">ammutada. Me ei tohiks fossiilk\u00fctustest s\u00f5ltumisega j\u00e4\u00e4da mustaks lambaks arenenud riikide seas.<\/span><\/span><\/span>\n<\/p>\n<p style=\"margin-top:0cm;margin-right:0cm;margin-bottom:8.0pt;margin-left:0cm\">\n\t\u00a0\n<\/p>\n<p style=\"margin-top:0cm;margin-right:0cm;margin-bottom:8.0pt;margin-left:0cm\">\n\t<b><span lang=\"FI\"><span style=\"color:black\">Kirjuta viis eesti keeles tavap\u00e4rast v\u00e4rvinimetust kasutavat piltlikku v\u00e4ljendit ja lisa t\u00e4hendus.<\/span><\/span><\/b>\n<\/p>\n<p style=\"margin-top:0cm;margin-right:0cm;margin-bottom:8.0pt;margin-left:0cm\">\n\t\u00a0\n<\/p>\n<p style=\"margin-top:0cm;margin-right:0cm;margin-bottom:8.0pt;margin-left:0cm\">\n\t2018\n<\/p>\n<p style=\"margin-top:0cm;margin-right:0cm;margin-bottom:8.0pt;margin-left:0cm\">\n\tkeskmine\n<\/p>\n<p style=\"margin-top:0cm;margin-right:0cm;margin-bottom:8.0pt;margin-left:0cm\">\n\tpiirkonnavoor\n<\/p>\n<p style=\"margin-top:0cm;margin-right:0cm;margin-bottom:8.0pt;margin-left:0cm\">\n\t\u00a0\n<\/p>\n<p>\u00a0<\/p>\n<p>\n\t\u00a0<\/p>\n","protected":false},"excerpt":{"rendered":"<p>Asenda tekstis v\u00e4rvinimetustega kujundlikud v\u00e4ljendid neutraalsetega. \u00a0 Kuigi kollane ajakirjandus tavatseb rohelise m\u00f5tteviisi esindajaid nimetada roosade prillidega\u00a0puukallistajateks, peab iga\u00fcks meist millalgi k\u00fcsima, mis on tema jaoks see punane joon, millest\u00a0keskkonna puhul enam \u00fcle astuda ei saa. Hallis argip\u00e4evas v\u00f5ivad alternatiivenergiad &#8230;<\/p>\n","protected":false},"author":185,"featured_media":0,"parent":0,"menu_order":0,"comment_status":"closed","ping_status":"closed","template":"","meta":{"_acf_changed":false,"inline_featured_image":false,"footnotes":""},"class_list":["post-43","page","type-page","status-publish","hentry"],"acf":[],"_links":{"self":[{"href":"https:\/\/sisu.ut.ee\/keeleylesanded\/wp-json\/wp\/v2\/pages\/43","targetHints":{"allow":["GET"]}}],"collection":[{"href":"https:\/\/sisu.ut.ee\/keeleylesanded\/wp-json\/wp\/v2\/pages"}],"about":[{"href":"https:\/\/sisu.ut.ee\/keeleylesanded\/wp-json\/wp\/v2\/types\/page"}],"author":[{"embeddable":true,"href":"https:\/\/sisu.ut.ee\/keeleylesanded\/wp-json\/wp\/v2\/users\/185"}],"replies":[{"embeddable":true,"href":"https:\/\/sisu.ut.ee\/keeleylesanded\/wp-json\/wp\/v2\/comments?post=43"}],"version-history":[{"count":1,"href":"https:\/\/sisu.ut.ee\/keeleylesanded\/wp-json\/wp\/v2\/pages\/43\/revisions"}],"predecessor-version":[{"id":1701,"href":"https:\/\/sisu.ut.ee\/keeleylesanded\/wp-json\/wp\/v2\/pages\/43\/revisions\/1701"}],"wp:attachment":[{"href":"https:\/\/sisu.ut.ee\/keeleylesanded\/wp-json\/wp\/v2\/media?parent=43"}],"curies":[{"name":"wp","href":"https:\/\/api.w.org\/{rel}","templated":true}]}}