{"id":428,"date":"2024-04-04T05:04:00","date_gmt":"2024-04-04T02:04:00","guid":{"rendered":"https:\/\/sisu.ut.ee\/keeleylesanded\/korrektne-kutse-0\/"},"modified":"2024-11-29T10:28:05","modified_gmt":"2024-11-29T08:28:05","slug":"korrektne-kutse-0","status":"publish","type":"page","link":"https:\/\/sisu.ut.ee\/keeleylesanded\/korrektne-kutse-0\/","title":{"rendered":"Korrektne kutse"},"content":{"rendered":"<p><b>Kirjuta korrektselt \u00fcmber j\u00e4rgmine kutse. <\/b><\/p>\n<p>Tere hea koost\u00f6\u00f6partner,<\/p>\n<p>oled palutud meie firma s\u00fcnnip\u00e4evale, mida peame seekord Naljap\u00e4eval, 01. aprillil 2018 aastal \u00e4sjaavatud taimetoidurestoranis \u201eLege vege\u201c.\u00a0Kuup\u00e4evale kohaselt j\u00e4rgneb s\u00f6\u00f6gile v\u00f5imas standupi \u0161\u00f5u Eesti parimate koomikute osalusel.<\/p>\n<p><b>Men\u00fc\u00fc<\/b><\/p>\n<p>Vietnami p\u00e4rased v\u00e4rsked kevadrullid marineeritud tofu, v\u00e4rviliste k\u00f6\u00f6giviljade ja satay kastmega<\/p>\n<p>V\u00fcrtsikad seene \u2013 t\u0161illipallid<\/p>\n<p>Magus chilline nuudlivokk, k\u00f6\u00f6giviljade ja ubadega<\/p>\n<p>Ratatouille<\/p>\n<p>Maap\u00e4hkli j\u00e4\u00e4tis tumeda shokolaadi kastmega<\/p>\n<p>Joogiks v\u00f5ib valida rabarbrilimpsi v\u00f5i eau d\u2019\u00dclemiste alias kraanivee, magustoidu k\u00f5rvale on tavap\u00e4rane kohvi v\u00f5i tee.<\/p>\n<p>Anna tulekust e-mailiga teada hiljemalt 25. M\u00e4rtsiks.<\/p>\n<p>Ootusrikkalt,<\/p>\n<p>Sinu AS Kilp ja Konn t\u00f6\u00f6tajad<\/p>\n<p>2018<\/p>\n<p>keskmine<\/p>\n<p>l\u00f5ppvoor<\/p>\n<p><a href=\"https:\/\/sisu.ut.ee\/keeleylesanded\/korrektne-kutse-vastus\/\">Vastus<\/a><\/p>\n","protected":false},"excerpt":{"rendered":"<p>Kirjuta korrektselt \u00fcmber j\u00e4rgmine kutse. Tere hea koost\u00f6\u00f6partner, oled palutud meie firma s\u00fcnnip\u00e4evale, mida peame seekord Naljap\u00e4eval, 01. aprillil 2018 aastal \u00e4sjaavatud taimetoidurestoranis \u201eLege vege\u201c.\u00a0Kuup\u00e4evale kohaselt j\u00e4rgneb s\u00f6\u00f6gile v\u00f5imas standupi \u0161\u00f5u Eesti parimate koomikute osalusel. Men\u00fc\u00fc Vietnami p\u00e4rased v\u00e4rsked kevadrullid &#8230;<\/p>\n","protected":false},"author":185,"featured_media":0,"parent":0,"menu_order":0,"comment_status":"closed","ping_status":"closed","template":"","meta":{"_acf_changed":false,"inline_featured_image":false,"footnotes":""},"class_list":["post-428","page","type-page","status-publish","hentry"],"acf":[],"_links":{"self":[{"href":"https:\/\/sisu.ut.ee\/keeleylesanded\/wp-json\/wp\/v2\/pages\/428","targetHints":{"allow":["GET"]}}],"collection":[{"href":"https:\/\/sisu.ut.ee\/keeleylesanded\/wp-json\/wp\/v2\/pages"}],"about":[{"href":"https:\/\/sisu.ut.ee\/keeleylesanded\/wp-json\/wp\/v2\/types\/page"}],"author":[{"embeddable":true,"href":"https:\/\/sisu.ut.ee\/keeleylesanded\/wp-json\/wp\/v2\/users\/185"}],"replies":[{"embeddable":true,"href":"https:\/\/sisu.ut.ee\/keeleylesanded\/wp-json\/wp\/v2\/comments?post=428"}],"version-history":[{"count":2,"href":"https:\/\/sisu.ut.ee\/keeleylesanded\/wp-json\/wp\/v2\/pages\/428\/revisions"}],"predecessor-version":[{"id":1871,"href":"https:\/\/sisu.ut.ee\/keeleylesanded\/wp-json\/wp\/v2\/pages\/428\/revisions\/1871"}],"wp:attachment":[{"href":"https:\/\/sisu.ut.ee\/keeleylesanded\/wp-json\/wp\/v2\/media?parent=428"}],"curies":[{"name":"wp","href":"https:\/\/api.w.org\/{rel}","templated":true}]}}