{"id":425,"date":"2024-04-04T05:04:00","date_gmt":"2024-04-04T02:04:00","guid":{"rendered":"https:\/\/sisu.ut.ee\/keeleylesanded\/leia-tegusonale-sunonuum\/"},"modified":"2024-11-29T10:39:33","modified_gmt":"2024-11-29T08:39:33","slug":"leia-tegusonale-sunonuum","status":"publish","type":"page","link":"https:\/\/sisu.ut.ee\/keeleylesanded\/leia-tegusonale-sunonuum\/","title":{"rendered":"Leia tegus\u00f5nale s\u00fcnon\u00fc\u00fcm"},"content":{"rendered":"<p style=\"text-align: justify;\"><strong>Kirjuta tekstist v\u00e4lja tegus\u00f5nad ja leia neile sobivad s\u00fcnon\u00fc\u00fcmid.<\/strong><\/p>\n<p style=\"text-align: justify;\">\n<\/p><p style=\"text-align: justify;\">P\u00e4ike t\u00f5usnud, \u00fcritasime ka ise \u00e4rgata, aga ega see kergeks osutunud. Kui jalad all, traavisime s\u00f6\u00f6kla poole, et enne rongi ivake toekamaks saada.<\/p>\n<p style=\"text-align: justify;\">\n<\/p><table class=\"table table-hover\" style=\"width: 100%;\" border=\"0\" cellspacing=\"1\" cellpadding=\"1\">\n<thead>\n<tr>\n<th scope=\"col\">tegus\u00f5na<\/th>\n<th scope=\"col\">s\u00fcnon\u00fc\u00fcm<\/th>\n<\/tr>\n<\/thead>\n<tbody>\n<tr>\n<td><\/td>\n<td><\/td>\n<\/tr>\n<tr>\n<td><\/td>\n<td><\/td>\n<\/tr>\n<tr>\n<td><\/td>\n<td><\/td>\n<\/tr>\n<tr>\n<td><\/td>\n<td><\/td>\n<\/tr>\n<tr>\n<td><\/td>\n<td><\/td>\n<\/tr>\n<tr>\n<td><\/td>\n<td><\/td>\n<\/tr>\n<\/tbody>\n<\/table>\n<p>2002<\/p>\n<p>noorem<\/p>\n<p>piirkonnavoor<\/p>\n<p><a href=\"https:\/\/sisu.ut.ee\/keeleylesanded\/leia-tegusonale-sunonuum-vastus\/\">Vastus<\/a><\/p>\n","protected":false},"excerpt":{"rendered":"<p>Kirjuta tekstist v\u00e4lja tegus\u00f5nad ja leia neile sobivad s\u00fcnon\u00fc\u00fcmid. P\u00e4ike t\u00f5usnud, \u00fcritasime ka ise \u00e4rgata, aga ega see kergeks osutunud. Kui jalad all, traavisime s\u00f6\u00f6kla poole, et enne rongi ivake toekamaks saada. tegus\u00f5na s\u00fcnon\u00fc\u00fcm 2002 noorem piirkonnavoor Vastus<\/p>\n","protected":false},"author":185,"featured_media":0,"parent":0,"menu_order":0,"comment_status":"closed","ping_status":"closed","template":"","meta":{"_acf_changed":false,"inline_featured_image":false,"footnotes":""},"class_list":["post-425","page","type-page","status-publish","hentry"],"acf":[],"_links":{"self":[{"href":"https:\/\/sisu.ut.ee\/keeleylesanded\/wp-json\/wp\/v2\/pages\/425","targetHints":{"allow":["GET"]}}],"collection":[{"href":"https:\/\/sisu.ut.ee\/keeleylesanded\/wp-json\/wp\/v2\/pages"}],"about":[{"href":"https:\/\/sisu.ut.ee\/keeleylesanded\/wp-json\/wp\/v2\/types\/page"}],"author":[{"embeddable":true,"href":"https:\/\/sisu.ut.ee\/keeleylesanded\/wp-json\/wp\/v2\/users\/185"}],"replies":[{"embeddable":true,"href":"https:\/\/sisu.ut.ee\/keeleylesanded\/wp-json\/wp\/v2\/comments?post=425"}],"version-history":[{"count":2,"href":"https:\/\/sisu.ut.ee\/keeleylesanded\/wp-json\/wp\/v2\/pages\/425\/revisions"}],"predecessor-version":[{"id":1885,"href":"https:\/\/sisu.ut.ee\/keeleylesanded\/wp-json\/wp\/v2\/pages\/425\/revisions\/1885"}],"wp:attachment":[{"href":"https:\/\/sisu.ut.ee\/keeleylesanded\/wp-json\/wp\/v2\/media?parent=425"}],"curies":[{"name":"wp","href":"https:\/\/api.w.org\/{rel}","templated":true}]}}