{"id":416,"date":"2024-04-04T05:03:59","date_gmt":"2024-04-04T02:03:59","guid":{"rendered":"https:\/\/sisu.ut.ee\/keeleylesanded\/vanem-vanuseaste-11-12-klass-0\/"},"modified":"2024-04-04T05:07:03","modified_gmt":"2024-04-04T02:07:03","slug":"vanem-vanuseaste-11-12-klass-0","status":"publish","type":"page","link":"https:\/\/sisu.ut.ee\/keeleylesanded\/vanem-vanuseaste-11-12-klass-0\/","title":{"rendered":"Vanem vanuseaste (11.-12. klass)"},"content":{"rendered":"<p>Vanemas astmes on m\u00f5istagi k\u00f5ige keerulisemad \u00fclesanded, aga nii piirkonna- kui ka l\u00f5ppvoorudes on olnud seesuguseid, mis on keskmise vanuseastmega \u00fchised.<\/p>\n","protected":false},"excerpt":{"rendered":"<p>Vanemas astmes on m\u00f5istagi k\u00f5ige keerulisemad \u00fclesanded, aga nii piirkonna- kui ka l\u00f5ppvoorudes on olnud seesuguseid, mis on keskmise vanuseastmega \u00fchised.<\/p>\n","protected":false},"author":185,"featured_media":0,"parent":0,"menu_order":0,"comment_status":"closed","ping_status":"closed","template":"","meta":{"_acf_changed":false,"inline_featured_image":false,"footnotes":""},"class_list":["post-416","page","type-page","status-publish","hentry"],"acf":[],"_links":{"self":[{"href":"https:\/\/sisu.ut.ee\/keeleylesanded\/wp-json\/wp\/v2\/pages\/416","targetHints":{"allow":["GET"]}}],"collection":[{"href":"https:\/\/sisu.ut.ee\/keeleylesanded\/wp-json\/wp\/v2\/pages"}],"about":[{"href":"https:\/\/sisu.ut.ee\/keeleylesanded\/wp-json\/wp\/v2\/types\/page"}],"author":[{"embeddable":true,"href":"https:\/\/sisu.ut.ee\/keeleylesanded\/wp-json\/wp\/v2\/users\/185"}],"replies":[{"embeddable":true,"href":"https:\/\/sisu.ut.ee\/keeleylesanded\/wp-json\/wp\/v2\/comments?post=416"}],"version-history":[{"count":1,"href":"https:\/\/sisu.ut.ee\/keeleylesanded\/wp-json\/wp\/v2\/pages\/416\/revisions"}],"predecessor-version":[{"id":1318,"href":"https:\/\/sisu.ut.ee\/keeleylesanded\/wp-json\/wp\/v2\/pages\/416\/revisions\/1318"}],"wp:attachment":[{"href":"https:\/\/sisu.ut.ee\/keeleylesanded\/wp-json\/wp\/v2\/media?parent=416"}],"curies":[{"name":"wp","href":"https:\/\/api.w.org\/{rel}","templated":true}]}}