{"id":410,"date":"2024-04-04T05:03:58","date_gmt":"2024-04-04T02:03:58","guid":{"rendered":"https:\/\/sisu.ut.ee\/keeleylesanded\/loe-tabelit\/"},"modified":"2024-11-29T10:41:35","modified_gmt":"2024-11-29T08:41:35","slug":"loe-tabelit","status":"publish","type":"page","link":"https:\/\/sisu.ut.ee\/keeleylesanded\/loe-tabelit\/","title":{"rendered":"Loe tabelit"},"content":{"rendered":"<p><b>Vali tabeli j\u00e4relt \u00f5iged vastusevariandid.<\/b><\/p>\n<p><b>T\u00d6\u00d6TUD HARIDUSE J\u00c4RGI<\/b><\/p>\n<table class=\"table table-hover\" style=\"width: 100%;\" border=\"0\" cellspacing=\"1\" cellpadding=\"1\">\n<thead>\n<tr>\n<th scope=\"row\"><\/th>\n<th colspan=\"2\" rowspan=\"1\" scope=\"col\">2000<\/th>\n<th colspan=\"2\" rowspan=\"1\" scope=\"col\">2001<\/th>\n<\/tr>\n<\/thead>\n<tbody>\n<tr>\n<th style=\"text-align: left;\" scope=\"row\">p\u00f5hiharidus<\/th>\n<td>2046<\/td>\n<td>15,7%<\/td>\n<td>2304<\/td>\n<td>15,2%<\/td>\n<\/tr>\n<tr>\n<th style=\"text-align: left;\" scope=\"row\">keskharidus<\/th>\n<td>5320<\/td>\n<td>40,9%<\/td>\n<td>6546<\/td>\n<td>43,2%<\/td>\n<\/tr>\n<tr>\n<th style=\"text-align: left;\" scope=\"row\">keskeriharidus<\/th>\n<td>3864<\/td>\n<td>29,7%<\/td>\n<td>4212<\/td>\n<td>27,8%<\/td>\n<\/tr>\n<tr>\n<th style=\"text-align: left;\" scope=\"row\">k\u00f5rgharidus<\/th>\n<td>1778<\/td>\n<td>13,7%<\/td>\n<td>2086<\/td>\n<td>13,8%<\/td>\n<\/tr>\n<tr>\n<th style=\"text-align: left;\" scope=\"row\">kokku<\/th>\n<td>13007<\/td>\n<td>100%<\/td>\n<td>15418<\/td>\n<td>100%<\/td>\n<\/tr>\n<\/tbody>\n<\/table>\n<p>1. Millise haridustasemega t\u00f6\u00f6tute inimeste hulk oli 2001. aastal 1,9 % v\u00e4iksem kui 2000. aastal?<\/p>\n<p>A. p\u00f5hiharidus<\/p>\n<p>B. keskeriharidus<\/p>\n<p>C. k\u00f5rgharidus<\/p>\n<p>2. Millise haridusega t\u00f6\u00f6tute osakaal on aastaga k\u00f5ige v\u00e4hem muutunud?<\/p>\n<p>a. p\u00f5hiharidus<\/p>\n<p>B. keskharidus<\/p>\n<p>c. k\u00f5rgharidus<\/p>\n<p>2002<\/p>\n<p>noorem<\/p>\n<p>piirkonnavoor<\/p>\n<p><a href=\"https:\/\/sisu.ut.ee\/keeleylesanded\/loe-tabelit-vastus\/\">Vastus<\/a><\/p>\n","protected":false},"excerpt":{"rendered":"<p>Vali tabeli j\u00e4relt \u00f5iged vastusevariandid. T\u00d6\u00d6TUD HARIDUSE J\u00c4RGI 2000 2001 p\u00f5hiharidus 2046 15,7% 2304 15,2% keskharidus 5320 40,9% 6546 43,2% keskeriharidus 3864 29,7% 4212 27,8% k\u00f5rgharidus 1778 13,7% 2086 13,8% kokku 13007 100% 15418 100% 1. Millise haridustasemega t\u00f6\u00f6tute inimeste &#8230;<\/p>\n","protected":false},"author":185,"featured_media":0,"parent":0,"menu_order":0,"comment_status":"closed","ping_status":"closed","template":"","meta":{"_acf_changed":false,"inline_featured_image":false,"footnotes":""},"class_list":["post-410","page","type-page","status-publish","hentry"],"acf":[],"_links":{"self":[{"href":"https:\/\/sisu.ut.ee\/keeleylesanded\/wp-json\/wp\/v2\/pages\/410","targetHints":{"allow":["GET"]}}],"collection":[{"href":"https:\/\/sisu.ut.ee\/keeleylesanded\/wp-json\/wp\/v2\/pages"}],"about":[{"href":"https:\/\/sisu.ut.ee\/keeleylesanded\/wp-json\/wp\/v2\/types\/page"}],"author":[{"embeddable":true,"href":"https:\/\/sisu.ut.ee\/keeleylesanded\/wp-json\/wp\/v2\/users\/185"}],"replies":[{"embeddable":true,"href":"https:\/\/sisu.ut.ee\/keeleylesanded\/wp-json\/wp\/v2\/comments?post=410"}],"version-history":[{"count":2,"href":"https:\/\/sisu.ut.ee\/keeleylesanded\/wp-json\/wp\/v2\/pages\/410\/revisions"}],"predecessor-version":[{"id":1888,"href":"https:\/\/sisu.ut.ee\/keeleylesanded\/wp-json\/wp\/v2\/pages\/410\/revisions\/1888"}],"wp:attachment":[{"href":"https:\/\/sisu.ut.ee\/keeleylesanded\/wp-json\/wp\/v2\/media?parent=410"}],"curies":[{"name":"wp","href":"https:\/\/api.w.org\/{rel}","templated":true}]}}