{"id":401,"date":"2024-04-04T05:03:58","date_gmt":"2024-04-04T02:03:58","guid":{"rendered":"https:\/\/sisu.ut.ee\/keeleylesanded\/uued-laensonad\/"},"modified":"2024-11-29T13:26:20","modified_gmt":"2024-11-29T11:26:20","slug":"uued-laensonad","status":"publish","type":"page","link":"https:\/\/sisu.ut.ee\/keeleylesanded\/uued-laensonad\/","title":{"rendered":"Uued &#8220;laens\u00f5nad&#8221; (II)"},"content":{"rendered":"<div><strong>Eesti keel on pidevalt vastu v\u00f5tnud kontaktkeelte kaudu tulnud uusi laens\u00f5nu. On m\u00f5ned s\u00f5nat\u00fc\u00fcbid, kuhu sellised laens\u00f5nad sobituvad, nt k\u00e4\u00e4nds\u00f5nadel on sellised koi-, elu-, pere-, \u00f5pik- ja riik-t\u00fc\u00fcp (t\u00fc\u00fcps\u00f5nad on antud 2013. a oigekeelsussonaraamatu j\u00e4rgi).<\/strong><\/div>\n<div><strong>Otsusta, missugusesse t\u00fc\u00fcpi v\u00f5iksid kuuluda uued \u201elaens\u00f5nad\u201c <em>drents<\/em>, <em>farafl\u00fc\u00fc<\/em>, <em>gardeelo<\/em>, <em>jadi<\/em>, <em>dopper<\/em>, <em>renkaal<\/em>, <em>glee<\/em>, <em>lenariino<\/em>, <em>kreebal<\/em>, <em>dubi<\/em>. Jaota s\u00f5nad t\u00fc\u00fcpide vahel (igasse t\u00fc\u00fcpi kuulub v\u00f5rdne hulk s\u00f5nu).<\/strong><\/div>\n<div><\/div>\n<div>\n<table class=\"table table-hover\" style=\"width: 500px;\" border=\"1\" cellspacing=\"1\" cellpadding=\"1\">\n<tbody>\n<tr>\n<td><strong>koi<\/strong><\/td>\n<td><strong>elu<\/strong><\/td>\n<td><b>pere<\/b><\/td>\n<td><strong>\u00f5pik<\/strong><\/td>\n<td><strong>riik<\/strong><\/td>\n<\/tr>\n<tr>\n<td><\/td>\n<td><\/td>\n<td><\/td>\n<td><\/td>\n<td><\/td>\n<\/tr>\n<\/tbody>\n<\/table>\n<\/div>\n<div>Nimeta kolm tunnust, mille p\u00f5hjal s\u00f5nade muutt\u00fc\u00fcpi kuulumise \u00fcle otsustasid.<\/div>\n<div>1) \u2026\u2026\u2026\u2026\u2026\u2026\u2026\u2026\u2026\u2026\u2026\u2026\u2026\u2026\u2026\u2026\u2026\u2026\u2026\u2026\u2026\u2026\u2026\u2026\u2026\u2026\u2026\u2026\u2026\u2026\u2026\u2026\u2026\u2026<\/div>\n<div>2) \u2026\u2026\u2026\u2026\u2026\u2026\u2026\u2026\u2026\u2026\u2026\u2026\u2026\u2026\u2026\u2026\u2026\u2026\u2026\u2026\u2026\u2026\u2026\u2026\u2026\u2026\u2026\u2026\u2026\u2026\u2026\u2026\u2026\u2026<\/div>\n<div>3) \u2026\u2026\u2026\u2026\u2026\u2026\u2026\u2026\u2026\u2026\u2026\u2026\u2026\u2026\u2026\u2026\u2026\u2026\u2026\u2026\u2026\u2026\u2026\u2026\u2026\u2026\u2026\u2026\u2026\u2026\u2026\u2026\u2026\u2026<\/div>\n<div><\/div>\n<div>2018<\/div>\n<div>keskmine, vanem<\/div>\n<div>l\u00f5ppvoor<\/div>\n<div><\/div>\n<div><a href=\"https:\/\/sisu.ut.ee\/keeleylesanded\/uued-laensonad-vastus\/\">Vastus<\/a><\/div>\n","protected":false},"excerpt":{"rendered":"<p>Eesti keel on pidevalt vastu v\u00f5tnud kontaktkeelte kaudu tulnud uusi laens\u00f5nu. On m\u00f5ned s\u00f5nat\u00fc\u00fcbid, kuhu sellised laens\u00f5nad sobituvad, nt k\u00e4\u00e4nds\u00f5nadel on sellised koi-, elu-, pere-, \u00f5pik- ja riik-t\u00fc\u00fcp (t\u00fc\u00fcps\u00f5nad on antud 2013. a oigekeelsussonaraamatu j\u00e4rgi). Otsusta, missugusesse t\u00fc\u00fcpi v\u00f5iksid kuuluda &#8230;<\/p>\n","protected":false},"author":185,"featured_media":0,"parent":0,"menu_order":0,"comment_status":"closed","ping_status":"closed","template":"","meta":{"_acf_changed":false,"inline_featured_image":false,"footnotes":""},"class_list":["post-401","page","type-page","status-publish","hentry"],"acf":[],"_links":{"self":[{"href":"https:\/\/sisu.ut.ee\/keeleylesanded\/wp-json\/wp\/v2\/pages\/401","targetHints":{"allow":["GET"]}}],"collection":[{"href":"https:\/\/sisu.ut.ee\/keeleylesanded\/wp-json\/wp\/v2\/pages"}],"about":[{"href":"https:\/\/sisu.ut.ee\/keeleylesanded\/wp-json\/wp\/v2\/types\/page"}],"author":[{"embeddable":true,"href":"https:\/\/sisu.ut.ee\/keeleylesanded\/wp-json\/wp\/v2\/users\/185"}],"replies":[{"embeddable":true,"href":"https:\/\/sisu.ut.ee\/keeleylesanded\/wp-json\/wp\/v2\/comments?post=401"}],"version-history":[{"count":2,"href":"https:\/\/sisu.ut.ee\/keeleylesanded\/wp-json\/wp\/v2\/pages\/401\/revisions"}],"predecessor-version":[{"id":2032,"href":"https:\/\/sisu.ut.ee\/keeleylesanded\/wp-json\/wp\/v2\/pages\/401\/revisions\/2032"}],"wp:attachment":[{"href":"https:\/\/sisu.ut.ee\/keeleylesanded\/wp-json\/wp\/v2\/media?parent=401"}],"curies":[{"name":"wp","href":"https:\/\/api.w.org\/{rel}","templated":true}]}}