{"id":400,"date":"2024-04-04T05:03:57","date_gmt":"2024-04-04T02:03:57","guid":{"rendered":"https:\/\/sisu.ut.ee\/keeleylesanded\/kaandelopud-murretes-vastus\/"},"modified":"2024-11-28T23:37:26","modified_gmt":"2024-11-28T21:37:26","slug":"kaandelopud-murretes-vastus","status":"publish","type":"page","link":"https:\/\/sisu.ut.ee\/keeleylesanded\/kaandelopud-murretes-vastus\/","title":{"rendered":"K\u00e4\u00e4ndel\u00f5pud murretes. Vastus"},"content":{"rendered":"","protected":true},"excerpt":{"rendered":"","protected":true},"author":185,"featured_media":0,"parent":0,"menu_order":0,"comment_status":"closed","ping_status":"closed","template":"","meta":{"_acf_changed":false,"inline_featured_image":false,"footnotes":""},"class_list":["post-400","page","type-page","status-publish","post-password-required","hentry"],"acf":[],"_links":{"self":[{"href":"https:\/\/sisu.ut.ee\/keeleylesanded\/wp-json\/wp\/v2\/pages\/400","targetHints":{"allow":["GET"]}}],"collection":[{"href":"https:\/\/sisu.ut.ee\/keeleylesanded\/wp-json\/wp\/v2\/pages"}],"about":[{"href":"https:\/\/sisu.ut.ee\/keeleylesanded\/wp-json\/wp\/v2\/types\/page"}],"author":[{"embeddable":true,"href":"https:\/\/sisu.ut.ee\/keeleylesanded\/wp-json\/wp\/v2\/users\/185"}],"replies":[{"embeddable":true,"href":"https:\/\/sisu.ut.ee\/keeleylesanded\/wp-json\/wp\/v2\/comments?post=400"}],"version-history":[{"count":1,"href":"https:\/\/sisu.ut.ee\/keeleylesanded\/wp-json\/wp\/v2\/pages\/400\/revisions"}],"predecessor-version":[{"id":1346,"href":"https:\/\/sisu.ut.ee\/keeleylesanded\/wp-json\/wp\/v2\/pages\/400\/revisions\/1346"}],"wp:attachment":[{"href":"https:\/\/sisu.ut.ee\/keeleylesanded\/wp-json\/wp\/v2\/media?parent=400"}],"curies":[{"name":"wp","href":"https:\/\/api.w.org\/{rel}","templated":true}]}}