{"id":40,"date":"2024-04-04T05:03:24","date_gmt":"2024-04-04T02:03:24","guid":{"rendered":"https:\/\/sisu.ut.ee\/keeleylesanded\/paronuumid-i-0\/"},"modified":"2024-11-29T12:00:18","modified_gmt":"2024-11-29T10:00:18","slug":"paronuumid-i-0","status":"publish","type":"page","link":"https:\/\/sisu.ut.ee\/keeleylesanded\/paronuumid-i-0\/","title":{"rendered":"Paron\u00fc\u00fcmid I"},"content":{"rendered":"<p><b>Paron\u00fc\u00fcmid on k\u00f5lalt sarnased, nt erineva t\u00e4hendusega s\u00f5nad. Kirjuta punktjoonele paron\u00fc\u00fcm, mille t\u00e4hendus \u00fchtib numbri j\u00e4rel oleva seletusega. Valida saab punktjoone all esitatud paron\u00fc\u00fcmivariantide vahel.<\/b><\/p>\n<p>1) m\u00f5nikord \u2026\u2026\u2026\u2026\u2026\u2026\u2026\u2026\u2026\u2026\u2026\u2026..<\/p>\n<p style=\"margin-left: 106.2pt;\">vahel, vahest<\/p>\n<p>2) mitte kedagi eelistav \u2026\u2026\u2026\u2026\u2026\u2026\u2026\u2026\u2026\u2026\u2026\u2026..<\/p>\n<p style=\"margin-left: 106.2pt;\">erapooletu, erapoolik<\/p>\n<p>3) k\u00e4te abil kasutama \u2026\u2026\u2026\u2026\u2026\u2026\u2026\u2026\u2026\u2026\u2026\u2026..<\/p>\n<p style=\"margin-left: 106.2pt;\">k\u00e4sitlema, k\u00e4sitsema, k\u00e4sitama<\/p>\n<p>4) ligikaudne \u2026\u2026\u2026\u2026\u2026\u2026\u2026\u2026\u2026\u2026\u2026\u2026..<\/p>\n<p style=\"margin-left: 106.2pt;\">orienteeruv, orienteeriv<\/p>\n<p>5) ehitamise tulemus \u2026\u2026\u2026\u2026\u2026\u2026\u2026\u2026\u2026\u2026\u2026\u2026..<\/p>\n<p style=\"margin-left: 106.2pt;\">ehitus, ehitis<\/p>\n<p>6) j\u00e4rgmisena \u2026\u2026\u2026\u2026\u2026\u2026\u2026\u2026\u2026\u2026\u2026\u2026..<\/p>\n<p style=\"margin-left: 106.2pt;\">j\u00e4rgmiselt, j\u00e4rgnevalt<\/p>\n<p>7) mingit ala elanikega t\u00e4itma \u2026\u2026\u2026\u2026\u2026\u2026\u2026\u2026\u2026\u2026\u2026\u2026..<\/p>\n<p style=\"margin-left: 106.2pt;\">asustama, asutama<\/p>\n<p>8) harukordne. \u2026\u2026\u2026\u2026\u2026\u2026\u2026\u2026\u2026\u2026\u2026\u2026.<\/p>\n<p style=\"margin-left: 106.2pt;\">erakordne, erakorraline<\/p>\n<p>9) eriomadus \u2026\u2026\u2026\u2026\u2026\u2026\u2026\u2026\u2026\u2026\u2026\u2026..<\/p>\n<p style=\"margin-left: 106.2pt;\">erisus, erinevus<\/p>\n<p>10) reeglite v\u00f5i \u00f5petuste kogu \u2026\u2026\u2026\u2026\u2026\u2026\u2026\u2026\u2026\u2026\u2026\u2026..<\/p>\n<p style=\"margin-left: 106.2pt;\">juhend, juhis<\/p>\n<p style=\"margin-left: 106.2pt;\">\n<\/p><p>2010<\/p>\n<p>noorem<\/p>\n<p>piirkonnavoor<\/p>\n<p><a href=\"https:\/\/sisu.ut.ee\/keeleylesanded\/paronuumid-i-vastus\/\">Vastus<\/a><\/p>\n","protected":false},"excerpt":{"rendered":"<p>Paron\u00fc\u00fcmid on k\u00f5lalt sarnased, nt erineva t\u00e4hendusega s\u00f5nad. Kirjuta punktjoonele paron\u00fc\u00fcm, mille t\u00e4hendus \u00fchtib numbri j\u00e4rel oleva seletusega. Valida saab punktjoone all esitatud paron\u00fc\u00fcmivariantide vahel. 1) m\u00f5nikord \u2026\u2026\u2026\u2026\u2026\u2026\u2026\u2026\u2026\u2026\u2026\u2026.. vahel, vahest 2) mitte kedagi eelistav \u2026\u2026\u2026\u2026\u2026\u2026\u2026\u2026\u2026\u2026\u2026\u2026.. erapooletu, erapoolik 3) k\u00e4te abil &#8230;<\/p>\n","protected":false},"author":185,"featured_media":0,"parent":0,"menu_order":0,"comment_status":"closed","ping_status":"closed","template":"","meta":{"_acf_changed":false,"inline_featured_image":false,"footnotes":""},"class_list":["post-40","page","type-page","status-publish","hentry"],"acf":[],"_links":{"self":[{"href":"https:\/\/sisu.ut.ee\/keeleylesanded\/wp-json\/wp\/v2\/pages\/40","targetHints":{"allow":["GET"]}}],"collection":[{"href":"https:\/\/sisu.ut.ee\/keeleylesanded\/wp-json\/wp\/v2\/pages"}],"about":[{"href":"https:\/\/sisu.ut.ee\/keeleylesanded\/wp-json\/wp\/v2\/types\/page"}],"author":[{"embeddable":true,"href":"https:\/\/sisu.ut.ee\/keeleylesanded\/wp-json\/wp\/v2\/users\/185"}],"replies":[{"embeddable":true,"href":"https:\/\/sisu.ut.ee\/keeleylesanded\/wp-json\/wp\/v2\/comments?post=40"}],"version-history":[{"count":2,"href":"https:\/\/sisu.ut.ee\/keeleylesanded\/wp-json\/wp\/v2\/pages\/40\/revisions"}],"predecessor-version":[{"id":1928,"href":"https:\/\/sisu.ut.ee\/keeleylesanded\/wp-json\/wp\/v2\/pages\/40\/revisions\/1928"}],"wp:attachment":[{"href":"https:\/\/sisu.ut.ee\/keeleylesanded\/wp-json\/wp\/v2\/media?parent=40"}],"curies":[{"name":"wp","href":"https:\/\/api.w.org\/{rel}","templated":true}]}}