{"id":396,"date":"2024-04-04T05:03:57","date_gmt":"2024-04-04T02:03:57","guid":{"rendered":"https:\/\/sisu.ut.ee\/keeleylesanded\/eesti-keel-ja-euroopa-liit\/"},"modified":"2024-11-28T21:09:38","modified_gmt":"2024-11-28T19:09:38","slug":"eesti-keel-ja-euroopa-liit","status":"publish","type":"page","link":"https:\/\/sisu.ut.ee\/keeleylesanded\/eesti-keel-ja-euroopa-liit\/","title":{"rendered":"Eesti keel ja Euroopa Liit"},"content":{"rendered":"<ol>\n<li style=\"text-align: justify;\">Euroopa Liidu dokumentides esineb tihti s\u00f5na <em>meede<\/em>. Kes on selle s\u00f5na autor ning millist eesti kirjanikku v\u00f5ib nimetada selle ristiisaks?<\/li>\n<li style=\"text-align: justify;\">Mitu ametlikku keelt on Euroopa Liidus ja kas eesti keel kuulub nende hulka?<\/li>\n<li style=\"text-align: justify;\">Euroopa Liidu m\u00e4\u00e4rused on Eesti kodanike suhtes <em>otsekohalduvad<\/em>. Mida see s\u00f5na t\u00e4hendab?<\/li>\n<li style=\"text-align: justify;\">Mis aastal loodi eesti keelde s\u00f5na\u00fchend <em>\u00fchenduse \u00f5igustik<\/em>?<\/li>\n<li style=\"text-align: justify;\">Milles seisneb Euroopa Liidu mitmekeelsuse p\u00f5him\u00f5te?<\/li>\n<\/ol>\n<p><a href=\"https:\/\/sisu.ut.ee\/keeleylesanded\/eesti-keel-ja-euroopa-liit-vastus\/\">Vastus<\/a><\/p>\n","protected":false},"excerpt":{"rendered":"<p>Euroopa Liidu dokumentides esineb tihti s\u00f5na meede. Kes on selle s\u00f5na autor ning millist eesti kirjanikku v\u00f5ib nimetada selle ristiisaks? Mitu ametlikku keelt on Euroopa Liidus ja kas eesti keel kuulub nende hulka? Euroopa Liidu m\u00e4\u00e4rused on Eesti kodanike suhtes &#8230;<\/p>\n","protected":false},"author":185,"featured_media":0,"parent":0,"menu_order":0,"comment_status":"closed","ping_status":"closed","template":"","meta":{"_acf_changed":false,"inline_featured_image":false,"footnotes":""},"class_list":["post-396","page","type-page","status-publish","hentry"],"acf":[],"_links":{"self":[{"href":"https:\/\/sisu.ut.ee\/keeleylesanded\/wp-json\/wp\/v2\/pages\/396","targetHints":{"allow":["GET"]}}],"collection":[{"href":"https:\/\/sisu.ut.ee\/keeleylesanded\/wp-json\/wp\/v2\/pages"}],"about":[{"href":"https:\/\/sisu.ut.ee\/keeleylesanded\/wp-json\/wp\/v2\/types\/page"}],"author":[{"embeddable":true,"href":"https:\/\/sisu.ut.ee\/keeleylesanded\/wp-json\/wp\/v2\/users\/185"}],"replies":[{"embeddable":true,"href":"https:\/\/sisu.ut.ee\/keeleylesanded\/wp-json\/wp\/v2\/comments?post=396"}],"version-history":[{"count":2,"href":"https:\/\/sisu.ut.ee\/keeleylesanded\/wp-json\/wp\/v2\/pages\/396\/revisions"}],"predecessor-version":[{"id":1808,"href":"https:\/\/sisu.ut.ee\/keeleylesanded\/wp-json\/wp\/v2\/pages\/396\/revisions\/1808"}],"wp:attachment":[{"href":"https:\/\/sisu.ut.ee\/keeleylesanded\/wp-json\/wp\/v2\/media?parent=396"}],"curies":[{"name":"wp","href":"https:\/\/api.w.org\/{rel}","templated":true}]}}