{"id":388,"date":"2024-04-04T05:03:56","date_gmt":"2024-04-04T02:03:56","guid":{"rendered":"https:\/\/sisu.ut.ee\/keeleylesanded\/tort-sona-asemel\/"},"modified":"2024-11-29T13:06:02","modified_gmt":"2024-11-29T11:06:02","slug":"tort-sona-asemel","status":"publish","type":"page","link":"https:\/\/sisu.ut.ee\/keeleylesanded\/tort-sona-asemel\/","title":{"rendered":"Tort s\u00f5na asemel"},"content":{"rendered":"<p style=\"text-align: justify;\"><strong>K\u00f5ikides j\u00e4rgnevates lausetes on \u00fcks v\u00f5\u00f5rs\u00f5na asendatud teise, t\u00e4pselt samamoodi k\u00e4\u00e4nuva s\u00f5naga. Mis s\u00f5na on lausetest v\u00e4lja v\u00f5etud? Taasta laused nii, et kirjutad punktiirjoonele algup\u00e4rase s\u00f5na n\u00f5utud v\u00f5rmis.<\/strong><\/p>\n<table class=\"table table-hover\" style=\"width: 100%;\" border=\"0\" cellspacing=\"1\" cellpadding=\"1\">\n<tbody>\n<tr>\n<td>Isegi ajalehes kirjutati sellest\u00a0<strong>tordist.<\/strong><\/td>\n<td>\u2026\u2026\u2026\u2026\u2026\u2026\u2026\u2026\u2026\u2026\u2026\u2026\u2026\u2026\u2026\u2026\u2026.<\/td>\n<\/tr>\n<tr>\n<td>Seekord oli kultuurimajas mingi\u00a0<strong>tort.<\/strong><\/td>\n<td>\u2026\u2026\u2026\u2026\u2026\u2026\u2026\u2026\u2026\u2026\u2026\u2026\u2026\u2026\u2026\u2026\u2026<\/td>\n<\/tr>\n<tr>\n<td>\u201cIlmselt tasuta\u00a0<strong>tort<\/strong>,\u201d m\u00f5tles ta.<\/td>\n<td>\u2026\u2026\u2026\u2026\u2026\u2026\u2026\u2026\u2026\u2026\u2026\u2026\u2026\u2026\u2026\u2026\u2026<\/td>\n<\/tr>\n<tr>\n<td>Nagu oleks ta viibinud t\u00f5esti\u00a0<strong>tordil.<\/strong><\/td>\n<td>\u2026\u2026\u2026\u2026\u2026\u2026\u2026\u2026\u2026\u2026\u2026\u2026\u2026\u2026\u2026\u2026\u2026<\/td>\n<\/tr>\n<tr>\n<td>Esimene plaaton Bachi \u201cBrandenburgi\u00a0<strong>tordid<\/strong>\u201c<\/td>\n<td>\u2026\u2026\u2026\u2026\u2026\u2026\u2026\u2026\u2026\u2026\u2026\u2026\u2026\u2026\u2026\u2026\u2026<\/td>\n<\/tr>\n<tr>\n<td>Ta lubas mind p\u00e4rast\u00a0<strong>torti\u00a0<\/strong>P\u00fcssirohukeldrisse kutsuda ja oma bussiga Tallinna viia.<\/td>\n<td>\u2026\u2026\u2026\u2026\u2026\u2026\u2026\u2026\u2026\u2026\u2026\u2026\u2026\u2026\u2026\u2026\u2026<\/td>\n<\/tr>\n<tr>\n<td>Pidime enne\u00a0<strong>torti\u00a0<\/strong>tema poissmeheelamises kokku saama.<\/td>\n<td>\u2026\u2026\u2026\u2026\u2026\u2026\u2026\u2026\u2026\u2026\u2026\u2026\u2026\u2026\u2026\u2026\u2026<\/td>\n<\/tr>\n<tr>\n<td>Noorena olin ma suur muusikaarmastaja ja k\u00e4isin hoolega\u00a0<strong>tortidel.<\/strong><\/td>\n<td>\u2026\u2026\u2026\u2026\u2026\u2026\u2026\u2026\u2026\u2026\u2026\u2026\u2026\u2026\u2026\u2026\u2026<\/td>\n<\/tr>\n<tr>\n<td>Sellega loodame kiiresti korvata\u00a0<strong>tordi<\/strong>\u00a0kahjumi<\/td>\n<td>\u2026\u2026\u2026\u2026\u2026\u2026\u2026\u2026\u2026\u2026\u2026\u2026\u2026\u2026\u2026\u2026\u2026<\/td>\n<\/tr>\n<tr>\n<td>Mida ta tegi v\u00e4ljaspool\u00a0<strong>torte<\/strong>?<\/td>\n<td>\u2026\u2026\u2026\u2026\u2026\u2026\u2026\u2026\u2026\u2026\u2026\u2026\u2026\u2026\u2026\u2026\u2026<\/td>\n<\/tr>\n<\/tbody>\n<\/table>\n<p>2008<\/p>\n<p>vanem<\/p>\n<p>l\u00f5ppvoor<\/p>\n<p><a href=\"https:\/\/sisu.ut.ee\/keeleylesanded\/tort-sona-asemel-vastus\/\">Vastus<\/a><\/p>\n","protected":false},"excerpt":{"rendered":"<p>K\u00f5ikides j\u00e4rgnevates lausetes on \u00fcks v\u00f5\u00f5rs\u00f5na asendatud teise, t\u00e4pselt samamoodi k\u00e4\u00e4nuva s\u00f5naga. Mis s\u00f5na on lausetest v\u00e4lja v\u00f5etud? Taasta laused nii, et kirjutad punktiirjoonele algup\u00e4rase s\u00f5na n\u00f5utud v\u00f5rmis. Isegi ajalehes kirjutati sellest\u00a0tordist. \u2026\u2026\u2026\u2026\u2026\u2026\u2026\u2026\u2026\u2026\u2026\u2026\u2026\u2026\u2026\u2026\u2026. Seekord oli kultuurimajas mingi\u00a0tort. \u2026\u2026\u2026\u2026\u2026\u2026\u2026\u2026\u2026\u2026\u2026\u2026\u2026\u2026\u2026\u2026\u2026 \u201cIlmselt tasuta\u00a0tort,\u201d &#8230;<\/p>\n","protected":false},"author":185,"featured_media":0,"parent":0,"menu_order":0,"comment_status":"closed","ping_status":"closed","template":"","meta":{"_acf_changed":false,"inline_featured_image":false,"footnotes":""},"class_list":["post-388","page","type-page","status-publish","hentry"],"acf":[],"_links":{"self":[{"href":"https:\/\/sisu.ut.ee\/keeleylesanded\/wp-json\/wp\/v2\/pages\/388","targetHints":{"allow":["GET"]}}],"collection":[{"href":"https:\/\/sisu.ut.ee\/keeleylesanded\/wp-json\/wp\/v2\/pages"}],"about":[{"href":"https:\/\/sisu.ut.ee\/keeleylesanded\/wp-json\/wp\/v2\/types\/page"}],"author":[{"embeddable":true,"href":"https:\/\/sisu.ut.ee\/keeleylesanded\/wp-json\/wp\/v2\/users\/185"}],"replies":[{"embeddable":true,"href":"https:\/\/sisu.ut.ee\/keeleylesanded\/wp-json\/wp\/v2\/comments?post=388"}],"version-history":[{"count":2,"href":"https:\/\/sisu.ut.ee\/keeleylesanded\/wp-json\/wp\/v2\/pages\/388\/revisions"}],"predecessor-version":[{"id":2005,"href":"https:\/\/sisu.ut.ee\/keeleylesanded\/wp-json\/wp\/v2\/pages\/388\/revisions\/2005"}],"wp:attachment":[{"href":"https:\/\/sisu.ut.ee\/keeleylesanded\/wp-json\/wp\/v2\/media?parent=388"}],"curies":[{"name":"wp","href":"https:\/\/api.w.org\/{rel}","templated":true}]}}