{"id":387,"date":"2024-04-04T05:03:56","date_gmt":"2024-04-04T02:03:56","guid":{"rendered":"https:\/\/sisu.ut.ee\/keeleylesanded\/tegevusverbid-0\/"},"modified":"2024-11-29T13:01:06","modified_gmt":"2024-11-29T11:01:06","slug":"tegevusverbid-0","status":"publish","type":"page","link":"https:\/\/sisu.ut.ee\/keeleylesanded\/tegevusverbid-0\/","title":{"rendered":"Tegevusverbid"},"content":{"rendered":"<p><b>Tutvu j\u00e4rgnevate tegevusverbide kirjeldusega ja paiguta sellest l\u00e4htuvalt 20 esitatud verbi \u00f5igesse tulpa.<\/b><\/p>\n<p><b>Kontinuatiiv<\/b> on verb, mis v\u00e4ljendab kestvat, p\u00fcsivat tegevust.<\/p>\n<p><b>Momentaan<\/b> on verb, mis v\u00e4ljendab \u00fchekordset v\u00f5i hetkelist tegevust. Tuletusaluseks on peamiselt onomatopoeetilised ja deskriptiivsed verbid.<\/p>\n<p><b>Frekventatiiv<\/b> on verb, mis kirjeldab korduvaid v\u00f5i pideva olemusliku kordumise t\u00f5ttu j\u00e4tkuva iseloomuga tegevusi ja protsesse.<\/p>\n<p><b>Enesekohane<\/b> verb ehk <b>refleksiiv<\/b> m\u00e4rgib selliseid protsesse, mis toimuvad v\u00e4liste tegurite m\u00f5jul spontaanselt v\u00f5i mille puhul tegija p\u00f5hjustab muutuse iseendale.<\/p>\n<p>VERBID: lendlema, sulguma, nuuksuma, nokitsema, vilkuma, podisema, t\u00f5mblema, sulpsatama, k\u00f6hatama, riietuma, tegutsema, peatuma, kiljatama, aurustuma, p\u00f5rkuma, v\u00e4lgatama, muretsema, vaatlema, h\u00fcplema, m\u00f6iratama<\/p>\n<table class=\"table table-hover\" border=\"1\" cellspacing=\"1\" cellpadding=\"1\">\n<tbody>\n<tr>\n<td><strong>Kontinuatiivid<\/strong><\/td>\n<td><strong>Momentaanid<\/strong><\/td>\n<td><strong>Frekventatiivid<\/strong><\/td>\n<td><strong>Refleksiivid<\/strong><\/td>\n<\/tr>\n<tr>\n<td><\/td>\n<td><\/td>\n<td><\/td>\n<td><\/td>\n<\/tr>\n<\/tbody>\n<\/table>\n<p>2018<\/p>\n<p>vanem<\/p>\n<p>l\u00f5ppvoor<\/p>\n<p><a href=\"https:\/\/sisu.ut.ee\/keeleylesanded\/tegevusverbid-vastus-0\/\">Vastus<\/a><\/p>\n","protected":false},"excerpt":{"rendered":"<p>Tutvu j\u00e4rgnevate tegevusverbide kirjeldusega ja paiguta sellest l\u00e4htuvalt 20 esitatud verbi \u00f5igesse tulpa. Kontinuatiiv on verb, mis v\u00e4ljendab kestvat, p\u00fcsivat tegevust. Momentaan on verb, mis v\u00e4ljendab \u00fchekordset v\u00f5i hetkelist tegevust. Tuletusaluseks on peamiselt onomatopoeetilised ja deskriptiivsed verbid. Frekventatiiv on verb, &#8230;<\/p>\n","protected":false},"author":185,"featured_media":0,"parent":0,"menu_order":0,"comment_status":"closed","ping_status":"closed","template":"","meta":{"_acf_changed":false,"inline_featured_image":false,"footnotes":""},"class_list":["post-387","page","type-page","status-publish","hentry"],"acf":[],"_links":{"self":[{"href":"https:\/\/sisu.ut.ee\/keeleylesanded\/wp-json\/wp\/v2\/pages\/387","targetHints":{"allow":["GET"]}}],"collection":[{"href":"https:\/\/sisu.ut.ee\/keeleylesanded\/wp-json\/wp\/v2\/pages"}],"about":[{"href":"https:\/\/sisu.ut.ee\/keeleylesanded\/wp-json\/wp\/v2\/types\/page"}],"author":[{"embeddable":true,"href":"https:\/\/sisu.ut.ee\/keeleylesanded\/wp-json\/wp\/v2\/users\/185"}],"replies":[{"embeddable":true,"href":"https:\/\/sisu.ut.ee\/keeleylesanded\/wp-json\/wp\/v2\/comments?post=387"}],"version-history":[{"count":2,"href":"https:\/\/sisu.ut.ee\/keeleylesanded\/wp-json\/wp\/v2\/pages\/387\/revisions"}],"predecessor-version":[{"id":1999,"href":"https:\/\/sisu.ut.ee\/keeleylesanded\/wp-json\/wp\/v2\/pages\/387\/revisions\/1999"}],"wp:attachment":[{"href":"https:\/\/sisu.ut.ee\/keeleylesanded\/wp-json\/wp\/v2\/media?parent=387"}],"curies":[{"name":"wp","href":"https:\/\/api.w.org\/{rel}","templated":true}]}}