{"id":386,"date":"2024-04-04T05:03:56","date_gmt":"2024-04-04T02:03:56","guid":{"rendered":"https:\/\/sisu.ut.ee\/keeleylesanded\/oigekeelsussonaraamat\/"},"modified":"2024-11-29T11:51:34","modified_gmt":"2024-11-29T09:51:34","slug":"oigekeelsussonaraamat","status":"publish","type":"page","link":"https:\/\/sisu.ut.ee\/keeleylesanded\/oigekeelsussonaraamat\/","title":{"rendered":"\u00d5igekeelsuss\u00f5naraamat"},"content":{"rendered":"<ol>\n<li style=\"text-align: justify;\">2018. aastal m\u00f6\u00f6dus sada aastat \u201eEesti keele \u00f5igekirjutuse-s\u00f5naraamatu\u201d ilmumisest. Koostatud ja ilmunud on nii suuremaid kui ka v\u00e4iksemaid \u00d5Se (nt ka \u201e\u00d5pilase \u00d5S\u201d 2004). Mitu \u00d5Si on Eestis \u00fcldse ilmunud? Vastusevariandid: a) 13, b) 27<\/li>\n<li style=\"text-align: justify;\">Pikka aega on valitsenud kaht t\u00fc\u00fcpi \u00fchekeelsed s\u00f5naraamatud: \u00d5S ja v\u00f5\u00f5rs\u00f5nastik (esimene v\u00f5\u00f5rs\u00f5nade leksikon ilmus Eestis 1930\u20131931). Praeguseks on valmis mitmek\u00f6iteline seletuss\u00f5naraamat, ilmunud on v\u00e4ike murdes\u00f5nastik ja vihikute kaupa ilmub suur, on mitu et\u00fcmoloogia- ja s\u00fcnon\u00fc\u00fcmis\u00f5nastikku, anton\u00fc\u00fcmis\u00f5nastik, v\u00e4ike vormis\u00f5nastik ja mahukas m\u00f5isteline s\u00f5naraamat. Mille poolest erineb \u00d5S teistest \u00fchekeelsetest s\u00f5naraamatutest?<\/li>\n<li style=\"text-align: justify;\">K\u00f5ik \u00d5Si s\u00f5nad ei ole \u00f5iged. Looksulgudes on esitatud levinud kirjapildid ja v\u00e4ljendusv\u00f5imalused, mille eest kasutajat hoiatatakse. Mis ajast selline soovitusv\u00f5te p\u00e4rineb?<\/li>\n<li style=\"text-align: justify;\">\n<div>J\u00e4rgmised ajakirjandusest nopitud laused on kirjutatud kantseliitlikus stiilis. Leidke \u00d5Si abiga korrektsesse kirjakeelde sobivam s\u00f5nastus ja m\u00e4rkige, millist s\u00f5naartiklit kasutasite.<\/div>\n<ul>\n<li style=\"text-align: justify;\">\n<div><em>Tallinna ringteel leidis aset kolme auto kokkup\u00f5rge. <\/em><\/div>\n<\/li>\n<li style=\"text-align: justify;\">\n<div><em>Lisaeelarvega seonduvaid probleeme lahati mitu tundi. <\/em><\/div>\n<\/li>\n<li style=\"text-align: justify;\">\n<div><em>Valla spordiobjektid on rahaootel. <\/em><\/div>\n<\/li>\n<li style=\"text-align: justify;\">\n<div><em>M\u00f5nel pool on mesilaste pidamise pinnal tekkinud pinged naabritega. <\/em><\/div>\n<\/li>\n<li style=\"text-align: justify;\">\n<div><em>Milliseid arenguid ootate alanud aastal?<\/em><\/div>\n<\/li>\n<\/ul>\n<\/li>\n<li style=\"text-align: justify;\">2006. aastast on paber-\u00d5Si k\u00f5rval olnud veebi\u00d5S, kus saab m\u00e4rks\u00f5na t\u00fc\u00fcbinumbrit kl\u00f5psates kohe k\u00e4tte vastava t\u00fc\u00fcps\u00f5na p\u00f5hivormid, s\u00f5nu ja s\u00f5naosi otsida nii kogu s\u00f5naraamatu ulatuses kui ka kindlatelt v\u00e4ljadelt. Otsige 2006. aasta \u00d5Si veebiversioonist, mitmes s\u00f5naartiklis esineb s\u00f5na \u201es\u00f5ber\u201d, olgu omaette v\u00f5i ka liits\u00f5na p\u00f5his\u00f5nana.<\/li>\n<\/ol>\n<p style=\"text-align: justify;\"><a href=\"https:\/\/sisu.ut.ee\/keeleylesanded\/oigekeelsussonaraamat-vastus\/\">Vastus<\/a><\/p>\n","protected":false},"excerpt":{"rendered":"<p>2018. aastal m\u00f6\u00f6dus sada aastat \u201eEesti keele \u00f5igekirjutuse-s\u00f5naraamatu\u201d ilmumisest. Koostatud ja ilmunud on nii suuremaid kui ka v\u00e4iksemaid \u00d5Se (nt ka \u201e\u00d5pilase \u00d5S\u201d 2004). Mitu \u00d5Si on Eestis \u00fcldse ilmunud? Vastusevariandid: a) 13, b) 27 Pikka aega on valitsenud kaht &#8230;<\/p>\n","protected":false},"author":185,"featured_media":0,"parent":0,"menu_order":0,"comment_status":"closed","ping_status":"closed","template":"","meta":{"_acf_changed":false,"inline_featured_image":false,"footnotes":""},"class_list":["post-386","page","type-page","status-publish","hentry"],"acf":[],"_links":{"self":[{"href":"https:\/\/sisu.ut.ee\/keeleylesanded\/wp-json\/wp\/v2\/pages\/386","targetHints":{"allow":["GET"]}}],"collection":[{"href":"https:\/\/sisu.ut.ee\/keeleylesanded\/wp-json\/wp\/v2\/pages"}],"about":[{"href":"https:\/\/sisu.ut.ee\/keeleylesanded\/wp-json\/wp\/v2\/types\/page"}],"author":[{"embeddable":true,"href":"https:\/\/sisu.ut.ee\/keeleylesanded\/wp-json\/wp\/v2\/users\/185"}],"replies":[{"embeddable":true,"href":"https:\/\/sisu.ut.ee\/keeleylesanded\/wp-json\/wp\/v2\/comments?post=386"}],"version-history":[{"count":2,"href":"https:\/\/sisu.ut.ee\/keeleylesanded\/wp-json\/wp\/v2\/pages\/386\/revisions"}],"predecessor-version":[{"id":1917,"href":"https:\/\/sisu.ut.ee\/keeleylesanded\/wp-json\/wp\/v2\/pages\/386\/revisions\/1917"}],"wp:attachment":[{"href":"https:\/\/sisu.ut.ee\/keeleylesanded\/wp-json\/wp\/v2\/media?parent=386"}],"curies":[{"name":"wp","href":"https:\/\/api.w.org\/{rel}","templated":true}]}}