{"id":371,"date":"2024-04-04T05:03:55","date_gmt":"2024-04-04T02:03:55","guid":{"rendered":"https:\/\/sisu.ut.ee\/keeleylesanded\/lunklik-tekst\/"},"modified":"2024-11-29T10:42:50","modified_gmt":"2024-11-29T08:42:50","slug":"lunklik-tekst","status":"publish","type":"page","link":"https:\/\/sisu.ut.ee\/keeleylesanded\/lunklik-tekst\/","title":{"rendered":"L\u00fcnklik tekst"},"content":{"rendered":"<p style=\"text-align: justify;\"><strong>Leia parempoolsest tulbast l\u00fcnkadesse sobivad s\u00f5nad ja t\u00e4ida nendega l\u00fcngad. S\u00f5nu v\u00f5id k\u00e4\u00e4nata ja p\u00f6\u00f6rata. Neli s\u00f5na j\u00e4\u00e4b \u00fcle, tee nendega laused.<\/strong><\/p>\n<table class=\"table table-hover\" style=\"width: 100%;\" border=\"1\" cellspacing=\"1\" cellpadding=\"1\">\n<tbody>\n<tr>\n<td>\n<p style=\"text-align: justify;\">L\u00e4inud n\u00e4dala uudistest on k\u00f5igil juba tead, mida taevast langevad lume- ja j\u00e4\u00e4kamakad autodega teha suudavad.<\/p>\n<p style=\"text-align: justify;\">Eile p\u00e4rastl\u00f5unal sai Tartu \u00dclikooli Kliinikumi avalike suhete juht Kristi Tael siiski \u2026\u2026\u2026\u2026\u2026\u2026\u2026\u2026\u2026\u2026\u2026\u2026., et katustelt langevad koormad ei ole Tartus kedagi vigastanud ja ka libeduse ohvreid pole tavalisest talvep\u00e4evast enam.<\/p>\n<p style=\"text-align: justify;\">Tartu \u2026\u2026\u2026\u2026\u2026\u2026\u2026\u2026\u2026\u2026\u2026\u2026\u2026\u2026.. teenistuse juhi kohuseid t\u00e4itev Margus Oks tunnistas eile, et linna k\u00e4ed j\u00e4\u00e4vada variseva lume ja hoiatusm\u00e4rkide kuste teed otsivate linlaste abistamisel l\u00fchikeseks. Ametnikud k\u00e4ivad k\u00fcll regulaarselt kontrollimas ja eriti siis, kui heakorratelefonile 1789 \u2026\u2026\u2026\u2026\u2026\u2026\u2026\u2026\u2026\u2026.. anda.<\/p>\n<p style=\"text-align: justify;\">Kui katusel varitseb ohtlik lume\u2026\u2026\u2026\u2026\u2026\u2026\u2026\u2026\u2026\u2026.. v\u00f5i on k\u00f5nniteel liikumine muidu keeruline, juhivad teenistuse t\u00f6\u00f6tajad sellele omanike t\u00e4helepanu. Kui omanik seepeale tegutsema ei hakka, v\u00f5ib j\u00e4rgneda trahv.<\/p>\n<p style=\"text-align: justify;\">Oks \u00fctles, et paraku ei ole linnal v\u00f5imalust ise hoiatavaid m\u00e4rke v\u00e4lja panna ega teiste omanike katustele lund \u2026\u2026\u2026\u2026\u2026\u2026\u2026\u2026\u2026\u2026\u2026\u2026.. minna.<\/p>\n<p style=\"text-align: justify;\">Oks leidis, et kui hoiatavad tokid on v\u00e4ljas, siis on selles m\u00f5ttes h\u00e4sti, et omanik teab, ja k\u00fcllap olukord peagi laheneb. Hullem on lugu siis, kui lihtsalt hakkab \u2026\u2026\u2026\u2026\u2026\u2026\u2026\u2026\u2026\u2026\u2026\u2026\u2026 r\u00e4\u00e4stast alla sadama.<\/p>\n<p style=\"text-align: justify;\">Tartu abilinnapea Margus Hanson \u00fctles, et loodetavasti teevad maja\u2026\u2026\u2026\u2026\u2026\u2026\u2026\u2026 k\u00f5ik selleks, et v\u00f5imalikult pea oleks \u2026\u2026\u2026\u2026\u2026\u2026\u2026\u2026\u2026\u2026\u2026 nii oht kui ka tokid, mis on pandud v\u00e4lja inimeste tervise huvides. Ta lisas, et loodetavasti ka authojuhid m\u00f5istavad, kui jalak\u00e4ija on sunnitud s\u00f5iduteel k\u00f5ndima, ja v\u00e4hendavad kiirust.<\/p>\n<p style=\"text-align: justify;\">Hanson \u2026\u2026\u2026\u2026\u2026\u2026\u2026\u2026\u2026\u2026\u2026\u2026\u2026\u2026\u2026\u2026, et linnal t\u00f5esti pole v\u00f5imalust appi minna katuseid puhastama, see on omaniku vastutus. Tema soovitus oli alati \u2026\u2026\u2026\u2026\u2026\u2026\u2026\u2026\u2026\u2026\u2026\u2026\u2026\u2026\u2026., et ohtu pole. Ta tunnistas, et on ka ise murelikult r\u00e4\u00e4staid uurinud ja eile autot parkideski \u00fcritas turvalisemat kohta valida.<\/p>\n<\/td>\n<td>\n<p style=\"text-align: justify;\"><em>menetlus<\/em><\/p>\n<p style=\"text-align: justify;\"><em>likvideerima<\/em><\/p>\n<p style=\"text-align: justify;\"><em>lasu<\/em><\/p>\n<p style=\"text-align: justify;\"><em>varmas<\/em><\/p>\n<p style=\"text-align: justify;\"><em>rookima<\/em><\/p>\n<p style=\"text-align: justify;\"><em>valdaja<\/em><\/p>\n<p style=\"text-align: justify;\"><em>m\u00f6\u00f6nma<\/em><\/p>\n<p style=\"text-align: justify;\"><em>vihje<\/em><\/p>\n<p style=\"text-align: justify;\"><em>reageerima<\/em><\/p>\n<p style=\"text-align: justify;\"><em>raporteerima<\/em><\/p>\n<p style=\"text-align: justify;\"><em>lahmakas<\/em><\/p>\n<p style=\"text-align: justify;\"><em>turvis<\/em><\/p>\n<p style=\"text-align: justify;\"><em>veenduma<\/em><\/p>\n<p style=\"text-align: justify;\"><em>veenma<\/em><\/p>\n<\/td>\n<\/tr>\n<\/tbody>\n<\/table>\n<p style=\"text-align: justify;\">\n<\/p><p style=\"text-align: justify;\">\n<\/p><p style=\"text-align: justify;\">1.<\/p>\n<p style=\"text-align: justify;\">2.<\/p>\n<p style=\"text-align: justify;\">3.<\/p>\n<p style=\"text-align: justify;\">4.<\/p>\n<p style=\"text-align: justify;\">\n<\/p><p style=\"text-align: justify;\">2010<\/p>\n<p style=\"text-align: justify;\">noorem<\/p>\n<p style=\"text-align: justify;\">l\u00f5ppvoor<\/p>\n<p style=\"text-align: justify;\"><a href=\"https:\/\/sisu.ut.ee\/keeleylesanded\/lunklik-tekst-vastus\/\">Vastus<\/a><\/p>\n","protected":false},"excerpt":{"rendered":"<p>Leia parempoolsest tulbast l\u00fcnkadesse sobivad s\u00f5nad ja t\u00e4ida nendega l\u00fcngad. S\u00f5nu v\u00f5id k\u00e4\u00e4nata ja p\u00f6\u00f6rata. Neli s\u00f5na j\u00e4\u00e4b \u00fcle, tee nendega laused. L\u00e4inud n\u00e4dala uudistest on k\u00f5igil juba tead, mida taevast langevad lume- ja j\u00e4\u00e4kamakad autodega teha suudavad. Eile p\u00e4rastl\u00f5unal &#8230;<\/p>\n","protected":false},"author":185,"featured_media":0,"parent":0,"menu_order":0,"comment_status":"closed","ping_status":"closed","template":"","meta":{"_acf_changed":false,"inline_featured_image":false,"footnotes":""},"class_list":["post-371","page","type-page","status-publish","hentry"],"acf":[],"_links":{"self":[{"href":"https:\/\/sisu.ut.ee\/keeleylesanded\/wp-json\/wp\/v2\/pages\/371","targetHints":{"allow":["GET"]}}],"collection":[{"href":"https:\/\/sisu.ut.ee\/keeleylesanded\/wp-json\/wp\/v2\/pages"}],"about":[{"href":"https:\/\/sisu.ut.ee\/keeleylesanded\/wp-json\/wp\/v2\/types\/page"}],"author":[{"embeddable":true,"href":"https:\/\/sisu.ut.ee\/keeleylesanded\/wp-json\/wp\/v2\/users\/185"}],"replies":[{"embeddable":true,"href":"https:\/\/sisu.ut.ee\/keeleylesanded\/wp-json\/wp\/v2\/comments?post=371"}],"version-history":[{"count":2,"href":"https:\/\/sisu.ut.ee\/keeleylesanded\/wp-json\/wp\/v2\/pages\/371\/revisions"}],"predecessor-version":[{"id":1890,"href":"https:\/\/sisu.ut.ee\/keeleylesanded\/wp-json\/wp\/v2\/pages\/371\/revisions\/1890"}],"wp:attachment":[{"href":"https:\/\/sisu.ut.ee\/keeleylesanded\/wp-json\/wp\/v2\/media?parent=371"}],"curies":[{"name":"wp","href":"https:\/\/api.w.org\/{rel}","templated":true}]}}