{"id":37,"date":"2024-04-04T05:03:24","date_gmt":"2024-04-04T02:03:24","guid":{"rendered":"https:\/\/sisu.ut.ee\/keeleylesanded\/euroopa-liidu-teemaline-sonavoistlus-i\/"},"modified":"2024-11-28T23:15:38","modified_gmt":"2024-11-28T21:15:38","slug":"euroopa-liidu-teemaline-sonavoistlus-i","status":"publish","type":"page","link":"https:\/\/sisu.ut.ee\/keeleylesanded\/euroopa-liidu-teemaline-sonavoistlus-i\/","title":{"rendered":"Euroopa Liidu teemaline s\u00f5nav\u00f5istlus (I)"},"content":{"rendered":"<p><strong>Nimeta asutused, kes korraldasid Euroopa Liidu teemalise s\u00f5nav\u00f5istluse (aastal 2002).<\/strong><\/p>\n<p><strong>1.<\/strong><\/p>\n<p><strong>2.<\/strong><\/p>\n<p><strong>3.<\/strong><\/p>\n<p><strong>4.\u00a0<\/strong><\/p>\n<p><strong>5.\u00a0<\/strong><\/p>\n<p><strong>Asenda allajoonitud s\u00f5nad 2002. aasta s\u00f5nav\u00f5istlusel v\u00f5itnud s\u00f5nadega.<\/strong><\/p>\n<ol>\n<li style=\"text-align: justify;\">Regioonide Komitee \u00fclesanne on seotud\u00a0<u>subsidiaarsusp\u00f5him\u00f5ttega\u00a0<\/u>\u00a0\u2026\u2026\u2026\u2026\u2026\u2026\u2026\u2026\u2026\u2026\u2026\u2026 K\u00f5rgemal seisev organ v\u00f5ib ja peab tegutsema \u00fcksnes sellisel juhul, kui vajatavat eesm\u00e4rki ei saa alamal tasemele paremini saavutada.<\/li>\n<li style=\"text-align: justify;\">Kui me r\u00e4\u00e4gime\u00a0<u>nulltolerantsist<\/u>\u00a0\u2026\u2026\u2026\u2026\u2026\u2026\u2026\u2026\u2026\u2026\u2026\u2026\u2026\u2026\u2026\u2026\u2026.. kooliv\u00e4givalla suhtes, ei taha me \u00f6elda, et \u201cpahad\u201d tuleb automaatselt koolist v\u00e4lja heita.<\/li>\n<li style=\"text-align: justify;\">Euroopa Liidu\u00a0<u>struktuurifondist<\/u>\u00a0\u2026\u2026\u2026\u2026\u2026\u2026\u2026\u2026\u2026\u2026\u2026\u2026\u2026 raha saamiseks edaspidi on iga vald eraldi liiga v\u00e4ike, kuid \u00fchise kavaga v\u00e4ljaminekul on edulootused palju paremad.<\/li>\n<li style=\"text-align: justify;\">Maailm muutub tohutu kiirusega, t\u00f6\u00f6turg\u00a0<u>globaliseerub<\/u>\u00a0\u2026\u2026\u2026\u2026\u2026\u2026\u2026\u2026\u2026\u2026\u2026.. ja t\u00f6\u00f6kohad r\u00e4ndavad Euroopast odavamasse Itta.<\/li>\n<li style=\"text-align: justify;\">Tulijad saaksid valutumalt \u00fchiskonda\u00a0<u>integreeruda<\/u>\u00a0\u2026\u2026\u2026\u2026\u2026\u2026\u2026\u2026\u2026\u2026\u2026\u2026.., te v\u00f5idaksite nende toetuse.<\/li>\n<li style=\"text-align: justify;\">T\u00fchjad joogiveekaevud panevad kohalikke omavalitsusi p\u00f6\u00f6rduma valitsue v\u00f5i\u00a0<u>valitsusv\u00e4liste organisatsioonide\u00a0<\/u>\u2026\u2026\u2026\u2026\u2026\u2026\u2026\u2026\u2026\u2026\u2026..poole, et suvise p\u00f5ua tagaj\u00e4rgede vastu abi leida.<\/li>\n<li style=\"text-align: justify;\"><em><u>Twinning\u2019u<\/u>\u00a0\u2026\u2026\u2026\u2026\u2026\u2026\u2026\u2026\u2026\u2026\u2026\u2026\u2026\u2026.\u00a0<\/em>raames teokos saava \u00f5ppereisi programmi on planeeritud rida kohtumisi p\u00f5llumajandus-, kalandus- ja toiduministeeriumis ning kalandusadministratsiooni esindajatega.<\/li>\n<\/ol>\n<p style=\"text-align: justify;\">\n<\/p><p style=\"text-align: justify;\">2004<\/p>\n<p style=\"text-align: justify;\">noorem, keskmine, vanem<\/p>\n<p style=\"text-align: justify;\">l\u00f5ppvoor<\/p>\n<p><a href=\"https:\/\/sisu.ut.ee\/keeleylesanded\/euroopa-liidu-teemaline-sonavoistlus-i-vastus\/\">Vastus<\/a><\/p>\n","protected":false},"excerpt":{"rendered":"<p>Nimeta asutused, kes korraldasid Euroopa Liidu teemalise s\u00f5nav\u00f5istluse (aastal 2002). 1. 2. 3. 4.\u00a0 5.\u00a0 Asenda allajoonitud s\u00f5nad 2002. aasta s\u00f5nav\u00f5istlusel v\u00f5itnud s\u00f5nadega. Regioonide Komitee \u00fclesanne on seotud\u00a0subsidiaarsusp\u00f5him\u00f5ttega\u00a0\u00a0\u2026\u2026\u2026\u2026\u2026\u2026\u2026\u2026\u2026\u2026\u2026\u2026 K\u00f5rgemal seisev organ v\u00f5ib ja peab tegutsema \u00fcksnes sellisel juhul, kui vajatavat &#8230;<\/p>\n","protected":false},"author":185,"featured_media":0,"parent":0,"menu_order":0,"comment_status":"closed","ping_status":"closed","template":"","meta":{"_acf_changed":false,"inline_featured_image":false,"footnotes":""},"class_list":["post-37","page","type-page","status-publish","hentry"],"acf":[],"_links":{"self":[{"href":"https:\/\/sisu.ut.ee\/keeleylesanded\/wp-json\/wp\/v2\/pages\/37","targetHints":{"allow":["GET"]}}],"collection":[{"href":"https:\/\/sisu.ut.ee\/keeleylesanded\/wp-json\/wp\/v2\/pages"}],"about":[{"href":"https:\/\/sisu.ut.ee\/keeleylesanded\/wp-json\/wp\/v2\/types\/page"}],"author":[{"embeddable":true,"href":"https:\/\/sisu.ut.ee\/keeleylesanded\/wp-json\/wp\/v2\/users\/185"}],"replies":[{"embeddable":true,"href":"https:\/\/sisu.ut.ee\/keeleylesanded\/wp-json\/wp\/v2\/comments?post=37"}],"version-history":[{"count":2,"href":"https:\/\/sisu.ut.ee\/keeleylesanded\/wp-json\/wp\/v2\/pages\/37\/revisions"}],"predecessor-version":[{"id":1823,"href":"https:\/\/sisu.ut.ee\/keeleylesanded\/wp-json\/wp\/v2\/pages\/37\/revisions\/1823"}],"wp:attachment":[{"href":"https:\/\/sisu.ut.ee\/keeleylesanded\/wp-json\/wp\/v2\/media?parent=37"}],"curies":[{"name":"wp","href":"https:\/\/api.w.org\/{rel}","templated":true}]}}