{"id":369,"date":"2024-04-04T05:03:55","date_gmt":"2024-04-04T02:03:55","guid":{"rendered":"https:\/\/sisu.ut.ee\/keeleylesanded\/voorsonade-sunonuumid-0\/"},"modified":"2024-11-29T13:53:55","modified_gmt":"2024-11-29T11:53:55","slug":"voorsonade-sunonuumid-0","status":"publish","type":"page","link":"https:\/\/sisu.ut.ee\/keeleylesanded\/voorsonade-sunonuumid-0\/","title":{"rendered":"V\u00f5\u00f5rs\u00f5nade s\u00fcnon\u00fc\u00fcmid"},"content":{"rendered":"<header id=\"main-content-header\">\n<h1 id=\"page-title\"><b style=\"font-size: 14px;\">Asenda poolpaksus kirjas s\u00f5nad sobivate v\u00f5\u00f5rs\u00f5naliste s\u00fcnon\u00fc\u00fcmidega, mis on toodud teksti all s\u00fcnon\u00fc\u00fcmide loendis. Kirjuta s\u00fcnon\u00fc\u00fcm s\u00f5na\u00a0<u>j\u00e4rele<\/u>\u00a0punktiirjoonele ja kasuta neid teksti sobivas vormis. Loendis on s\u00f5nu rohkem, kui l\u00fcnkade t\u00e4itmiseks vaja. Kirjuta v\u00e4lja s\u00f5nad, mis j\u00e4id l\u00fcnkade t\u00e4itmisest \u00fcle.<\/b><\/h1>\n<\/header>\n<p>Esineja vaimukas ja\u00a0<b>t\u00e4iuslik<\/b>\u00a0\u2026\u2026\u2026\u2026\u2026\u2026\u2026\u2026\u2026\u2026\u2026.. s\u00f5nam\u00e4ng \u2026\u2026\u2026\u2026\u2026\u2026\u2026\u2026\u2026.. tekitas kuulajate hulgas naerupuhangu. Romaani\u00a0<b>vastuv\u00f5tt<\/b>\u00a0\u2026\u2026\u2026\u2026\u2026\u2026\u2026\u2026\u2026\u2026\u2026 osutus \u00fcllatuslikult negatiivseks. Neist\u00a0<b>asjatundlikest<\/b>\u00a0\u2026\u2026\u2026\u2026\u2026\u2026\u2026\u2026\u2026\u2026\u2026.. m\u00e4rkustest oli noorel uurijal palju abi. Mida kiiremini oma\u00a0<b>pettekujutlustest<\/b>\u00a0\u2026\u2026\u2026\u2026\u2026\u2026\u2026\u2026\u2026\u2026\u2026 vabanetakse, seda parem. Ametnik ei allunud\u00a0<b>m\u00f5juvale<\/b>\u00a0\u2026\u2026\u2026\u2026\u2026\u2026\u2026\u2026\u2026\u2026\u2026.., kuid l\u00e4bin\u00e4htavale\u00a0<b>v\u00e4ljapressimisele<\/b>\u00a0\u2026\u2026\u2026\u2026\u2026\u2026\u2026\u2026\u2026\u2026\u2026\u2026\u2026\u2026 Noorte\u00a0<b>vaimustus<\/b>\u00a0\u2026\u2026\u2026\u2026\u2026\u2026\u2026\u2026\u2026\u2026\u2026\u2026\u2026\u2026\u2026.. lahtus, kui selgusid laagri olmetingimused.\u00a0<b>Asjakohaste<\/b>\u00a0\u2026\u2026\u2026\u2026\u2026\u2026\u2026\u2026\u2026\u2026. andmete saamiseks oli vaja katse uuesti korraldada. Kogenud poliitiku\u00a0<b>maine<\/b>\u00a0\u2026\u2026\u2026\u2026\u2026\u2026\u2026\u2026\u2026\u2026.. ei olnud k\u00f5rge. Kool toetas igati \u00f5pilaste\u00a0<b>vaimseid<\/b>\u00a0\u2026\u2026\u2026\u2026\u2026\u2026\u2026\u2026\u2026\u2026\u2026\u2026 p\u00fc\u00fcdeid. Toodi v\u00e4lja \u00f5nnetusjuhtumite\u00a0<b>suhteline<\/b>\u00a0\u2026\u2026\u2026\u2026\u2026\u2026\u2026\u2026\u2026\u2026. sagedus.<\/p>\n<p><i>perfektne, perifeerne, kalambuur, kaliiber, retseptsioon, kompetentne, komparatiivne, illusioon, efektne, \u0161antaa\u017e, eufooria, eufemism, relevantne, reputatsioon, intellektuaalne, intensiivne, relatiivne<\/i><\/p>\n<p>\u00dcle j\u00e4id s\u00f5nad: \u2026\u2026\u2026\u2026\u2026\u2026\u2026\u2026\u2026\u2026\u2026\u2026\u2026\u2026\u2026\u2026\u2026\u2026\u2026\u2026\u2026\u2026\u2026\u2026\u2026\u2026\u2026\u2026\u2026\u2026\u2026\u2026\u2026\u2026\u2026\u2026\u2026\u2026\u2026\u2026\u2026\u2026\u2026\u2026\u2026\u2026\u2026\u2026\u2026\u2026\u2026\u2026\u2026\u2026\u2026\u2026\u2026\u2026\u2026\u2026\u2026\u2026\u2026\u2026\u2026\u2026\u2026\u2026\u2026\u2026\u2026\u2026\u2026\u2026\u2026\u2026\u2026\u2026\u2026\u2026\u2026\u2026\u2026\u2026\u2026\u2026\u2026\u2026\u2026\u2026\u2026\u2026\u2026\u2026\u2026\u2026\u2026\u2026\u2026\u2026\u2026\u2026\u2026\u2026\u2026\u2026\u2026\u2026\u2026\u2026\u2026\u2026\u2026\u2026\u2026\u2026\u2026<\/p>\n<p>2018<\/p>\n<p>keskmine<\/p>\n<p>l\u00f5ppvoor<\/p>\n<p><a href=\"https:\/\/sisu.ut.ee\/keeleylesanded\/voorsonade-sunonuumid-vastus\/\">Vastus<\/a><\/p>\n","protected":false},"excerpt":{"rendered":"<p>Asenda poolpaksus kirjas s\u00f5nad sobivate v\u00f5\u00f5rs\u00f5naliste s\u00fcnon\u00fc\u00fcmidega, mis on toodud teksti all s\u00fcnon\u00fc\u00fcmide loendis. Kirjuta s\u00fcnon\u00fc\u00fcm s\u00f5na\u00a0j\u00e4rele\u00a0punktiirjoonele ja kasuta neid teksti sobivas vormis. Loendis on s\u00f5nu rohkem, kui l\u00fcnkade t\u00e4itmiseks vaja. Kirjuta v\u00e4lja s\u00f5nad, mis j\u00e4id l\u00fcnkade t\u00e4itmisest \u00fcle. Esineja &#8230;<\/p>\n","protected":false},"author":185,"featured_media":0,"parent":0,"menu_order":0,"comment_status":"closed","ping_status":"closed","template":"","meta":{"_acf_changed":false,"inline_featured_image":false,"footnotes":""},"class_list":["post-369","page","type-page","status-publish","hentry"],"acf":[],"_links":{"self":[{"href":"https:\/\/sisu.ut.ee\/keeleylesanded\/wp-json\/wp\/v2\/pages\/369","targetHints":{"allow":["GET"]}}],"collection":[{"href":"https:\/\/sisu.ut.ee\/keeleylesanded\/wp-json\/wp\/v2\/pages"}],"about":[{"href":"https:\/\/sisu.ut.ee\/keeleylesanded\/wp-json\/wp\/v2\/types\/page"}],"author":[{"embeddable":true,"href":"https:\/\/sisu.ut.ee\/keeleylesanded\/wp-json\/wp\/v2\/users\/185"}],"replies":[{"embeddable":true,"href":"https:\/\/sisu.ut.ee\/keeleylesanded\/wp-json\/wp\/v2\/comments?post=369"}],"version-history":[{"count":2,"href":"https:\/\/sisu.ut.ee\/keeleylesanded\/wp-json\/wp\/v2\/pages\/369\/revisions"}],"predecessor-version":[{"id":2076,"href":"https:\/\/sisu.ut.ee\/keeleylesanded\/wp-json\/wp\/v2\/pages\/369\/revisions\/2076"}],"wp:attachment":[{"href":"https:\/\/sisu.ut.ee\/keeleylesanded\/wp-json\/wp\/v2\/media?parent=369"}],"curies":[{"name":"wp","href":"https:\/\/api.w.org\/{rel}","templated":true}]}}