{"id":367,"date":"2024-04-04T05:03:54","date_gmt":"2024-04-04T02:03:54","guid":{"rendered":"https:\/\/sisu.ut.ee\/keeleylesanded\/sona-stiilivarjund\/"},"modified":"2024-11-29T12:37:14","modified_gmt":"2024-11-29T10:37:14","slug":"sona-stiilivarjund","status":"publish","type":"page","link":"https:\/\/sisu.ut.ee\/keeleylesanded\/sona-stiilivarjund\/","title":{"rendered":"S\u00f5na stiilivarjund"},"content":{"rendered":"<p><em>Jagage j\u00e4rgmised s\u00f5nad ja s\u00f5na\u00fchendid stiilivarjundi, kasutajaskonna ja tarvitusulatuse alusel viide r\u00fchma (igasse r\u00fchma tuleb v\u00f5rdne arv s\u00f5nu).<\/em><\/p>\n<p>K\u00d5RGSTIILSED:<\/p>\n<p>ARGIKEELSED:<\/p>\n<p>TERMINOLOOGILISED:<\/p>\n<p>MURDELISED:<\/p>\n<p>MADALSTIILSED:<\/p>\n<p><strong>v\u00e4its, kriminull, k\u00fcljendama, jama, l\u00f5ust, paleus, kraade, peni, kalor, suud andma, hoidel, pask, asine, kroonu, m\u00f5\u00f5dik, embama, lakekrants, manu, raibe, \u00f5hkjas, k\u00f5iv, tatt, trehvama, utma, majesteetlik<\/strong><\/p>\n<p>2000<\/p>\n<p>keskmine<\/p>\n<p>l\u00f5ppvoor<\/p>\n<p><a href=\"https:\/\/sisu.ut.ee\/keeleylesanded\/sona-stiilivarjund-vastus\/\">Vastus<\/a><\/p>\n","protected":false},"excerpt":{"rendered":"<p>Jagage j\u00e4rgmised s\u00f5nad ja s\u00f5na\u00fchendid stiilivarjundi, kasutajaskonna ja tarvitusulatuse alusel viide r\u00fchma (igasse r\u00fchma tuleb v\u00f5rdne arv s\u00f5nu). K\u00d5RGSTIILSED: ARGIKEELSED: TERMINOLOOGILISED: MURDELISED: MADALSTIILSED: v\u00e4its, kriminull, k\u00fcljendama, jama, l\u00f5ust, paleus, kraade, peni, kalor, suud andma, hoidel, pask, asine, kroonu, m\u00f5\u00f5dik, embama, &#8230;<\/p>\n","protected":false},"author":185,"featured_media":0,"parent":0,"menu_order":0,"comment_status":"closed","ping_status":"closed","template":"","meta":{"_acf_changed":false,"inline_featured_image":false,"footnotes":""},"class_list":["post-367","page","type-page","status-publish","hentry"],"acf":[],"_links":{"self":[{"href":"https:\/\/sisu.ut.ee\/keeleylesanded\/wp-json\/wp\/v2\/pages\/367","targetHints":{"allow":["GET"]}}],"collection":[{"href":"https:\/\/sisu.ut.ee\/keeleylesanded\/wp-json\/wp\/v2\/pages"}],"about":[{"href":"https:\/\/sisu.ut.ee\/keeleylesanded\/wp-json\/wp\/v2\/types\/page"}],"author":[{"embeddable":true,"href":"https:\/\/sisu.ut.ee\/keeleylesanded\/wp-json\/wp\/v2\/users\/185"}],"replies":[{"embeddable":true,"href":"https:\/\/sisu.ut.ee\/keeleylesanded\/wp-json\/wp\/v2\/comments?post=367"}],"version-history":[{"count":2,"href":"https:\/\/sisu.ut.ee\/keeleylesanded\/wp-json\/wp\/v2\/pages\/367\/revisions"}],"predecessor-version":[{"id":1969,"href":"https:\/\/sisu.ut.ee\/keeleylesanded\/wp-json\/wp\/v2\/pages\/367\/revisions\/1969"}],"wp:attachment":[{"href":"https:\/\/sisu.ut.ee\/keeleylesanded\/wp-json\/wp\/v2\/media?parent=367"}],"curies":[{"name":"wp","href":"https:\/\/api.w.org\/{rel}","templated":true}]}}