{"id":364,"date":"2024-04-04T05:03:54","date_gmt":"2024-04-04T02:03:54","guid":{"rendered":"https:\/\/sisu.ut.ee\/keeleylesanded\/kehaosad-ja-valjendid\/"},"modified":"2024-11-28T23:43:33","modified_gmt":"2024-11-28T21:43:33","slug":"kehaosad-ja-valjendid","status":"publish","type":"page","link":"https:\/\/sisu.ut.ee\/keeleylesanded\/kehaosad-ja-valjendid\/","title":{"rendered":"Kehaosad ja v\u00e4ljendid"},"content":{"rendered":"<p><em>Kehaosade nimetustega on moodustatud k\u00f5ige rohkem fraseologisme ja muid v\u00e4ljendeid. Leidke kummagi allpool antud s\u00f5naga 5 erinevat v\u00e4ljendit. Iga v\u00e4ljend annab 1 punkti.<\/em><\/p>\n<p>N\u00e4ide:<\/p>\n<p><strong>Pea\u00a0\u2013\u00a0<\/strong>pead murdma, pea on pulki t\u00e4is, pead tulle pistma, pea kui pr\u00fcgikast, oma pead pandiks andma, pead-jalad segamine, (kellelegi) p\u00e4he istuma<\/p>\n<p><strong>s\u00fcda<\/strong><\/p>\n<p><strong>k\u00f5rvad<\/strong><\/p>\n<p>2000<\/p>\n<p>keskmine<\/p>\n<p>l\u00f5ppvoor<\/p>\n<p><a href=\"https:\/\/sisu.ut.ee\/keeleylesanded\/kehaosad-ja-valjendid-vastus\/\">Vastus<\/a><\/p>\n","protected":false},"excerpt":{"rendered":"<p>Kehaosade nimetustega on moodustatud k\u00f5ige rohkem fraseologisme ja muid v\u00e4ljendeid. Leidke kummagi allpool antud s\u00f5naga 5 erinevat v\u00e4ljendit. Iga v\u00e4ljend annab 1 punkti. N\u00e4ide: Pea\u00a0\u2013\u00a0pead murdma, pea on pulki t\u00e4is, pead tulle pistma, pea kui pr\u00fcgikast, oma pead pandiks andma, &#8230;<\/p>\n","protected":false},"author":185,"featured_media":0,"parent":0,"menu_order":0,"comment_status":"closed","ping_status":"closed","template":"","meta":{"_acf_changed":false,"inline_featured_image":false,"footnotes":""},"class_list":["post-364","page","type-page","status-publish","hentry"],"acf":[],"_links":{"self":[{"href":"https:\/\/sisu.ut.ee\/keeleylesanded\/wp-json\/wp\/v2\/pages\/364","targetHints":{"allow":["GET"]}}],"collection":[{"href":"https:\/\/sisu.ut.ee\/keeleylesanded\/wp-json\/wp\/v2\/pages"}],"about":[{"href":"https:\/\/sisu.ut.ee\/keeleylesanded\/wp-json\/wp\/v2\/types\/page"}],"author":[{"embeddable":true,"href":"https:\/\/sisu.ut.ee\/keeleylesanded\/wp-json\/wp\/v2\/users\/185"}],"replies":[{"embeddable":true,"href":"https:\/\/sisu.ut.ee\/keeleylesanded\/wp-json\/wp\/v2\/comments?post=364"}],"version-history":[{"count":2,"href":"https:\/\/sisu.ut.ee\/keeleylesanded\/wp-json\/wp\/v2\/pages\/364\/revisions"}],"predecessor-version":[{"id":1849,"href":"https:\/\/sisu.ut.ee\/keeleylesanded\/wp-json\/wp\/v2\/pages\/364\/revisions\/1849"}],"wp:attachment":[{"href":"https:\/\/sisu.ut.ee\/keeleylesanded\/wp-json\/wp\/v2\/media?parent=364"}],"curies":[{"name":"wp","href":"https:\/\/api.w.org\/{rel}","templated":true}]}}