{"id":362,"date":"2024-04-04T05:03:54","date_gmt":"2024-04-04T02:03:54","guid":{"rendered":"https:\/\/sisu.ut.ee\/keeleylesanded\/konekeel-ja-kirjakeel\/"},"modified":"2024-11-29T10:22:51","modified_gmt":"2024-11-29T08:22:51","slug":"konekeel-ja-kirjakeel","status":"publish","type":"page","link":"https:\/\/sisu.ut.ee\/keeleylesanded\/konekeel-ja-kirjakeel\/","title":{"rendered":"K\u00f5nekeel ja kirjakeel"},"content":{"rendered":"<p><i>Leidke j\u00e4rgnevast tekstist<\/i><\/p>\n<ol>\n<li>5 k\u00f5nekeelset s\u00f5na, mis kirjakeelde ei sobi:<\/li>\n<li>5 k\u00f5nekeelset morfoloogilist vormi, mis kirjakeelde ei sobi:<\/li>\n<li>5 k\u00f5nekeelset v\u00e4ljendit:<\/li>\n<\/ol>\n<p><strong>Mulle k\u00e4idi pidevalt pinda: mida sa p\u00f5ed, nagu oleks toss v\u00e4ljas. K\u00f5ik on ju okei\u00a0\u2013 kellegil pole isegi suvet\u00f6\u00f6d. Millal siis veel l\u00f5dvaks last kui mitte n\u00fc\u00fcd, k\u00f5ige magusaimal suveajal. Pole ju m\u00f5tet kodu niisama nurru lasta. Papsi auto ka kauaks talli ununend. Vaja sellega tuld anda, mitte nelja seina vahel m\u00f5rudalt vaikust kaifida.<\/strong><\/p>\n<p>2000<\/p>\n<p>keskmine<\/p>\n<p>l\u00f5ppvoor<\/p>\n<p><a href=\"https:\/\/sisu.ut.ee\/keeleylesanded\/konekeel-ja-kirjakeel-vastus\/\">Vastus<\/a><\/p>\n","protected":false},"excerpt":{"rendered":"<p>Leidke j\u00e4rgnevast tekstist 5 k\u00f5nekeelset s\u00f5na, mis kirjakeelde ei sobi: 5 k\u00f5nekeelset morfoloogilist vormi, mis kirjakeelde ei sobi: 5 k\u00f5nekeelset v\u00e4ljendit: Mulle k\u00e4idi pidevalt pinda: mida sa p\u00f5ed, nagu oleks toss v\u00e4ljas. K\u00f5ik on ju okei\u00a0\u2013 kellegil pole isegi suvet\u00f6\u00f6d. &#8230;<\/p>\n","protected":false},"author":185,"featured_media":0,"parent":0,"menu_order":0,"comment_status":"closed","ping_status":"closed","template":"","meta":{"_acf_changed":false,"inline_featured_image":false,"footnotes":""},"class_list":["post-362","page","type-page","status-publish","hentry"],"acf":[],"_links":{"self":[{"href":"https:\/\/sisu.ut.ee\/keeleylesanded\/wp-json\/wp\/v2\/pages\/362","targetHints":{"allow":["GET"]}}],"collection":[{"href":"https:\/\/sisu.ut.ee\/keeleylesanded\/wp-json\/wp\/v2\/pages"}],"about":[{"href":"https:\/\/sisu.ut.ee\/keeleylesanded\/wp-json\/wp\/v2\/types\/page"}],"author":[{"embeddable":true,"href":"https:\/\/sisu.ut.ee\/keeleylesanded\/wp-json\/wp\/v2\/users\/185"}],"replies":[{"embeddable":true,"href":"https:\/\/sisu.ut.ee\/keeleylesanded\/wp-json\/wp\/v2\/comments?post=362"}],"version-history":[{"count":2,"href":"https:\/\/sisu.ut.ee\/keeleylesanded\/wp-json\/wp\/v2\/pages\/362\/revisions"}],"predecessor-version":[{"id":1866,"href":"https:\/\/sisu.ut.ee\/keeleylesanded\/wp-json\/wp\/v2\/pages\/362\/revisions\/1866"}],"wp:attachment":[{"href":"https:\/\/sisu.ut.ee\/keeleylesanded\/wp-json\/wp\/v2\/media?parent=362"}],"curies":[{"name":"wp","href":"https:\/\/api.w.org\/{rel}","templated":true}]}}