{"id":360,"date":"2024-04-04T05:03:54","date_gmt":"2024-04-04T02:03:54","guid":{"rendered":"https:\/\/sisu.ut.ee\/keeleylesanded\/konekeelsus\/"},"modified":"2024-11-29T10:25:03","modified_gmt":"2024-11-29T08:25:03","slug":"konekeelsus","status":"publish","type":"page","link":"https:\/\/sisu.ut.ee\/keeleylesanded\/konekeelsus\/","title":{"rendered":"K\u00f5nekeelsus"},"content":{"rendered":"<p><strong>Kirjuta v\u00e4lja k\u00f5nekeelsed s\u00f5nad ja v\u00e4ljendid.<\/strong><\/p>\n<div>Tunnid olid labi, trenn oli l\u00f5ppenud, v\u00f5isime end l\u00f5dvaks lasta ja<\/div>\n<div>uttu t\u00f5mmata. Otsustasime s\u00f5brantsiga, et l\u00e4hme koju nurruma.\u00a0Aga siis\u00a0l\u00f5i p\u00e4he, et kinos ju siuke fantast film.<\/div>\n<div><\/div>\n<div>Ei mingit p\u00f5demist! Ei tahtnud ka Kristale k\u00e4kki keerata ja \u00fches\u00a0sikutamata j\u00e4tta, Aga Krista trepikojas komistasin kassirojule ja\u00a0lendasin ninali. No oli n\u00f5me lugu! Meele tegi m\u00f5rudaks ja \u00f5udselt vihaseks<\/div>\n<div><\/div>\n<div><\/div>\n<div>2002<\/div>\n<div>noorem<\/div>\n<div>piirkonnavoor<\/div>\n<div><a href=\"https:\/\/sisu.ut.ee\/keeleylesanded\/konekeelsus-vastus\/\">Vastus<\/a><\/div>\n","protected":false},"excerpt":{"rendered":"<p>Kirjuta v\u00e4lja k\u00f5nekeelsed s\u00f5nad ja v\u00e4ljendid. Tunnid olid labi, trenn oli l\u00f5ppenud, v\u00f5isime end l\u00f5dvaks lasta ja uttu t\u00f5mmata. Otsustasime s\u00f5brantsiga, et l\u00e4hme koju nurruma.\u00a0Aga siis\u00a0l\u00f5i p\u00e4he, et kinos ju siuke fantast film. Ei mingit p\u00f5demist! Ei tahtnud ka Kristale &#8230;<\/p>\n","protected":false},"author":185,"featured_media":0,"parent":0,"menu_order":0,"comment_status":"closed","ping_status":"closed","template":"","meta":{"_acf_changed":false,"inline_featured_image":false,"footnotes":""},"class_list":["post-360","page","type-page","status-publish","hentry"],"acf":[],"_links":{"self":[{"href":"https:\/\/sisu.ut.ee\/keeleylesanded\/wp-json\/wp\/v2\/pages\/360","targetHints":{"allow":["GET"]}}],"collection":[{"href":"https:\/\/sisu.ut.ee\/keeleylesanded\/wp-json\/wp\/v2\/pages"}],"about":[{"href":"https:\/\/sisu.ut.ee\/keeleylesanded\/wp-json\/wp\/v2\/types\/page"}],"author":[{"embeddable":true,"href":"https:\/\/sisu.ut.ee\/keeleylesanded\/wp-json\/wp\/v2\/users\/185"}],"replies":[{"embeddable":true,"href":"https:\/\/sisu.ut.ee\/keeleylesanded\/wp-json\/wp\/v2\/comments?post=360"}],"version-history":[{"count":2,"href":"https:\/\/sisu.ut.ee\/keeleylesanded\/wp-json\/wp\/v2\/pages\/360\/revisions"}],"predecessor-version":[{"id":1868,"href":"https:\/\/sisu.ut.ee\/keeleylesanded\/wp-json\/wp\/v2\/pages\/360\/revisions\/1868"}],"wp:attachment":[{"href":"https:\/\/sisu.ut.ee\/keeleylesanded\/wp-json\/wp\/v2\/media?parent=360"}],"curies":[{"name":"wp","href":"https:\/\/api.w.org\/{rel}","templated":true}]}}