{"id":358,"date":"2024-04-04T05:03:54","date_gmt":"2024-04-04T02:03:54","guid":{"rendered":"https:\/\/sisu.ut.ee\/keeleylesanded\/ajakirjaniku-kusimused\/"},"modified":"2024-11-28T14:33:17","modified_gmt":"2024-11-28T12:33:17","slug":"ajakirjaniku-kusimused","status":"publish","type":"page","link":"https:\/\/sisu.ut.ee\/keeleylesanded\/ajakirjaniku-kusimused\/","title":{"rendered":"Ajakirjaniku k\u00fcsimused"},"content":{"rendered":"<p><strong>Muuda ajakirjaniku k\u00fcsimused sellisteks, et neile oleks v\u00f5imalik mitmek\u00fclgselt ja huvitavalt vastata.<\/strong><\/p>\n<div>1, K\u00dcSIMUS: Kas tegelete juba ammu spordiga?<br>\nINTERVJUEERITAV: Jah<\/div>\n<div>2. K\u00dcSIMUS: Kas oleksite n\u00f5us v\u00f5istlema mingil teisel alal?<\/div>\n<div>\u00a0 \u00a0INTERVJUEERITAV: Ei.<\/div>\n<div>3. K\u00dcSIMUS: Kas Teid tuntakse ka mujal maailmas?<\/div>\n<div>\u00a0 \u00a0 INTERVJUEERITAV: Jah,<\/div>\n<div>4. K\u00dcSIMUS: Kas Teil on suur s\u00f5pruskond?<\/div>\n<div>\u00a0 \u00a0 INTERVJUEERITAV: Jah.<\/div>\n<div>5. K\u00dcSIMUS: Kas olete saavutustega rahul?<\/div>\n<div>\u00a0 \u00a0 INTERVJI,EERITAV: Jah<\/div>\n<div>6. K\u00dcSIMUS: Kas tahaksite midagi lisada?<\/div>\n<div>\u00a0 \u00a0 INTERVJUEERITAV Ei.<\/div>\n<div><\/div>\n<div>1.k\u00fcsimus: \u2026\u2026\u2026\u2026\u2026\u2026\u2026\u2026\u2026\u2026\u2026\u2026\u2026\u2026\u2026\u2026\u2026\u2026\u2026\u2026\u2026\u2026\u2026\u2026\u2026.<\/div>\n<div>2.k\u00fcsimus: \u2026\u2026\u2026\u2026\u2026\u2026\u2026\u2026\u2026\u2026\u2026\u2026\u2026\u2026\u2026\u2026\u2026\u2026\u2026\u2026\u2026\u2026\u2026\u2026\u2026.<\/div>\n<div>3.k\u00fcsimus: \u2026\u2026\u2026\u2026\u2026\u2026\u2026\u2026\u2026\u2026\u2026\u2026\u2026\u2026\u2026\u2026\u2026\u2026\u2026\u2026\u2026\u2026\u2026\u2026\u2026.<\/div>\n<div>4.k\u00fcsimus: \u2026\u2026\u2026\u2026\u2026\u2026\u2026\u2026\u2026\u2026\u2026\u2026\u2026\u2026\u2026\u2026\u2026\u2026\u2026\u2026\u2026\u2026\u2026\u2026\u2026.<\/div>\n<div>5.k\u00fcsimus: \u2026\u2026\u2026\u2026\u2026\u2026\u2026\u2026\u2026\u2026\u2026\u2026\u2026\u2026\u2026\u2026\u2026\u2026\u2026\u2026\u2026\u2026\u2026\u2026\u2026.<\/div>\n<div>6.k\u00fcsimus: \u2026\u2026\u2026\u2026\u2026\u2026\u2026\u2026\u2026\u2026\u2026\u2026\u2026\u2026\u2026\u2026\u2026\u2026\u2026\u2026\u2026\u2026\u2026\u2026\u2026.<\/div>\n<div><\/div>\n<div>2002<\/div>\n<div>noorem<\/div>\n<div>piirkonnavoor<\/div>\n<p>Vastus<\/p>\n","protected":false},"excerpt":{"rendered":"<p>Muuda ajakirjaniku k\u00fcsimused sellisteks, et neile oleks v\u00f5imalik mitmek\u00fclgselt ja huvitavalt vastata. 1, K\u00dcSIMUS: Kas tegelete juba ammu spordiga? INTERVJUEERITAV: Jah 2. K\u00dcSIMUS: Kas oleksite n\u00f5us v\u00f5istlema mingil teisel alal? \u00a0 \u00a0INTERVJUEERITAV: Ei. 3. K\u00dcSIMUS: Kas Teid tuntakse ka mujal &#8230;<\/p>\n","protected":false},"author":185,"featured_media":0,"parent":0,"menu_order":0,"comment_status":"closed","ping_status":"closed","template":"","meta":{"_acf_changed":false,"inline_featured_image":false,"footnotes":""},"class_list":["post-358","page","type-page","status-publish","hentry"],"acf":[],"_links":{"self":[{"href":"https:\/\/sisu.ut.ee\/keeleylesanded\/wp-json\/wp\/v2\/pages\/358","targetHints":{"allow":["GET"]}}],"collection":[{"href":"https:\/\/sisu.ut.ee\/keeleylesanded\/wp-json\/wp\/v2\/pages"}],"about":[{"href":"https:\/\/sisu.ut.ee\/keeleylesanded\/wp-json\/wp\/v2\/types\/page"}],"author":[{"embeddable":true,"href":"https:\/\/sisu.ut.ee\/keeleylesanded\/wp-json\/wp\/v2\/users\/185"}],"replies":[{"embeddable":true,"href":"https:\/\/sisu.ut.ee\/keeleylesanded\/wp-json\/wp\/v2\/comments?post=358"}],"version-history":[{"count":2,"href":"https:\/\/sisu.ut.ee\/keeleylesanded\/wp-json\/wp\/v2\/pages\/358\/revisions"}],"predecessor-version":[{"id":1781,"href":"https:\/\/sisu.ut.ee\/keeleylesanded\/wp-json\/wp\/v2\/pages\/358\/revisions\/1781"}],"wp:attachment":[{"href":"https:\/\/sisu.ut.ee\/keeleylesanded\/wp-json\/wp\/v2\/media?parent=358"}],"curies":[{"name":"wp","href":"https:\/\/api.w.org\/{rel}","templated":true}]}}