{"id":357,"date":"2024-04-04T05:03:53","date_gmt":"2024-04-04T02:03:53","guid":{"rendered":"https:\/\/sisu.ut.ee\/keeleylesanded\/valed-sonad-tekstis-vastus\/"},"modified":"2024-11-29T13:29:49","modified_gmt":"2024-11-29T11:29:49","slug":"valed-sonad-tekstis-vastus","status":"publish","type":"page","link":"https:\/\/sisu.ut.ee\/keeleylesanded\/valed-sonad-tekstis-vastus\/","title":{"rendered":"Valed s\u00f5nad tekstis. Vastus"},"content":{"rendered":"<ol>\n<li>\n\t\tolelev &gt; osalev\n\t<\/li>\n<li>\n\t\tv\u00f5istluseelmisel &gt; v\u00f5istluseelsel\n\t<\/li>\n<li>\n\t\tsisse puhata &gt; v\u00e4lja puhata\n\t<\/li>\n<li>\n\t\tsuurep\u00e4raseid j\u00f5upingutusi &gt; suuri j\u00f5upingutusi\n\t<\/li>\n<li>\n\t\ts\u00f5nastas &gt; s\u00f5nas\n\t<\/li>\n<li>\n\t\tt\u00f5endas &gt; t\u00f5des\n\t<\/li>\n<li>\n\t\tol\u00fcmpiav\u00f5itleja &gt; ol\u00fcmpiav\u00f5itja\n\t<\/li>\n<li>\n\t\tpihud lahti hoida &gt; silmad lahti hoida\n\t<\/li>\n<li>\n\t\tkeerduda &gt; keerata\n\t<\/li>\n<li>\n\t\tmedalikahtlusega &gt; medalim\u00f5tetega, medalilootusega\n\t<\/li>\n<\/ol>\n","protected":false},"excerpt":{"rendered":"<p>olelev &gt; osalev v\u00f5istluseelmisel &gt; v\u00f5istluseelsel sisse puhata &gt; v\u00e4lja puhata suurep\u00e4raseid j\u00f5upingutusi &gt; suuri j\u00f5upingutusi s\u00f5nastas &gt; s\u00f5nas t\u00f5endas &gt; t\u00f5des ol\u00fcmpiav\u00f5itleja &gt; ol\u00fcmpiav\u00f5itja pihud lahti hoida &gt; silmad lahti hoida keerduda &gt; keerata medalikahtlusega &gt; medalim\u00f5tetega, medalilootusega<\/p>\n","protected":false},"author":185,"featured_media":0,"parent":0,"menu_order":0,"comment_status":"closed","ping_status":"closed","template":"","meta":{"_acf_changed":false,"inline_featured_image":false,"footnotes":""},"class_list":["post-357","page","type-page","status-publish","hentry"],"acf":[],"_links":{"self":[{"href":"https:\/\/sisu.ut.ee\/keeleylesanded\/wp-json\/wp\/v2\/pages\/357","targetHints":{"allow":["GET"]}}],"collection":[{"href":"https:\/\/sisu.ut.ee\/keeleylesanded\/wp-json\/wp\/v2\/pages"}],"about":[{"href":"https:\/\/sisu.ut.ee\/keeleylesanded\/wp-json\/wp\/v2\/types\/page"}],"author":[{"embeddable":true,"href":"https:\/\/sisu.ut.ee\/keeleylesanded\/wp-json\/wp\/v2\/users\/185"}],"replies":[{"embeddable":true,"href":"https:\/\/sisu.ut.ee\/keeleylesanded\/wp-json\/wp\/v2\/comments?post=357"}],"version-history":[{"count":1,"href":"https:\/\/sisu.ut.ee\/keeleylesanded\/wp-json\/wp\/v2\/pages\/357\/revisions"}],"predecessor-version":[{"id":1389,"href":"https:\/\/sisu.ut.ee\/keeleylesanded\/wp-json\/wp\/v2\/pages\/357\/revisions\/1389"}],"wp:attachment":[{"href":"https:\/\/sisu.ut.ee\/keeleylesanded\/wp-json\/wp\/v2\/media?parent=357"}],"curies":[{"name":"wp","href":"https:\/\/api.w.org\/{rel}","templated":true}]}}