{"id":356,"date":"2024-04-04T05:03:53","date_gmt":"2024-04-04T02:03:53","guid":{"rendered":"https:\/\/sisu.ut.ee\/keeleylesanded\/valed-sonad-tekstis\/"},"modified":"2024-11-29T13:30:06","modified_gmt":"2024-11-29T11:30:06","slug":"valed-sonad-tekstis","status":"publish","type":"page","link":"https:\/\/sisu.ut.ee\/keeleylesanded\/valed-sonad-tekstis\/","title":{"rendered":"Valed s\u00f5nad tekstis"},"content":{"rendered":"<div style=\"text-align: justify;\"><strong>J\u00e4rgmises tekstis on 10 s\u00f5na\/v\u00e4ljendit algup\u00e4rase tekstiga v\u00f5rreldes vahetatud. Leia need\u00a0s\u00f5nad\/v\u00e4ljendid ja kirjuta koos sobiva asendusega teksti alla punktiirjoonele.<\/strong><\/div>\n<div><\/div>\n<div>Veerpalu: v\u00f5istlus saab v\u00e4ga raske olema<\/div>\n<div>28.02.2010 05:43<\/div>\n<div>Ann Hiiemaa, Whistler<\/div>\n<div><\/div>\n<div style=\"text-align: justify;\">T\u00e4na 50 km \u00fchisstardist klassikas\u00f5idus olelev Andrus Veerpalu avaldas v\u00f5istluseelmisel\u00a0pressikonverentsil, et on saanud end korralikult sisse puhata ja enesefunne on hea.<\/div>\n<div style=\"text-align: justify;\">\u201c\u00dclem\u00e4\u00e4\u00e4ra suurep\u00e4raseid j\u00f5upingutusi pole ma kohalikku ajar\u00fctmi saamiseks teinud. Olen ka\u00a0p\u00e4eval maganud, hommikuti \u00e4rkan teistest\u00a0varem. \u00d5nneks algab ka v\u00f5istlus \u00fcsna varakult,\u201d\u00a0s\u00f5nastas\u00a0Veerpalu. Samas t\u00f5endas kahekordne ol\u00fcmpiav\u00f5itleja, et v\u00f5istlus tuleb v\u00e4ga raske.<\/div>\n<div style=\"text-align: justify;\">Jaak Mae s\u00f5nul on esialgne plaan boksipeatuste osas paika pandud, kuid see v\u00f5ib s\u00f5idu k\u00e4igus\u00a0ka muutuda. \u201cTuleb pihud lahti hoida ja vajadusel plaanitust varemgi boksi keerduda, et m\u00e4ngus\u00a0p\u00fcsida. T\u00e4nases naiste s\u00f5idus oli n\u00e4ha, kuidas Saarineni suusavahetus end \u00f5igustas.\u201d<\/div>\n<div style=\"text-align: justify;\">Mae s\u00f5nul on stardis 15-20 medalikahtlusega meest. Tema enda eesmi\u00e4k on p\u00fcsida liidergrupis\u00a0niikaua\u00a0kui jaksu j\u00e4tkub.<\/div>\n<div style=\"text-align: justify;\"><\/div>\n<ol>\n<li style=\"text-align: justify;\">\u2026\u2026\u2026\u2026\u2026\u2026\u2026\u2026\u2026\u2026\u2026\u2026\u2026\u2026\u2026\u2026\u2026\u2026\u2026\u2026\u2026\u2026\u2026\u2026<\/li>\n<li style=\"text-align: justify;\">\u2026\u2026\u2026\u2026\u2026\u2026\u2026\u2026\u2026\u2026\u2026\u2026\u2026\u2026\u2026\u2026\u2026\u2026\u2026\u2026\u2026\u2026\u2026\u2026<\/li>\n<li style=\"text-align: justify;\">\u2026\u2026\u2026\u2026\u2026\u2026\u2026\u2026\u2026\u2026\u2026\u2026\u2026\u2026\u2026\u2026\u2026\u2026\u2026\u2026\u2026\u2026\u2026\u2026<\/li>\n<li style=\"text-align: justify;\">\u2026\u2026\u2026\u2026\u2026\u2026\u2026\u2026\u2026\u2026\u2026\u2026\u2026\u2026\u2026\u2026\u2026\u2026\u2026\u2026\u2026\u2026\u2026\u2026<\/li>\n<li style=\"text-align: justify;\">\u2026\u2026\u2026\u2026\u2026\u2026\u2026\u2026\u2026\u2026\u2026\u2026\u2026\u2026\u2026\u2026\u2026\u2026\u2026\u2026\u2026\u2026\u2026\u2026<\/li>\n<li style=\"text-align: justify;\">\u2026\u2026\u2026\u2026\u2026\u2026\u2026\u2026\u2026\u2026\u2026\u2026\u2026\u2026\u2026\u2026\u2026\u2026\u2026\u2026\u2026\u2026\u2026\u2026<\/li>\n<li style=\"text-align: justify;\">\u2026\u2026\u2026\u2026\u2026\u2026\u2026\u2026\u2026\u2026\u2026\u2026\u2026\u2026\u2026\u2026\u2026\u2026\u2026\u2026\u2026\u2026\u2026\u2026<\/li>\n<li style=\"text-align: justify;\">\u2026\u2026\u2026\u2026\u2026\u2026\u2026\u2026\u2026\u2026\u2026\u2026\u2026\u2026\u2026\u2026\u2026\u2026\u2026\u2026\u2026\u2026\u2026\u2026<\/li>\n<li style=\"text-align: justify;\">\u2026\u2026\u2026\u2026\u2026\u2026\u2026\u2026\u2026\u2026\u2026\u2026\u2026\u2026\u2026\u2026\u2026\u2026\u2026\u2026\u2026\u2026\u2026\u2026<\/li>\n<li style=\"text-align: justify;\">\u2026\u2026\u2026\u2026\u2026\u2026\u2026\u2026\u2026\u2026\u2026\u2026\u2026\u2026\u2026\u2026\u2026\u2026\u2026\u2026\u2026\u2026\u2026\u2026<\/li>\n<\/ol>\n<p style=\"text-align: justify;\">\n<\/p><p style=\"text-align: justify;\">2010<\/p>\n<p style=\"text-align: justify;\">noorem<\/p>\n<p style=\"text-align: justify;\">l\u00f5ppvoor<\/p>\n<p><a href=\"https:\/\/sisu.ut.ee\/keeleylesanded\/valed-sonad-tekstis-vastus\/\">Vastus<\/a><\/p>\n","protected":false},"excerpt":{"rendered":"<p>J\u00e4rgmises tekstis on 10 s\u00f5na\/v\u00e4ljendit algup\u00e4rase tekstiga v\u00f5rreldes vahetatud. Leia need\u00a0s\u00f5nad\/v\u00e4ljendid ja kirjuta koos sobiva asendusega teksti alla punktiirjoonele. Veerpalu: v\u00f5istlus saab v\u00e4ga raske olema 28.02.2010 05:43 Ann Hiiemaa, Whistler T\u00e4na 50 km \u00fchisstardist klassikas\u00f5idus olelev Andrus Veerpalu avaldas v\u00f5istluseelmisel\u00a0pressikonverentsil, &#8230;<\/p>\n","protected":false},"author":185,"featured_media":0,"parent":0,"menu_order":0,"comment_status":"closed","ping_status":"closed","template":"","meta":{"_acf_changed":false,"inline_featured_image":false,"footnotes":""},"class_list":["post-356","page","type-page","status-publish","hentry"],"acf":[],"_links":{"self":[{"href":"https:\/\/sisu.ut.ee\/keeleylesanded\/wp-json\/wp\/v2\/pages\/356","targetHints":{"allow":["GET"]}}],"collection":[{"href":"https:\/\/sisu.ut.ee\/keeleylesanded\/wp-json\/wp\/v2\/pages"}],"about":[{"href":"https:\/\/sisu.ut.ee\/keeleylesanded\/wp-json\/wp\/v2\/types\/page"}],"author":[{"embeddable":true,"href":"https:\/\/sisu.ut.ee\/keeleylesanded\/wp-json\/wp\/v2\/users\/185"}],"replies":[{"embeddable":true,"href":"https:\/\/sisu.ut.ee\/keeleylesanded\/wp-json\/wp\/v2\/comments?post=356"}],"version-history":[{"count":2,"href":"https:\/\/sisu.ut.ee\/keeleylesanded\/wp-json\/wp\/v2\/pages\/356\/revisions"}],"predecessor-version":[{"id":2037,"href":"https:\/\/sisu.ut.ee\/keeleylesanded\/wp-json\/wp\/v2\/pages\/356\/revisions\/2037"}],"wp:attachment":[{"href":"https:\/\/sisu.ut.ee\/keeleylesanded\/wp-json\/wp\/v2\/media?parent=356"}],"curies":[{"name":"wp","href":"https:\/\/api.w.org\/{rel}","templated":true}]}}