{"id":354,"date":"2024-04-04T05:03:53","date_gmt":"2024-04-04T02:03:53","guid":{"rendered":"https:\/\/sisu.ut.ee\/keeleylesanded\/aiandustekst\/"},"modified":"2024-11-28T14:32:20","modified_gmt":"2024-11-28T12:32:20","slug":"aiandustekst","status":"publish","type":"page","link":"https:\/\/sisu.ut.ee\/keeleylesanded\/aiandustekst\/","title":{"rendered":"Aiandustekst"},"content":{"rendered":"<p style=\"text-align: justify;\"><strong>\u00dclesandes on antud aiandusalane tekst, mille laused ei ole \u00f5iges j\u00e4rjekorras, l\u00f5igud on segi ja pealkiri ei ole teksti lausetest eristatav. Kirjuta terviktekst ja leia selle pealkiri.<\/strong><\/p>\n<p style=\"text-align: justify;\">A. Mida rohkem pinnas talve jooksul vahelduvalt k\u00fclmub ja sulab, seda enam juured kevadeks paljastuvad.<\/p>\n<p style=\"text-align: justify;\">B. Ka aednikul endal on soojema ilmaga parem t\u00f6\u00f6tada.<\/p>\n<p style=\"text-align: justify;\">C. K\u00f5ige parem on selleks t\u00f6\u00f6ks nullil\u00e4hedane temperatuur, sest siis pole taimekoed enam k\u00fclmunud, oksad on elastsed ning oht l\u00f5hede tekkimiseks pole nii suur.<\/p>\n<p style=\"text-align: justify;\">D. Paastukuu kutsub aiaomaniku juba v\u00e4lit\u00f6\u00f6dele.<\/p>\n<p style=\"text-align: justify;\">E. Kui temperatuur on alla miinus viie kraadi, siis tuleks v\u00f5rade kujundamisega siiski oodata.<\/p>\n<p style=\"text-align: justify;\">F. Maapinna sulades n\u00f5uavad t\u00e4helepanu ka nooremad taimed, sest nii-\u00f6elda k\u00fclmakergituse t\u00f5ttu v\u00f5ivad n\u00f5rgalt juurdunud taimed ja pistoksad kuni k\u00fcmne sentimeetri v\u00f5rra \u00fclespoole kerkida.<\/p>\n<p style=\"text-align: justify;\">G. M\u00e4rtsis ehk paastukuul leidub aiaomanikule juba v\u00e4lit\u00f6id, eelk\u00f5ige n\u00f5uavad t\u00e4helepanu puud-p\u00f5\u00f5sad.<\/p>\n<p style=\"text-align: justify;\">H. Kerkinud juured peaks tagasi vajutama v\u00f5i neile mulda, turvast peale kuhjama.<\/p>\n<p style=\"text-align: justify;\">I. Aiandus.ee aedniku kalendri j\u00e4rgi on m\u00e4rtsis, kui suurem \u00f6ine pakane m\u00f6\u00f6das, paslik alustada puude-p\u00f5\u00f5saste l\u00f5ikamisega.<\/p>\n<p style=\"text-align: justify;\">VASTUS:<\/p>\n<p style=\"text-align: justify;\">\n<\/p><p style=\"text-align: justify;\">2010<\/p>\n<p style=\"text-align: justify;\">noorem<\/p>\n<p style=\"text-align: justify;\">l\u00f5ppvoor<\/p>\n<p>Vastus<\/p>\n","protected":false},"excerpt":{"rendered":"<p>\u00dclesandes on antud aiandusalane tekst, mille laused ei ole \u00f5iges j\u00e4rjekorras, l\u00f5igud on segi ja pealkiri ei ole teksti lausetest eristatav. Kirjuta terviktekst ja leia selle pealkiri. A. Mida rohkem pinnas talve jooksul vahelduvalt k\u00fclmub ja sulab, seda enam juured &#8230;<\/p>\n","protected":false},"author":185,"featured_media":0,"parent":0,"menu_order":0,"comment_status":"closed","ping_status":"closed","template":"","meta":{"_acf_changed":false,"inline_featured_image":false,"footnotes":""},"class_list":["post-354","page","type-page","status-publish","hentry"],"acf":[],"_links":{"self":[{"href":"https:\/\/sisu.ut.ee\/keeleylesanded\/wp-json\/wp\/v2\/pages\/354","targetHints":{"allow":["GET"]}}],"collection":[{"href":"https:\/\/sisu.ut.ee\/keeleylesanded\/wp-json\/wp\/v2\/pages"}],"about":[{"href":"https:\/\/sisu.ut.ee\/keeleylesanded\/wp-json\/wp\/v2\/types\/page"}],"author":[{"embeddable":true,"href":"https:\/\/sisu.ut.ee\/keeleylesanded\/wp-json\/wp\/v2\/users\/185"}],"replies":[{"embeddable":true,"href":"https:\/\/sisu.ut.ee\/keeleylesanded\/wp-json\/wp\/v2\/comments?post=354"}],"version-history":[{"count":2,"href":"https:\/\/sisu.ut.ee\/keeleylesanded\/wp-json\/wp\/v2\/pages\/354\/revisions"}],"predecessor-version":[{"id":1780,"href":"https:\/\/sisu.ut.ee\/keeleylesanded\/wp-json\/wp\/v2\/pages\/354\/revisions\/1780"}],"wp:attachment":[{"href":"https:\/\/sisu.ut.ee\/keeleylesanded\/wp-json\/wp\/v2\/media?parent=354"}],"curies":[{"name":"wp","href":"https:\/\/api.w.org\/{rel}","templated":true}]}}