{"id":350,"date":"2024-04-04T05:03:53","date_gmt":"2024-04-04T02:03:53","guid":{"rendered":"https:\/\/sisu.ut.ee\/keeleylesanded\/keeleviktoriinid\/"},"modified":"2024-04-04T05:07:08","modified_gmt":"2024-04-04T02:07:08","slug":"keeleviktoriinid","status":"publish","type":"page","link":"https:\/\/sisu.ut.ee\/keeleylesanded\/keeleviktoriinid\/","title":{"rendered":"Keeleviktoriinid"},"content":{"rendered":"<p>\n\tKeelek\u00fcsimused on head nuputamis\u00fclesanded ka m\u00e4lum\u00e4ngudes ja viktoriinides. Sellelt lehek\u00fcljelt leiata k\u00fcsimusi, mis on koondatud teemade kaupa. M\u00f5ned on varem esinenud Emakeele Seltsi viktoriinides, m\u00f5ned uued, m\u00f5ned v\u00f5ibolla igihaljad korduvad k\u00fcsimused. M\u00f5ned n\u00f5uavad teadmist v\u00f5i teadmise otsimist, m\u00f5ned nuputamist ja m\u00f5ned loomingulisust.\n<\/p>\n<p>\n\tK\u00fcsimused on esitatud teemade kaupa. Pane t\u00e4hele, et lehek\u00fcljelt leiad ka vastused (vaata vasakule!). Vastuste n\u00e4gemiseks on vaja teada parooli. Kirjuta ja k\u00fcsi!\n<\/p>\n<p>\n\tEnnast proovile saad panna ka Tartu \u00dclikooli teaduskooli lehek\u00fcljel:\u00a0<a data-url=\"https:\/\/viktoriinid.ee\/HJkv8suwI\" href=\"https:\/\/viktoriinid.ee\/HJkv8suwI\" target=\"_blank\" title=\"\" rel=\"noopener\">Salakeel<\/a><\/p>\n","protected":false},"excerpt":{"rendered":"<p>Keelek\u00fcsimused on head nuputamis\u00fclesanded ka m\u00e4lum\u00e4ngudes ja viktoriinides. Sellelt lehek\u00fcljelt leiata k\u00fcsimusi, mis on koondatud teemade kaupa. M\u00f5ned on varem esinenud Emakeele Seltsi viktoriinides, m\u00f5ned uued, m\u00f5ned v\u00f5ibolla igihaljad korduvad k\u00fcsimused. M\u00f5ned n\u00f5uavad teadmist v\u00f5i teadmise otsimist, m\u00f5ned nuputamist ja &#8230;<\/p>\n","protected":false},"author":185,"featured_media":0,"parent":0,"menu_order":0,"comment_status":"closed","ping_status":"closed","template":"","meta":{"_acf_changed":false,"inline_featured_image":false,"footnotes":""},"class_list":["post-350","page","type-page","status-publish","hentry"],"acf":[],"_links":{"self":[{"href":"https:\/\/sisu.ut.ee\/keeleylesanded\/wp-json\/wp\/v2\/pages\/350","targetHints":{"allow":["GET"]}}],"collection":[{"href":"https:\/\/sisu.ut.ee\/keeleylesanded\/wp-json\/wp\/v2\/pages"}],"about":[{"href":"https:\/\/sisu.ut.ee\/keeleylesanded\/wp-json\/wp\/v2\/types\/page"}],"author":[{"embeddable":true,"href":"https:\/\/sisu.ut.ee\/keeleylesanded\/wp-json\/wp\/v2\/users\/185"}],"replies":[{"embeddable":true,"href":"https:\/\/sisu.ut.ee\/keeleylesanded\/wp-json\/wp\/v2\/comments?post=350"}],"version-history":[{"count":1,"href":"https:\/\/sisu.ut.ee\/keeleylesanded\/wp-json\/wp\/v2\/pages\/350\/revisions"}],"predecessor-version":[{"id":1382,"href":"https:\/\/sisu.ut.ee\/keeleylesanded\/wp-json\/wp\/v2\/pages\/350\/revisions\/1382"}],"wp:attachment":[{"href":"https:\/\/sisu.ut.ee\/keeleylesanded\/wp-json\/wp\/v2\/media?parent=350"}],"curies":[{"name":"wp","href":"https:\/\/api.w.org\/{rel}","templated":true}]}}