{"id":349,"date":"2024-04-04T05:03:53","date_gmt":"2024-04-04T02:03:53","guid":{"rendered":"https:\/\/sisu.ut.ee\/keeleylesanded\/avasta-ja-leiuta\/"},"modified":"2024-11-28T15:06:36","modified_gmt":"2024-11-28T13:06:36","slug":"avasta-ja-leiuta","status":"publish","type":"page","link":"https:\/\/sisu.ut.ee\/keeleylesanded\/avasta-ja-leiuta\/","title":{"rendered":"Avasta ja leiuta"},"content":{"rendered":"<p style=\"text-align: justify;\"><strong>J\u00e4rgnevatesse lausetesse tuleb lisada kas verb\u00a0<em>avastama<\/em>\u00a0v\u00f5i\u00a0<em>leiutama\u00a0<\/em>\u00a0\u00f5iges vormis.<\/strong><\/p>\n<table class=\"table table-hover\" style=\"width: 100%;\" border=\"0\" cellspacing=\"1\" cellpadding=\"1\">\n<tbody>\n<tr>\n<td>Me pole kohustatud jalgratast uuesti<\/td>\n<td><\/td>\n<td>\u00a0ja teiste kibedaid kogemusi vahepeal kordama.<\/td>\n<\/tr>\n<tr>\n<td>Kuni ta \u00fchel p\u00e4eval<\/td>\n<td><\/td>\n<td>et pajukoor annab lahtikoputamise j\u00e4rel end ettevaatlikult lahti keerata.<\/td>\n<\/tr>\n<tr>\n<td>Ta p\u00fc\u00fcdis oma tunnetes<\/td>\n<td><\/td>\n<td>\u00a0ja s\u00f5nastada uusi tahke, uitas m\u00f5tetega siia-sinna.<\/td>\n<\/tr>\n<tr>\n<td>Kell 00.26<\/td>\n<td><\/td>\n<td>\u00a0meie radarjaam kaks suure kiirusega rannale l\u00e4henevat mootorpaati.<\/td>\n<\/tr>\n<tr>\n<td>L\u00e4hme matkale, et koos midagi p\u00f5nevat<\/td>\n<td><\/td>\n<td><\/td>\n<\/tr>\n<tr>\n<td>K\u00fcsida ei julgenud, kuid siis<\/td>\n<td><\/td>\n<td>\u00a0m\u00f6\u00f6da lae \u00e4\u00e4rt mineva telefonijuhtme ja l\u00e4ksin sinna kus temagi.<\/td>\n<\/tr>\n<tr>\n<td>Enne tr\u00fckikunsti<\/td>\n<td><\/td>\n<td>\u00a0kirjutati k\u00f5ik raamatud k\u00e4sitsi.<\/td>\n<\/tr>\n<tr>\n<td>Aga vaevalt teate seda, et teie kasvandiku Erika Beermanni s\u00f5rmej\u00e4ljed<\/td>\n<td><\/td>\n<td>\u00a0m\u00f5rvatoa ukselingilt?<\/td>\n<\/tr>\n<tr>\n<td>Nad pole ikka osanud veel elusat mammutit<\/td>\n<td><\/td>\n<td>\u00a0\u2013 tegelevad alles elektroonikaga.<\/td>\n<\/tr>\n<\/tbody>\n<\/table>\n<p><strong>Mille poolest verbide\u00a0<em>avastama<\/em>\u00a0ja\u00a0<em>leiutama<\/em>\u00a0kasutamine erineb?<\/strong><\/p>\n<p>2010<\/p>\n<p>noorem<\/p>\n<p>l\u00f5ppvoor<\/p>\n<p><a href=\"https:\/\/sisu.ut.ee\/keeleylesanded\/avasta-ja-leiuta-vastus\/\">Vastus<\/a><\/p>\n","protected":false},"excerpt":{"rendered":"<p>J\u00e4rgnevatesse lausetesse tuleb lisada kas verb\u00a0avastama\u00a0v\u00f5i\u00a0leiutama\u00a0\u00a0\u00f5iges vormis. Me pole kohustatud jalgratast uuesti \u00a0ja teiste kibedaid kogemusi vahepeal kordama. Kuni ta \u00fchel p\u00e4eval et pajukoor annab lahtikoputamise j\u00e4rel end ettevaatlikult lahti keerata. Ta p\u00fc\u00fcdis oma tunnetes \u00a0ja s\u00f5nastada uusi tahke, uitas &#8230;<\/p>\n","protected":false},"author":185,"featured_media":0,"parent":0,"menu_order":0,"comment_status":"closed","ping_status":"closed","template":"","meta":{"_acf_changed":false,"inline_featured_image":false,"footnotes":""},"class_list":["post-349","page","type-page","status-publish","hentry"],"acf":[],"_links":{"self":[{"href":"https:\/\/sisu.ut.ee\/keeleylesanded\/wp-json\/wp\/v2\/pages\/349","targetHints":{"allow":["GET"]}}],"collection":[{"href":"https:\/\/sisu.ut.ee\/keeleylesanded\/wp-json\/wp\/v2\/pages"}],"about":[{"href":"https:\/\/sisu.ut.ee\/keeleylesanded\/wp-json\/wp\/v2\/types\/page"}],"author":[{"embeddable":true,"href":"https:\/\/sisu.ut.ee\/keeleylesanded\/wp-json\/wp\/v2\/users\/185"}],"replies":[{"embeddable":true,"href":"https:\/\/sisu.ut.ee\/keeleylesanded\/wp-json\/wp\/v2\/comments?post=349"}],"version-history":[{"count":2,"href":"https:\/\/sisu.ut.ee\/keeleylesanded\/wp-json\/wp\/v2\/pages\/349\/revisions"}],"predecessor-version":[{"id":1799,"href":"https:\/\/sisu.ut.ee\/keeleylesanded\/wp-json\/wp\/v2\/pages\/349\/revisions\/1799"}],"wp:attachment":[{"href":"https:\/\/sisu.ut.ee\/keeleylesanded\/wp-json\/wp\/v2\/media?parent=349"}],"curies":[{"name":"wp","href":"https:\/\/api.w.org\/{rel}","templated":true}]}}