{"id":348,"date":"2024-04-04T05:03:53","date_gmt":"2024-04-04T02:03:53","guid":{"rendered":"https:\/\/sisu.ut.ee\/keeleylesanded\/olumpiaadid\/"},"modified":"2024-11-27T08:19:46","modified_gmt":"2024-11-27T06:19:46","slug":"olumpiaadid","status":"publish","type":"page","link":"https:\/\/sisu.ut.ee\/keeleylesanded\/olumpiaadid\/","title":{"rendered":"Ol\u00fcmpiaadid"},"content":{"rendered":"<p><strong>Emakeeleol\u00fcmpiaadide ajalugu<\/strong><\/p>\n<p>Esimene kirjandusol\u00fcmpiaad toimus 1963. aastal. V\u00f5istlused on sestpeale toimunud igal aastal, esialgu vaheldumisi keele ja kirjanduse alal. 2007\/2008. \u00f5ppeaastast hakati eesti keele ol\u00fcmpiaadi korraldama igal aastal ning ol\u00fcmpiaad toimub vaheldumisi Tartu \u00dclikoolis ja Tallinna \u00dclikoolis<\/p>\n<p>Esimesed kolm ol\u00fcmpiaadi olid t\u00e4psemalt piiritlemata temaatikaga, alates neljandast ol\u00fcmpiaadist on v\u00e4lja kuulutatud valdkond, mida sel aastal k\u00e4sitletakse.<\/p>\n<table class=\"table table-hover\" style=\"width: 800px;\" border=\"1\" cellspacing=\"1\" cellpadding=\"1\">\n<thead>\n<tr>\n<th scope=\"row\"><\/th>\n<th scope=\"col\">Aasta<\/th>\n<th style=\"text-align: center;\" scope=\"col\">Ol\u00fcmpiaadi teema<\/th>\n<th style=\"text-align: center;\" scope=\"col\">Korraldaja, \u017e\u00fcrii esimees<\/th>\n<\/tr>\n<\/thead>\n<tbody>\n<tr>\n<th scope=\"row\">I<\/th>\n<td>1964<\/td>\n<td><\/td>\n<td>Tartu \u00fclikool\n<p>Gerda Laugaste<\/p><\/td>\n<\/tr>\n<tr>\n<th scope=\"row\">II<\/th>\n<td>1966<\/td>\n<td><\/td>\n<td>Tartu \u00fclikool\n<p>Gerda Laugaste<\/p><\/td>\n<\/tr>\n<tr>\n<th scope=\"row\">III<\/th>\n<td>1968<\/td>\n<td><\/td>\n<td>Tartu \u00fclikool\n<p>Gerda Laugaste<\/p><\/td>\n<\/tr>\n<tr>\n<th scope=\"row\">IV<\/th>\n<td>1970<\/td>\n<td>S\u00f5navara<\/td>\n<td>Tartu \u00fclikool\n<p>Gerda Laugaste<\/p><\/td>\n<\/tr>\n<tr>\n<th scope=\"row\">V<\/th>\n<td>1972<\/td>\n<td>Morfoloogia<\/td>\n<td>Tartu \u00fclikool\n<p>Toom \u00d5unapuu<\/p><\/td>\n<\/tr>\n<tr>\n<th scope=\"row\">VI<\/th>\n<td>1974<\/td>\n<td>Ortograafia ja interpunktsioon<\/td>\n<td>Tartu \u00fclikool\n<p>Toom \u00d5unapuu<\/p><\/td>\n<\/tr>\n<tr>\n<th scope=\"row\">VII<\/th>\n<td>1976<\/td>\n<td>Grammatiliste kategooriate seosed<\/td>\n<td>Tartu \u00fclikool\n<p>Toom \u00d5unapuu<\/p><\/td>\n<\/tr>\n<tr>\n<th scope=\"row\">VIII<\/th>\n<td>1978<\/td>\n<td>S\u00f5navaratundmine ja s\u00f5nastusevead. P\u00fchendatud A. H. Tammsaarele<\/td>\n<td>Tartu \u00fclikool\n<p>Toom \u00d5unapuu<\/p><\/td>\n<\/tr>\n<tr>\n<th scope=\"row\">IX<\/th>\n<td>1980<\/td>\n<td>S\u00fcntaks ja s\u00f5nastusoskused<\/td>\n<td>Tartu \u00fclikool\n<p>Toom \u00d5unapuu<\/p><\/td>\n<\/tr>\n<tr>\n<th scope=\"row\">X<\/th>\n<td>1982<\/td>\n<td>V\u00d5Ki otsuste rakendumise j\u00e4lgimine<\/td>\n<td>Tartu \u00dclikool\n<p>Toom \u00d5unapuu<\/p><\/td>\n<\/tr>\n<tr>\n<th scope=\"row\">XI<\/th>\n<td>1984<\/td>\n<td>S\u00f5navara<\/td>\n<td>Tartu \u00fclikool\n<p>Maia R\u00f5igas<\/p><\/td>\n<\/tr>\n<tr>\n<th scope=\"row\">XII<\/th>\n<td>1986<\/td>\n<td>Keeleteooria<\/td>\n<td>Tartu \u00fclikool\n<p>Haldur \u00d5im<\/p><\/td>\n<\/tr>\n<tr>\n<th scope=\"row\">XIII<\/th>\n<td>1988<\/td>\n<td>Nimed<\/td>\n<td>Tartu \u00fclikool\n<p>Valve-Liivi Kingissepp<\/p><\/td>\n<\/tr>\n<tr>\n<th scope=\"row\">XIV<\/th>\n<td>1990<\/td>\n<td>J. Aaviku keeleuuenduslik tegevus ja emakeele\u00f5petuse ajalugu. (P\u00fchendatud J. Aaviku 110. s\u00fcnniaastap\u00e4evale.)<\/td>\n<td>Tartu \u00fclikool\n<p>Ellen Uusp\u00f5ld<\/p><\/td>\n<\/tr>\n<tr>\n<th scope=\"row\">XV<\/th>\n<td>1992<\/td>\n<td>Inglise laenud mingis v\u00e4ljaandes; (meie kandi) sildid, teated, kuulutused<\/td>\n<td>Tartu \u00fclikool\n<p>Jaak Peebo<\/p><\/td>\n<\/tr>\n<tr>\n<th scope=\"row\">XVI<\/th>\n<td>1994<\/td>\n<td>Emakeele avalik kasutamine meie igap\u00e4evases elus<\/td>\n<td>Tartu \u00fclikool\n<p>Reet Kasik<\/p><\/td>\n<\/tr>\n<tr>\n<th scope=\"row\">XVII<\/th>\n<td>1996<\/td>\n<td>Eesti keele variandid<\/td>\n<td>Tartu \u00fclikool\n<p>Jaak Peebo<\/p><\/td>\n<\/tr>\n<tr>\n<th scope=\"row\">XVIII<\/th>\n<td>1998<\/td>\n<td>Lause\u00f5petus<\/td>\n<td>Tartu \u00fclikool\n<p>Valve-Liivi Kingissepp<\/p><\/td>\n<\/tr>\n<tr>\n<th scope=\"row\">XIX<\/th>\n<td>2000<\/td>\n<td>Keele variatiivsus, kirjakeele ja k\u00f5nekeele vahekord<\/td>\n<td>Tartu \u00fclikool\n<p>Reet Kasik<\/p><\/td>\n<\/tr>\n<tr>\n<th scope=\"row\">XX<\/th>\n<td>2002<\/td>\n<td>Nimed ja nende uurimine<\/td>\n<td>Tartu \u00fclikool\n<p>Kersi Lepaj\u00f5e<\/p><\/td>\n<\/tr>\n<tr>\n<th scope=\"row\">XXI<\/th>\n<td>2004<\/td>\n<td>Eesti keel ja Euroopa Liit<\/td>\n<td>Tartu \u00fclikool\n<p>Pire Teras<\/p><\/td>\n<\/tr>\n<tr>\n<th scope=\"row\">XXII<\/th>\n<td>2006<\/td>\n<td>N\u00fc\u00fcdiskultuuri kajastusi eesti keeles<\/td>\n<td>Tartu \u00fclikool\n<p>K\u00fclli Habicht<\/p><\/td>\n<\/tr>\n<tr>\n<th scope=\"row\">XXIII<\/th>\n<td>2008<\/td>\n<td>Keele muutumine<\/td>\n<td>Tartu \u00fclikool\n<p>Maigi Vija<\/p><\/td>\n<\/tr>\n<tr>\n<th scope=\"row\">XXIV<\/th>\n<td>2009<\/td>\n<td>Toimiv emakeel ja tekstimaailm<\/td>\n<td>Tallinna \u00fclikool\n<p>J\u00fcri Viikberg<\/p><\/td>\n<\/tr>\n<tr>\n<th scope=\"row\">XXV<\/th>\n<td>2010<\/td>\n<td>Meedia keel<\/td>\n<td>Tartu \u00fclikool\n<p>Kersti Lepaj\u00f5e<\/p><\/td>\n<\/tr>\n<tr>\n<th scope=\"row\">XXVI<\/th>\n<td>2011<\/td>\n<td>Igap\u00e4evasuhtluse keel<\/td>\n<td>Tallinna \u00fclikool\n<p>J\u00fcri Viikberg<\/p><\/td>\n<\/tr>\n<tr>\n<th scope=\"row\">XXVII<\/th>\n<td>2012<\/td>\n<td>Keel ja arvuti<\/td>\n<td>Tartu \u00fclikool\n<p>Kadri Muischnek<\/p><\/td>\n<\/tr>\n<tr>\n<th scope=\"row\">XXVIII<\/th>\n<td>2013<\/td>\n<td>\u00d5igekeelsus keelemaastikul, meedias ja mujal<\/td>\n<td>Tallinna \u00fclikool\n<p>Reili Argus<\/p><\/td>\n<\/tr>\n<tr>\n<th scope=\"row\">XXIX<\/th>\n<td>2014<\/td>\n<td>S\u00f5navara \u00f5pilase pilguga<\/td>\n<td>Tartu \u00fclikool\n<p>Kristel Ress<\/p><\/td>\n<\/tr>\n<tr>\n<th scope=\"row\">XXX<\/th>\n<td>2015<\/td>\n<td>Ilus eestikeelne lause<\/td>\n<td>Tallinna \u00fclikool\n<p>Merilin\u00a0Aruvee, Helin Puksand<\/p><\/td>\n<\/tr>\n<tr>\n<th scope=\"row\">XXXI<\/th>\n<td>2016<\/td>\n<td>Nimed minevikus ja t\u00e4nap\u00e4eval<\/td>\n<td>Tartu \u00fclikool\n<p>Helen Plado<\/p><\/td>\n<\/tr>\n<tr>\n<th scope=\"row\">XXXII<\/th>\n<td>2017<\/td>\n<td>Stiil ja sonavara<\/td>\n<td>Tallinna \u00fclikool\n<p>Merilin Aruvee<\/p><\/td>\n<\/tr>\n<tr>\n<th scope=\"row\">XXXIII<\/th>\n<td>2018<\/td>\n<td>Eesti keel kui riigikeel<\/td>\n<td>Tartu \u00fclikool\n<p>Katrin Kern<\/p><\/td>\n<\/tr>\n<tr>\n<th scope=\"row\">XXXIV<\/th>\n<td>2019<\/td>\n<td>Eesti oskuskeel koolis ja igap\u00e4evaelus<\/td>\n<td>Tallinna \u00fclikool\n<p>Merilin Aruvee<\/p><\/td>\n<\/tr>\n<\/tbody>\n<\/table>\n<p>L\u00fchike\u00a0\u00fclevaade\u00a0olumpiaadide ajaloost on esitatud Maia R\u00f5igase artiklis \u201cEesti keele \u00f5petamise metoodika Tartu \u00fclikoolis\u201d\u00a0 kogumikus \u201c200 aastat eesti keele \u00fclikooli\u00f5pet\u201d (Tartu, 2003). Alates 2002. aastast toimunud olumpiaadide kohta leiab teavet Tartu \u00fclikooli teaduskooli lehek\u00fcljel emakeelolumpiaadide arhiivist (<a href=\"https:\/\/www.teaduskool.ut.ee\/et\/olumpiaadid\/emakeele-olumpiaadi-arhiiv\">https:\/\/www.teaduskool.ut.ee\/et\/olumpiaadid\/emakeele-olumpiaadi-arhiiv<\/a>)<\/p>\n","protected":false},"excerpt":{"rendered":"<p>Emakeeleol\u00fcmpiaadide ajalugu Esimene kirjandusol\u00fcmpiaad toimus 1963. aastal. V\u00f5istlused on sestpeale toimunud igal aastal, esialgu vaheldumisi keele ja kirjanduse alal. 2007\/2008. \u00f5ppeaastast hakati eesti keele ol\u00fcmpiaadi korraldama igal aastal ning ol\u00fcmpiaad toimub vaheldumisi Tartu \u00dclikoolis ja Tallinna \u00dclikoolis Esimesed kolm ol\u00fcmpiaadi &#8230;<\/p>\n","protected":false},"author":185,"featured_media":0,"parent":0,"menu_order":0,"comment_status":"closed","ping_status":"closed","template":"","meta":{"_acf_changed":false,"inline_featured_image":false,"footnotes":""},"class_list":["post-348","page","type-page","status-publish","hentry"],"acf":[],"_links":{"self":[{"href":"https:\/\/sisu.ut.ee\/keeleylesanded\/wp-json\/wp\/v2\/pages\/348","targetHints":{"allow":["GET"]}}],"collection":[{"href":"https:\/\/sisu.ut.ee\/keeleylesanded\/wp-json\/wp\/v2\/pages"}],"about":[{"href":"https:\/\/sisu.ut.ee\/keeleylesanded\/wp-json\/wp\/v2\/types\/page"}],"author":[{"embeddable":true,"href":"https:\/\/sisu.ut.ee\/keeleylesanded\/wp-json\/wp\/v2\/users\/185"}],"replies":[{"embeddable":true,"href":"https:\/\/sisu.ut.ee\/keeleylesanded\/wp-json\/wp\/v2\/comments?post=348"}],"version-history":[{"count":2,"href":"https:\/\/sisu.ut.ee\/keeleylesanded\/wp-json\/wp\/v2\/pages\/348\/revisions"}],"predecessor-version":[{"id":1769,"href":"https:\/\/sisu.ut.ee\/keeleylesanded\/wp-json\/wp\/v2\/pages\/348\/revisions\/1769"}],"wp:attachment":[{"href":"https:\/\/sisu.ut.ee\/keeleylesanded\/wp-json\/wp\/v2\/media?parent=348"}],"curies":[{"name":"wp","href":"https:\/\/api.w.org\/{rel}","templated":true}]}}