{"id":345,"date":"2024-04-04T05:03:52","date_gmt":"2024-04-04T02:03:52","guid":{"rendered":"https:\/\/sisu.ut.ee\/keeleylesanded\/vanad-terminid\/"},"modified":"2024-11-29T13:41:16","modified_gmt":"2024-11-29T11:41:16","slug":"vanad-terminid","status":"publish","type":"page","link":"https:\/\/sisu.ut.ee\/keeleylesanded\/vanad-terminid\/","title":{"rendered":"Vanad terminid"},"content":{"rendered":"<p><strong>Allpool on esitatud mitu p\u00f5lvkonda tagasi kasutusel olnud v\u00f5i kasutusele v\u00f5tta soovitatud oskuss\u00f5nade nimistu, sulgudes on lisatud termini kasutusvaldkond. Kirjutage nende k\u00f5rvale samade s\u00f5nade n\u00fc\u00fcdisaegsed vasted.<\/strong><\/p>\n<p style=\"text-align: justify;\">\n<\/p><p style=\"text-align: justify;\">kuumat\u00f5bi (<em>meditsiin<\/em>)<\/p>\n<p style=\"text-align: justify;\">vee-\u00e4rahingamine\u00a0(<em>f\u00fc\u00fcsika<\/em>)<\/p>\n<p style=\"text-align: justify;\">\u00fcmmargune kuhi\u00a0(<em>matemaatika<\/em>)<\/p>\n<p style=\"text-align: justify;\">kandiline kuhi (<em>matemaatika<\/em>)<\/p>\n<p style=\"text-align: justify;\">helis\u00fcnnitaja (<em>muusika<\/em>)<\/p>\n<p style=\"text-align: justify;\">kolmenurga teadus (<em>matemaatika<\/em>)<\/p>\n<p style=\"text-align: justify;\">laulum\u00e4ng (<em>muusika<\/em>)<\/p>\n<p style=\"text-align: justify;\">m\u00f5tlemisem\u00e4rk (<em>keeleteadus<\/em>)<\/p>\n<p style=\"text-align: justify;\">kuningarodu (<em>ajalugu<\/em>)<\/p>\n<p style=\"text-align: justify;\">\n<\/p><p style=\"text-align: justify;\">2006<\/p>\n<p style=\"text-align: justify;\">vanem<\/p>\n<p><a href=\"https:\/\/sisu.ut.ee\/keeleylesanded\/vanad-terminid-vastus\/\">Vastus<\/a><\/p>\n<p style=\"text-align: justify;\">l\u00f5ppvoor<\/p>\n","protected":false},"excerpt":{"rendered":"<p>Allpool on esitatud mitu p\u00f5lvkonda tagasi kasutusel olnud v\u00f5i kasutusele v\u00f5tta soovitatud oskuss\u00f5nade nimistu, sulgudes on lisatud termini kasutusvaldkond. Kirjutage nende k\u00f5rvale samade s\u00f5nade n\u00fc\u00fcdisaegsed vasted. kuumat\u00f5bi (meditsiin) vee-\u00e4rahingamine\u00a0(f\u00fc\u00fcsika) \u00fcmmargune kuhi\u00a0(matemaatika) kandiline kuhi (matemaatika) helis\u00fcnnitaja (muusika) kolmenurga teadus (matemaatika) laulum\u00e4ng &#8230;<\/p>\n","protected":false},"author":185,"featured_media":0,"parent":0,"menu_order":0,"comment_status":"closed","ping_status":"closed","template":"","meta":{"_acf_changed":false,"inline_featured_image":false,"footnotes":""},"class_list":["post-345","page","type-page","status-publish","hentry"],"acf":[],"_links":{"self":[{"href":"https:\/\/sisu.ut.ee\/keeleylesanded\/wp-json\/wp\/v2\/pages\/345","targetHints":{"allow":["GET"]}}],"collection":[{"href":"https:\/\/sisu.ut.ee\/keeleylesanded\/wp-json\/wp\/v2\/pages"}],"about":[{"href":"https:\/\/sisu.ut.ee\/keeleylesanded\/wp-json\/wp\/v2\/types\/page"}],"author":[{"embeddable":true,"href":"https:\/\/sisu.ut.ee\/keeleylesanded\/wp-json\/wp\/v2\/users\/185"}],"replies":[{"embeddable":true,"href":"https:\/\/sisu.ut.ee\/keeleylesanded\/wp-json\/wp\/v2\/comments?post=345"}],"version-history":[{"count":2,"href":"https:\/\/sisu.ut.ee\/keeleylesanded\/wp-json\/wp\/v2\/pages\/345\/revisions"}],"predecessor-version":[{"id":2055,"href":"https:\/\/sisu.ut.ee\/keeleylesanded\/wp-json\/wp\/v2\/pages\/345\/revisions\/2055"}],"wp:attachment":[{"href":"https:\/\/sisu.ut.ee\/keeleylesanded\/wp-json\/wp\/v2\/media?parent=345"}],"curies":[{"name":"wp","href":"https:\/\/api.w.org\/{rel}","templated":true}]}}