{"id":344,"date":"2024-04-04T05:03:52","date_gmt":"2024-04-04T02:03:52","guid":{"rendered":"https:\/\/sisu.ut.ee\/keeleylesanded\/uued-sonad-sonaraamatus\/"},"modified":"2024-11-29T13:27:54","modified_gmt":"2024-11-29T11:27:54","slug":"uued-sonad-sonaraamatus","status":"publish","type":"page","link":"https:\/\/sisu.ut.ee\/keeleylesanded\/uued-sonad-sonaraamatus\/","title":{"rendered":"Uued s\u00f5nad s\u00f5naraamatus"},"content":{"rendered":"<p style=\"text-align: justify;\"><strong>Eesti Keele Instituudi kodulehe lingilt \u201c\u00d5Si uued s\u00f5nad\u201d on v\u00f5etud j\u00e4rgmised k\u00fcmme s\u00f5na. Otsi t\u00e4htedega t\u00e4hisatud s\u00f5nadele vasted ja kirjuta need s\u00f5na j\u00e4rele.<\/strong><\/p>\n<p>A\u00a0 \u00a0alarakendatus<\/p>\n<p>B\u00a0 \u00a0d\u017eihaad<\/p>\n<p>C\u00a0 \u00a0k\u00f6\u00f6gihunt<\/p>\n<p>E\u00a0 \u00a0pesto<\/p>\n<p>F\u00a0 \u00a0reiki<\/p>\n<p>G\u00a0 \u00a0ajatolla<\/p>\n<p>H\u00a0 \u00a0eestk\u00f5neleja<\/p>\n<p>I\u00a0 \u00a0identiteedivargus<\/p>\n<p>J\u00a0 \u00a0kabanoss<\/p>\n<p>K\u00a0 \u00a0tortelliin<\/p>\n<p>Vasted:<\/p>\n<ol>\n<li>(kellegi-millegi) esindaja<\/li>\n<li>jaapani tervendamiskunst<\/li>\n<li>s\u00f5\u00f5rjas t\u00e4idisega makaron<\/li>\n<li>\u0161iiitide k\u00f5rgem vaimulik<\/li>\n<li>pikk peenike vorst<\/li>\n<li>basiilikust, oliivi\u00f5list ja piiniaseemnetest kaste<\/li>\n<li>teise isiku andmete loata kasutamine<\/li>\n<li>t\u00f6\u00f6tamine osalise t\u00f6\u00f6ajaga<\/li>\n<li>islami p\u00fcha s\u00f5da<\/li>\n<li>toiduj\u00e4\u00e4tmepurusti<\/li>\n<\/ol>\n<p>2010<\/p>\n<p>noorem<\/p>\n<p>l\u00f5ppvoor<\/p>\n<p><a href=\"https:\/\/sisu.ut.ee\/keeleylesanded\/uued-sonad-sonaraamatus-vastus\/\">Vastus<\/a><\/p>\n","protected":false},"excerpt":{"rendered":"<p>Eesti Keele Instituudi kodulehe lingilt \u201c\u00d5Si uued s\u00f5nad\u201d on v\u00f5etud j\u00e4rgmised k\u00fcmme s\u00f5na. Otsi t\u00e4htedega t\u00e4hisatud s\u00f5nadele vasted ja kirjuta need s\u00f5na j\u00e4rele. A\u00a0 \u00a0alarakendatus B\u00a0 \u00a0d\u017eihaad C\u00a0 \u00a0k\u00f6\u00f6gihunt E\u00a0 \u00a0pesto F\u00a0 \u00a0reiki G\u00a0 \u00a0ajatolla H\u00a0 \u00a0eestk\u00f5neleja I\u00a0 \u00a0identiteedivargus J\u00a0 &#8230;<\/p>\n","protected":false},"author":185,"featured_media":0,"parent":0,"menu_order":0,"comment_status":"closed","ping_status":"closed","template":"","meta":{"_acf_changed":false,"inline_featured_image":false,"footnotes":""},"class_list":["post-344","page","type-page","status-publish","hentry"],"acf":[],"_links":{"self":[{"href":"https:\/\/sisu.ut.ee\/keeleylesanded\/wp-json\/wp\/v2\/pages\/344","targetHints":{"allow":["GET"]}}],"collection":[{"href":"https:\/\/sisu.ut.ee\/keeleylesanded\/wp-json\/wp\/v2\/pages"}],"about":[{"href":"https:\/\/sisu.ut.ee\/keeleylesanded\/wp-json\/wp\/v2\/types\/page"}],"author":[{"embeddable":true,"href":"https:\/\/sisu.ut.ee\/keeleylesanded\/wp-json\/wp\/v2\/users\/185"}],"replies":[{"embeddable":true,"href":"https:\/\/sisu.ut.ee\/keeleylesanded\/wp-json\/wp\/v2\/comments?post=344"}],"version-history":[{"count":2,"href":"https:\/\/sisu.ut.ee\/keeleylesanded\/wp-json\/wp\/v2\/pages\/344\/revisions"}],"predecessor-version":[{"id":2034,"href":"https:\/\/sisu.ut.ee\/keeleylesanded\/wp-json\/wp\/v2\/pages\/344\/revisions\/2034"}],"wp:attachment":[{"href":"https:\/\/sisu.ut.ee\/keeleylesanded\/wp-json\/wp\/v2\/media?parent=344"}],"curies":[{"name":"wp","href":"https:\/\/api.w.org\/{rel}","templated":true}]}}