{"id":341,"date":"2024-04-04T05:03:52","date_gmt":"2024-04-04T02:03:52","guid":{"rendered":"https:\/\/sisu.ut.ee\/keeleylesanded\/spordijutu-stiil\/"},"modified":"2024-11-29T12:50:37","modified_gmt":"2024-11-29T10:50:37","slug":"spordijutu-stiil","status":"publish","type":"page","link":"https:\/\/sisu.ut.ee\/keeleylesanded\/spordijutu-stiil\/","title":{"rendered":"Spordijutu stiil"},"content":{"rendered":"<p style=\"text-align: justify;\"><strong>Sport on kirglik valdkond ja spordiajakirjanduses v\u00f5ivad emotsioonid teinekord \u00fcle pea kokku l\u00fc\u00fca. Kujutle, et oled spordik\u00fclje toimetaja ja sinu lauale on j\u00f5udnud sellise sissejuhatusega artikkel. Paranda selle stiili, k\u00f5rvalda ilmsed liialdused kujundlikkuses ja m\u00f5ttetud fennismid (soomep\u00e4rasused).<\/strong><\/p>\n<p style=\"text-align: justify;\">\n<\/p><div style=\"text-align: justify;\">Jalgpall, see m\u00e4ngude kuningas, on ka Eestis l\u00f5puks sellele troonile p\u00e4\u00e4semas, millel seni eestlaste s\u00fcdames istus korvpall. Meie nahkkeramehed on hakanud \u00fcha rohkem oma sisu n\u00e4itama, m\u00f6\u00f6das on r\u00e4iged h\u00e4vimised ja viimased esitused palliplatsil lasevad \u00f6elda, et on lootust ka maailma parimate rinnale j\u00f5uda.<\/div>\n<div style=\"text-align: justify;\">\u00dcks p\u00f5hjus, milles edu v\u00f5tit otsida, on kahtlemata treenerivalik. Tiimi pomo ei ole lihtsalt\u00a0mees, kes \u00fctleb, kuhu joosta. V\u00f5ib isegi nii \u00f6elda, et treeneri isiksus m\u00e4\u00e4rab meeskonna\u00a0k\u00e4ekirja. M\u00e4letame koondise kupja valikut, kui esmakordselt tuli jutuks, et see ei pea ilmtingimata Maarjamaa mehi olema. Murti siis piike, nii et laastud lendasid ja l\u00f5puks toodigi tulpide ja tuulikute maalt esimene v\u00f5\u00f5rleegion\u00e4r. Kui tolle kontraht \u00fcmber sai, ei hakatud mantlip\u00e4rijat kaugelt otsima. Ja n\u00fc\u00fcd siis, kui abitreeneri palkamise\u00a0kuuma kartulit oli juba t\u00fckk aega edasi-tagasi veeretatud, on liisk samuti langenud puukingamaisele mehele.<\/div>\n<div style=\"text-align: justify;\"><\/div>\n<div style=\"text-align: justify;\">2006<\/div>\n<div style=\"text-align: justify;\">vanem<\/div>\n<div style=\"text-align: justify;\">l\u00f5ppvoor<\/div>\n<div><\/div>\n<div><a href=\"https:\/\/sisu.ut.ee\/keeleylesanded\/spordijutu-stiil-vastus\/\">Vastus<\/a><\/div>\n","protected":false},"excerpt":{"rendered":"<p>Sport on kirglik valdkond ja spordiajakirjanduses v\u00f5ivad emotsioonid teinekord \u00fcle pea kokku l\u00fc\u00fca. Kujutle, et oled spordik\u00fclje toimetaja ja sinu lauale on j\u00f5udnud sellise sissejuhatusega artikkel. Paranda selle stiili, k\u00f5rvalda ilmsed liialdused kujundlikkuses ja m\u00f5ttetud fennismid (soomep\u00e4rasused). Jalgpall, see m\u00e4ngude &#8230;<\/p>\n","protected":false},"author":185,"featured_media":0,"parent":0,"menu_order":0,"comment_status":"closed","ping_status":"closed","template":"","meta":{"_acf_changed":false,"inline_featured_image":false,"footnotes":""},"class_list":["post-341","page","type-page","status-publish","hentry"],"acf":[],"_links":{"self":[{"href":"https:\/\/sisu.ut.ee\/keeleylesanded\/wp-json\/wp\/v2\/pages\/341","targetHints":{"allow":["GET"]}}],"collection":[{"href":"https:\/\/sisu.ut.ee\/keeleylesanded\/wp-json\/wp\/v2\/pages"}],"about":[{"href":"https:\/\/sisu.ut.ee\/keeleylesanded\/wp-json\/wp\/v2\/types\/page"}],"author":[{"embeddable":true,"href":"https:\/\/sisu.ut.ee\/keeleylesanded\/wp-json\/wp\/v2\/users\/185"}],"replies":[{"embeddable":true,"href":"https:\/\/sisu.ut.ee\/keeleylesanded\/wp-json\/wp\/v2\/comments?post=341"}],"version-history":[{"count":2,"href":"https:\/\/sisu.ut.ee\/keeleylesanded\/wp-json\/wp\/v2\/pages\/341\/revisions"}],"predecessor-version":[{"id":1984,"href":"https:\/\/sisu.ut.ee\/keeleylesanded\/wp-json\/wp\/v2\/pages\/341\/revisions\/1984"}],"wp:attachment":[{"href":"https:\/\/sisu.ut.ee\/keeleylesanded\/wp-json\/wp\/v2\/media?parent=341"}],"curies":[{"name":"wp","href":"https:\/\/api.w.org\/{rel}","templated":true}]}}