{"id":337,"date":"2024-04-04T05:03:52","date_gmt":"2024-04-04T02:03:52","guid":{"rendered":"https:\/\/sisu.ut.ee\/keeleylesanded\/kahest-sonast-kolmas\/"},"modified":"2024-11-28T23:39:19","modified_gmt":"2024-11-28T21:39:19","slug":"kahest-sonast-kolmas","status":"publish","type":"page","link":"https:\/\/sisu.ut.ee\/keeleylesanded\/kahest-sonast-kolmas\/","title":{"rendered":"Kahest s\u00f5nast kolmas"},"content":{"rendered":"<p><strong>Ole leidlik ja koosta kahest s\u00f5nast v\u00f5i s\u00f5naosast kolmas. Osiste ja leitava s\u00f5na t\u00e4hendus on antud, \u00f5ige s\u00f5na leia ise.<\/strong><\/p>\n<p>N\u00e4idis: DIA <em>kreeka keele eesliide<\/em> \u2018l\u00e4bi-. pooleks-, lahku\u2019<\/p>\n<p>LOOG <em>mahaniidetud hein<\/em><\/p>\n<p>DIALOOG\u00a0<em>kahek\u00f5ne<\/em><\/p>\n<p>1. \u2026\u2026\u2026\u2026\u2026\u2026\u2026\u2026.\u00a0<em>plaan<\/em><\/p>\n<p><em>\u00a0 \u00a0<\/em>\u2026\u2026\u2026\u2026\u2026\u2026\u2026\u2026.\u00a0<em>endisaegne pinnam\u00f5\u00f5t<\/em><\/p>\n<p><em>\u00a0 \u00a0<\/em>\u2026\u2026\u2026\u2026\u2026\u2026\u2026\u2026.<em>v\u00e4ike l\u00fc\u00fcriline soololaul v\u00f5i instrumentaalteos<\/em><\/p>\n<p>2.\u00a0\u2026\u2026\u2026\u2026\u2026\u2026\u2026\u2026.\u00a0<em>kreeka p\u00e4ritolu eesliide\u00a0<\/em>\u2018k\u00f5rval-, kaas-, v\u00e4\u00e4r\u2019<\/p>\n<p>\u2026\u2026\u2026\u2026\u2026\u2026\u2026\u2026.\u00a0<em>sisutu v\u00e4ljend, s\u00f5nak\u00f5lks<\/em><\/p>\n<p><em>\u00a0\u00a0<\/em>\u2026\u2026\u2026\u2026\u2026\u2026\u2026\u2026.\u00a0<em>\u00fcmbers\u00f5nastus<\/em><\/p>\n<p>3.\u00a0\u2026\u2026\u2026\u2026\u2026\u2026\u2026\u2026.\u00a0<em>ettev\u00f5tte m\u00e4rk v\u00f5i tunnuslause<\/em><\/p>\n<p><em>\u00a0 \u00a0<\/em>\u2026\u2026\u2026\u2026\u2026\u2026\u2026\u2026.\u00a0<em>massi\u00fchik<\/em><\/p>\n<p><em>\u00a0 \u00a0<\/em>\u2026\u2026\u2026\u2026\u2026\u2026\u2026\u2026.\u00a0<i>s\u00f5nam\u00e4rk<\/i><\/p>\n<p>4.\u00a0\u2026\u2026\u2026\u2026\u2026\u2026\u2026\u2026.\u00a0<em>dokument, toimik<\/em><\/p>\n<p><em>\u00a0 \u00a0<\/em>\u2026\u2026\u2026\u2026\u2026\u2026\u2026\u2026.\u00a0<em>raha\u00fchik<\/em><\/p>\n<p><em>\u00a0 \u00a0<\/em>\u2026\u2026\u2026\u2026\u2026\u2026\u2026\u2026.\u00a0<em>v\u00f5\u00f5rap\u00e4rane h\u00e4\u00e4ldusviis<\/em><\/p>\n<p>5.\u00a0\u2026\u2026\u2026\u2026\u2026\u2026\u2026\u2026.\u00a0<em>kreeka p\u00e4ritolu eesliide\u00a0<\/em>\u2018sama-, \u00fchesugune\u2019<\/p>\n<p>\u2026\u2026\u2026\u2026\u2026\u2026\u2026\u2026.\u00a0<em>taust, tagap\u00f5hi<\/em><\/p>\n<p><em>\u00a0 \u00a0<\/em>\u2026\u2026\u2026\u2026\u2026\u2026\u2026\u2026.\u00a0<em>samak\u00f5laline s\u00f5na<\/em><\/p>\n<p>6.\u00a0\u2026\u2026\u2026\u2026\u2026\u2026\u2026\u2026.\u00a0<em>teatud amet<\/em><\/p>\n<p><em>\u00a0 \u00a0<\/em>\u2026\u2026\u2026\u2026\u2026\u2026\u2026\u2026.\u00a0<em>veo\u00f5ng, vedel<\/em><\/p>\n<p><em>\u00a0 \u00a0<\/em>\u2026\u2026\u2026\u2026\u2026\u2026\u2026\u2026.\u00a0<em>sisih\u00e4\u00e4lik<\/em><\/p>\n<p>7.\u00a0\u2026\u2026\u2026\u2026\u2026\u2026\u2026\u2026.\u00a0<em>isikuline ases\u00f5na<\/em><\/p>\n<p><em>\u00a0 \u00a0<\/em>\u2026\u2026\u2026\u2026\u2026\u2026\u2026\u2026.\u00a0<em>juhtimisorgan<\/em><\/p>\n<p><em>\u00a0 \u00a0<\/em>\u2026\u2026\u2026\u2026\u2026\u2026\u2026\u2026.\u00a0<em>m\u00f5\u00f5tkava, m\u00f5\u00f5t<\/em><\/p>\n<p>8. \u2026\u2026\u2026\u2026\u2026\u2026\u2026\u2026.\u00a0<em>kreeka p\u00e4ritolu eesliide\u00a0<\/em>\u2018kaas-, j\u00e4rel-, taga-, \u00fcmber-\u2018<\/p>\n<p>\u2026\u2026\u2026\u2026\u2026\u2026\u2026\u2026.\u00a0<em>m\u00e4rguvalgustus<\/em><\/p>\n<p><em>\u00a0 \u00a0<\/em>\u2026\u2026\u2026\u2026\u2026\u2026\u2026\u2026.\u00a0<em>k\u00f5nekujund<\/em><\/p>\n<p>9.\u00a0\u2026\u2026\u2026\u2026\u2026\u2026\u2026\u2026.\u00a0<em>noodinimetus<\/em><\/p>\n<p><em>\u00a0 \u00a0<\/em>\u2026\u2026\u2026\u2026\u2026\u2026\u2026\u2026.\u00a0<em>raha\u00fchik<\/em><\/p>\n<p><em>\u00a0 \u00a0<\/em>\u2026\u2026\u2026\u2026\u2026\u2026\u2026\u2026.\u00a0<em>\u00e4\u00e4rem\u00e4rkus, m\u00e4rkus<\/em><\/p>\n<p>10.\u00a0\u2026\u2026\u2026\u2026\u2026\u2026\u2026\u2026.\u00a0<em>isikulise ases\u00f5na omastava k\u00e4\u00e4nde vorm<\/em><\/p>\n<p><em>\u00a0 \u00a0<\/em>\u2026\u2026\u2026\u2026\u2026\u2026\u2026\u2026.\u00a0<em>vaev, kannatus<\/em><\/p>\n<p><em>\u00a0 \u00a0<\/em>\u2026\u2026\u2026\u2026\u2026\u2026\u2026\u2026.\u00a0ma-<em>tegevusnimi<\/em><\/p>\n<p>\u200b\u200b\u200b\u200b\u200b\u200b\u200b<\/p>\n<p>2006<\/p>\n<p>vanem<\/p>\n<p>l\u00f5ppvoor<\/p>\n<p><a href=\"https:\/\/sisu.ut.ee\/keeleylesanded\/kahest-sonast-kolmas-vastus\/\">Vastus<\/a><\/p>\n","protected":false},"excerpt":{"rendered":"<p>Ole leidlik ja koosta kahest s\u00f5nast v\u00f5i s\u00f5naosast kolmas. Osiste ja leitava s\u00f5na t\u00e4hendus on antud, \u00f5ige s\u00f5na leia ise. N\u00e4idis: DIA kreeka keele eesliide \u2018l\u00e4bi-. pooleks-, lahku\u2019 LOOG mahaniidetud hein DIALOOG\u00a0kahek\u00f5ne 1. \u2026\u2026\u2026\u2026\u2026\u2026\u2026\u2026.\u00a0plaan \u00a0 \u00a0\u2026\u2026\u2026\u2026\u2026\u2026\u2026\u2026.\u00a0endisaegne pinnam\u00f5\u00f5t \u00a0 \u00a0\u2026\u2026\u2026\u2026\u2026\u2026\u2026\u2026.v\u00e4ike l\u00fc\u00fcriline &#8230;<\/p>\n","protected":false},"author":185,"featured_media":0,"parent":0,"menu_order":0,"comment_status":"closed","ping_status":"closed","template":"","meta":{"_acf_changed":false,"inline_featured_image":false,"footnotes":""},"class_list":["post-337","page","type-page","status-publish","hentry"],"acf":[],"_links":{"self":[{"href":"https:\/\/sisu.ut.ee\/keeleylesanded\/wp-json\/wp\/v2\/pages\/337","targetHints":{"allow":["GET"]}}],"collection":[{"href":"https:\/\/sisu.ut.ee\/keeleylesanded\/wp-json\/wp\/v2\/pages"}],"about":[{"href":"https:\/\/sisu.ut.ee\/keeleylesanded\/wp-json\/wp\/v2\/types\/page"}],"author":[{"embeddable":true,"href":"https:\/\/sisu.ut.ee\/keeleylesanded\/wp-json\/wp\/v2\/users\/185"}],"replies":[{"embeddable":true,"href":"https:\/\/sisu.ut.ee\/keeleylesanded\/wp-json\/wp\/v2\/comments?post=337"}],"version-history":[{"count":2,"href":"https:\/\/sisu.ut.ee\/keeleylesanded\/wp-json\/wp\/v2\/pages\/337\/revisions"}],"predecessor-version":[{"id":1844,"href":"https:\/\/sisu.ut.ee\/keeleylesanded\/wp-json\/wp\/v2\/pages\/337\/revisions\/1844"}],"wp:attachment":[{"href":"https:\/\/sisu.ut.ee\/keeleylesanded\/wp-json\/wp\/v2\/media?parent=337"}],"curies":[{"name":"wp","href":"https:\/\/api.w.org\/{rel}","templated":true}]}}