{"id":336,"date":"2024-04-04T05:03:52","date_gmt":"2024-04-04T02:03:52","guid":{"rendered":"https:\/\/sisu.ut.ee\/keeleylesanded\/antonuumid-ii\/"},"modified":"2024-11-28T14:41:45","modified_gmt":"2024-11-28T12:41:45","slug":"antonuumid-ii","status":"publish","type":"page","link":"https:\/\/sisu.ut.ee\/keeleylesanded\/antonuumid-ii\/","title":{"rendered":"Anton\u00fc\u00fcmid (II)"},"content":{"rendered":"<p style=\"text-align: justify;\"><strong>Moodustege igale s\u00f5nale \u00fcks sobiv\u00a0<u>samat\u00fcveline<\/u>\u00a0anton\u00fc\u00fcm. Anton\u00fc\u00fcmi esitamisel ei tohi kasutada s\u00f5na\u00a0<em>mitte\u00a0<\/em>(nt\u00a0<em>kortsuv\u00a0\u2013 mittekortsuv<\/em>), vaid tuleb leida muu lahendus.<\/strong><\/p>\n<ol>\n<li style=\"text-align: justify;\">andekas<\/li>\n<li style=\"text-align: justify;\">s\u00f5nakus<\/li>\n<li style=\"text-align: justify;\">harmoonia<\/li>\n<li style=\"text-align: justify;\">kartlik<\/li>\n<li style=\"text-align: justify;\">s\u00fcmpaatia<\/li>\n<li style=\"text-align: justify;\">poliitiline<\/li>\n<li style=\"text-align: justify;\">kangelane<\/li>\n<li style=\"text-align: justify;\">alistama<\/li>\n<li style=\"text-align: justify;\">kortsuv<\/li>\n<li style=\"text-align: justify;\">\u00f5ige<\/li>\n<\/ol>\n<p>2010<\/p>\n<p>keskmine<\/p>\n<p>l\u00f5ppvoor<\/p>\n<p><a href=\"https:\/\/sisu.ut.ee\/keeleylesanded\/antonuumid-ii-vastus\/\">Vastus<\/a><\/p>\n","protected":false},"excerpt":{"rendered":"<p>Moodustege igale s\u00f5nale \u00fcks sobiv\u00a0samat\u00fcveline\u00a0anton\u00fc\u00fcm. Anton\u00fc\u00fcmi esitamisel ei tohi kasutada s\u00f5na\u00a0mitte\u00a0(nt\u00a0kortsuv\u00a0\u2013 mittekortsuv), vaid tuleb leida muu lahendus. andekas s\u00f5nakus harmoonia kartlik s\u00fcmpaatia poliitiline kangelane alistama kortsuv \u00f5ige 2010 keskmine l\u00f5ppvoor Vastus<\/p>\n","protected":false},"author":185,"featured_media":0,"parent":0,"menu_order":0,"comment_status":"closed","ping_status":"closed","template":"","meta":{"_acf_changed":false,"inline_featured_image":false,"footnotes":""},"class_list":["post-336","page","type-page","status-publish","hentry"],"acf":[],"_links":{"self":[{"href":"https:\/\/sisu.ut.ee\/keeleylesanded\/wp-json\/wp\/v2\/pages\/336","targetHints":{"allow":["GET"]}}],"collection":[{"href":"https:\/\/sisu.ut.ee\/keeleylesanded\/wp-json\/wp\/v2\/pages"}],"about":[{"href":"https:\/\/sisu.ut.ee\/keeleylesanded\/wp-json\/wp\/v2\/types\/page"}],"author":[{"embeddable":true,"href":"https:\/\/sisu.ut.ee\/keeleylesanded\/wp-json\/wp\/v2\/users\/185"}],"replies":[{"embeddable":true,"href":"https:\/\/sisu.ut.ee\/keeleylesanded\/wp-json\/wp\/v2\/comments?post=336"}],"version-history":[{"count":4,"href":"https:\/\/sisu.ut.ee\/keeleylesanded\/wp-json\/wp\/v2\/pages\/336\/revisions"}],"predecessor-version":[{"id":1788,"href":"https:\/\/sisu.ut.ee\/keeleylesanded\/wp-json\/wp\/v2\/pages\/336\/revisions\/1788"}],"wp:attachment":[{"href":"https:\/\/sisu.ut.ee\/keeleylesanded\/wp-json\/wp\/v2\/media?parent=336"}],"curies":[{"name":"wp","href":"https:\/\/api.w.org\/{rel}","templated":true}]}}