{"id":334,"date":"2024-04-04T05:03:51","date_gmt":"2024-04-04T02:03:51","guid":{"rendered":"https:\/\/sisu.ut.ee\/keeleylesanded\/tekst-raadiosaatest\/"},"modified":"2024-11-29T13:04:35","modified_gmt":"2024-11-29T11:04:35","slug":"tekst-raadiosaatest","status":"publish","type":"page","link":"https:\/\/sisu.ut.ee\/keeleylesanded\/tekst-raadiosaatest\/","title":{"rendered":"Tekst raadiosaatest"},"content":{"rendered":"<p style=\"text-align: justify;\"><strong>Siin on kaks l\u00f5iku raadiosaatest, \u00fcles kirjutatud t\u00e4pselt nii nagu inimene tegelikutl r\u00e4\u00e4gib. Tee nendest l\u00f5ikudest korralik kirjalik tekst. P\u00f6\u00f6ra t\u00e4helepanu kirjavahem\u00e4rkidele, s\u00f5nade j\u00e4rjekorrale ja korduste v\u00e4ltimisele, kuid \u00e4ra lauseid liialt muuda.<\/strong><\/p>\n<table class=\"table table-hover\" style=\"width: 100%;\" border=\"0\" cellspacing=\"1\" cellpadding=\"1\">\n<tbody>\n<tr>\n<td>\/<\/td>\n<td>paus, mida rohkem kriipse, seda pikem<\/td>\n<\/tr>\n<tr>\n<td>+<\/td>\n<td>sidumine<\/td>\n<\/tr>\n<tr>\n<td>PEALEvaatamiset<\/td>\n<td>r\u00f5hulised silbid<\/td>\n<\/tr>\n<tr>\n<td><u>koera<\/u><\/td>\n<td>r\u00f5huline s\u00f5na<\/td>\n<\/tr>\n<tr>\n<td>(h\u2019)<\/td>\n<td>kuuldav hingamine<\/td>\n<\/tr>\n<\/tbody>\n<\/table>\n<div><\/div>\n<div style=\"text-align: justify;\">A: meil on \/ hundikoer nimega roi \/ ja \/ ja see on \u00fcks v\u00e4ga tore hundikoer peab \u00fctlema \/ ja \/ muidugi \/ kurb on see \/ et temaga on\u00a0igasuguseid sekeldusi <u>olnud <\/u>\/ v\u00e4hemalt selles m\u00f5ttes et\u00a0\/ seal meriv\u00e4ljal kus me elame \/ seal \/ lased selle koera \/ ju ka jalutama\/ hommikul ta tahab\u00a0tingiMATA minna oma \/ piirkonda \u00fcle kontrollima (h\u2019) ja \/ oh h\u00e4da sellel+ajal \/ tavaliselt \/ rikub tema \/ kuningriiki \/ tegelane nimega postiljon \/ mist\u00f5ttu hakkasid koju tulema \/ \u00fcha \/ \u00fcha <u>s\u00fcngemates<\/u> toonides kirjad (h\u2019) posti \/ eesti postilt \/ <u>kui te ei<\/u> \/ umbes ei \/ <u>tapa <\/u>oma koera \u00e4ra \/ siis tapetakse\u00a0teid ja \/ viiakse kinni ja pannakse k\u00e4ed raudu ja \/ ja \/ saadame politSEI kukile ja (h\u2019) aga siss \/ praegu \/ on meie suhted\u00a0koeraga selles suhtes natuke muutunud et \/ ta \/ <u>valvab <\/u>\/ \u00fchte \/ AUTOt\u00f6\u00f6koda \/ teenib raha \/ teenib raha \/ kasumit ee ta teenib endale korraliku k\u00f5hut\u00e4ie ja see on \/ see on \u00fctleme paari kilomeetri kaugusel \/ linnulennult v\u00f5ttes meie \/ <u>meie <\/u>kodust \/ ja \/ siis ta \/ on seal v\u00e4ga rahul \/ ja tal on seal muidugi rohkem <u>ruumi <\/u>joosta ja \/ ja kuna \/ tema \/ hoole all on see territoorium siis ta saab seal \/ ringi sibada niipalju+ku just tahab\u00a0[\u2026]<\/div>\n<div style=\"text-align: justify;\">A: need koerad seal Aafrikas \/ nemad on v\u00e4ga laisad \/ ega seal <u>haukumist<\/u> ei kuule \/ ja \/ p\u00f5hiliselt nad <u>vedelevad <\/u>\/ t\u00e4navatel \/ ja\u00a0nad on niisugust \/ <u>kahtlast <\/u>kollast v\u00e4rvi \/ sellele\u00a0v\u00e4rvile ma usun et isegi m\u00f5ni \/ m\u00f5ni \/ suurep\u00e4rane kunstnik ei <u>oskakski <\/u>sellele\u00a0 toonile mingit nime \u00f6elda see on \/ see on t\u00e4itsa <u>jube <\/u>toon ma\u00a0 \u00fctleks \/ see on <u>nii<\/u> jube et \/\/ paljast selle PEALEvaatamisest hakkab sellest koerast <u>tohutult <\/u>kahju \/ ja siis nad \/\/ limpsivad seal\u00a0 solgiAUKUDE \/ juures ja \/ ja \/ igal juhul nad <u>magavad <\/u>\/ aga no ilmselt see on \/ sellele \/ selle \/ kliima \/ tsooni \/ <u>koera <\/u>\/ <u>elu <\/u>\/ <u>tegevuse <\/u>\/ ilmingud on lihtsalt sellised aga see \/ see \/ <u>tundus <\/u>kuidagi \/ <u>isegi<\/u> VAIMUsilmas v\u00f5rrelda tead mingi \/ <u>uhke l\u00e4ikiva<\/u>karvaline hunt v\u00f5i \/ v\u00f5i niisugune hoolitsetud \/ m\u00f5ni \/ kasv\u00f5i TAKSIkoer v\u00f5i nii \/ t\u00e4iesti eri selts \/ niisugune tunne nagu \/ <u>need<\/u> koerad oleksid kusagilt k\u00fcll \/ <u>teiselt planeedilt sisse<\/u> \/ <u>toodud<\/u>.<\/div>\n<div style=\"text-align: justify;\"><\/div>\n<div style=\"text-align: justify;\"><strong>Kirjakeelne tekst:<\/strong><\/div>\n<div style=\"text-align: justify;\"><\/div>\n<div style=\"text-align: justify;\"><\/div>\n<div style=\"text-align: justify;\"><\/div>\n<div style=\"text-align: justify;\">2006<\/div>\n<div style=\"text-align: justify;\">vanem<\/div>\n<div style=\"text-align: justify;\">l\u00f5ppvoor<\/div>\n<p><a href=\"https:\/\/sisu.ut.ee\/keeleylesanded\/tekst-raadiosaatest-vastus\/\">Vastus<\/a><\/p>\n","protected":false},"excerpt":{"rendered":"<p>Siin on kaks l\u00f5iku raadiosaatest, \u00fcles kirjutatud t\u00e4pselt nii nagu inimene tegelikutl r\u00e4\u00e4gib. Tee nendest l\u00f5ikudest korralik kirjalik tekst. P\u00f6\u00f6ra t\u00e4helepanu kirjavahem\u00e4rkidele, s\u00f5nade j\u00e4rjekorrale ja korduste v\u00e4ltimisele, kuid \u00e4ra lauseid liialt muuda. \/ paus, mida rohkem kriipse, seda pikem + &#8230;<\/p>\n","protected":false},"author":185,"featured_media":0,"parent":0,"menu_order":0,"comment_status":"closed","ping_status":"closed","template":"","meta":{"_acf_changed":false,"inline_featured_image":false,"footnotes":""},"class_list":["post-334","page","type-page","status-publish","hentry"],"acf":[],"_links":{"self":[{"href":"https:\/\/sisu.ut.ee\/keeleylesanded\/wp-json\/wp\/v2\/pages\/334","targetHints":{"allow":["GET"]}}],"collection":[{"href":"https:\/\/sisu.ut.ee\/keeleylesanded\/wp-json\/wp\/v2\/pages"}],"about":[{"href":"https:\/\/sisu.ut.ee\/keeleylesanded\/wp-json\/wp\/v2\/types\/page"}],"author":[{"embeddable":true,"href":"https:\/\/sisu.ut.ee\/keeleylesanded\/wp-json\/wp\/v2\/users\/185"}],"replies":[{"embeddable":true,"href":"https:\/\/sisu.ut.ee\/keeleylesanded\/wp-json\/wp\/v2\/comments?post=334"}],"version-history":[{"count":2,"href":"https:\/\/sisu.ut.ee\/keeleylesanded\/wp-json\/wp\/v2\/pages\/334\/revisions"}],"predecessor-version":[{"id":2003,"href":"https:\/\/sisu.ut.ee\/keeleylesanded\/wp-json\/wp\/v2\/pages\/334\/revisions\/2003"}],"wp:attachment":[{"href":"https:\/\/sisu.ut.ee\/keeleylesanded\/wp-json\/wp\/v2\/media?parent=334"}],"curies":[{"name":"wp","href":"https:\/\/api.w.org\/{rel}","templated":true}]}}