{"id":332,"date":"2024-04-04T05:03:51","date_gmt":"2024-04-04T02:03:51","guid":{"rendered":"https:\/\/sisu.ut.ee\/keeleylesanded\/kujund-reklaamlauses-ii\/"},"modified":"2024-11-29T10:29:32","modified_gmt":"2024-11-29T08:29:32","slug":"kujund-reklaamlauses-ii","status":"publish","type":"page","link":"https:\/\/sisu.ut.ee\/keeleylesanded\/kujund-reklaamlauses-ii\/","title":{"rendered":"Kujund reklaamlauses (II)"},"content":{"rendered":"<p style=\"text-align: justify;\"><strong>J\u00e4rgnevates reklaamides on kasutatud toodete iseloomustamiseks kujundlikku keelt. Kuidas nimetatakse seda stiiliv\u00f5tet, mis neis k\u00f5igis esineb? Seda stiiliv\u00f5tet on reklaamides kasutatud kahel erineval viisil. S\u00f5nastage see erinevus ja kirjutage juurde kummasegi r\u00fchma kuuluvate reklaamide numbrid.<\/strong><\/p>\n<ol>\n<li style=\"text-align: justify;\">P\u00e4ikeselaen p\u00e4\u00e4stab suve.<\/li>\n<li style=\"text-align: justify;\">Milline muskliline Volkswagen!<\/li>\n<li style=\"text-align: justify;\">Canon on kaamera, mis jumaldab liikuvaid sihtm\u00e4rke.<\/li>\n<li style=\"text-align: justify;\">Uus Suzuki Ignis \u2013\u00a0esmapilgul rahulik, aga tegelikult \u00e4kiline!<\/li>\n<li style=\"text-align: justify;\">Gatineau imekreem v\u00f5itleb ajaga.<\/li>\n<li style=\"text-align: justify;\">Nokia 3310 uuele liitujale hullumeelse kevadhinnaga!<\/li>\n<li style=\"text-align: justify;\">Ordi arvuti on Sinu truu s\u00f5ber!<\/li>\n<li style=\"text-align: justify;\">Suzuki tunneb end h\u00e4sti nii kiirteel kui ka metsikul maastikul.<\/li>\n<\/ol>\n<p style=\"text-align: justify;\"><strong>Stiiliv\u00f5te, mis iseloomustab k\u00f5iki esitatud ajalehereklaame:<\/strong><\/p>\n<p style=\"text-align: justify;\"><strong>1. r\u00fchm:<\/strong><\/p>\n<p style=\"text-align: justify;\"><strong>2. r\u00fchm:<\/strong><\/p>\n<p style=\"text-align: justify;\">\n<\/p><p style=\"text-align: justify;\">2010<\/p>\n<p style=\"text-align: justify;\">keskmine<\/p>\n<p style=\"text-align: justify;\">l\u00f5ppvoor<\/p>\n<p><a href=\"https:\/\/sisu.ut.ee\/keeleylesanded\/kujund-reklaamlauses-ii-vastus\/\">Vastus<\/a><\/p>\n","protected":false},"excerpt":{"rendered":"<p>J\u00e4rgnevates reklaamides on kasutatud toodete iseloomustamiseks kujundlikku keelt. Kuidas nimetatakse seda stiiliv\u00f5tet, mis neis k\u00f5igis esineb? Seda stiiliv\u00f5tet on reklaamides kasutatud kahel erineval viisil. S\u00f5nastage see erinevus ja kirjutage juurde kummasegi r\u00fchma kuuluvate reklaamide numbrid. P\u00e4ikeselaen p\u00e4\u00e4stab suve. Milline muskliline &#8230;<\/p>\n","protected":false},"author":185,"featured_media":0,"parent":0,"menu_order":0,"comment_status":"closed","ping_status":"closed","template":"","meta":{"_acf_changed":false,"inline_featured_image":false,"footnotes":""},"class_list":["post-332","page","type-page","status-publish","hentry"],"acf":[],"_links":{"self":[{"href":"https:\/\/sisu.ut.ee\/keeleylesanded\/wp-json\/wp\/v2\/pages\/332","targetHints":{"allow":["GET"]}}],"collection":[{"href":"https:\/\/sisu.ut.ee\/keeleylesanded\/wp-json\/wp\/v2\/pages"}],"about":[{"href":"https:\/\/sisu.ut.ee\/keeleylesanded\/wp-json\/wp\/v2\/types\/page"}],"author":[{"embeddable":true,"href":"https:\/\/sisu.ut.ee\/keeleylesanded\/wp-json\/wp\/v2\/users\/185"}],"replies":[{"embeddable":true,"href":"https:\/\/sisu.ut.ee\/keeleylesanded\/wp-json\/wp\/v2\/comments?post=332"}],"version-history":[{"count":2,"href":"https:\/\/sisu.ut.ee\/keeleylesanded\/wp-json\/wp\/v2\/pages\/332\/revisions"}],"predecessor-version":[{"id":1873,"href":"https:\/\/sisu.ut.ee\/keeleylesanded\/wp-json\/wp\/v2\/pages\/332\/revisions\/1873"}],"wp:attachment":[{"href":"https:\/\/sisu.ut.ee\/keeleylesanded\/wp-json\/wp\/v2\/media?parent=332"}],"curies":[{"name":"wp","href":"https:\/\/api.w.org\/{rel}","templated":true}]}}