{"id":328,"date":"2024-04-04T05:03:51","date_gmt":"2024-04-04T02:03:51","guid":{"rendered":"https:\/\/sisu.ut.ee\/keeleylesanded\/omadussonad-reklaamlausetes\/"},"modified":"2024-11-29T11:54:58","modified_gmt":"2024-11-29T09:54:58","slug":"omadussonad-reklaamlausetes","status":"publish","type":"page","link":"https:\/\/sisu.ut.ee\/keeleylesanded\/omadussonad-reklaamlausetes\/","title":{"rendered":"Omaduss\u00f5nad reklaamlausetes"},"content":{"rendered":"<p style=\"text-align: justify;\"><strong>J\u00e4rgnevates reklaamlausetes on m\u00fc\u00fcja, toote v\u00f5i ostuolukorra iseloomustamiseks kasutatud erinevaid omaduss\u00f5nu. T\u00f5mmake joona alla\u00a0<u>k\u00f5igile<\/u>\u00a0omaduss\u00f5nadele ning jaotage need omaduss\u00f5nade jaoks olulise\u00a0<u>vormitunnuse<\/u>\u00a0alusel kolme r\u00fchma. Nimetage need r\u00fchmad, kirjutage punktiirjoontele vastavasse r\u00fchma sobivad omaduss\u00f5nad.<\/strong><\/p>\n<p style=\"text-align: justify;\">\n<\/p><p style=\"text-align: justify;\">Ostes meilt, s\u00e4\u00e4stad omalt poolt v\u00e4\u00e4rtuslikku keskkonda ning oled tunduvalt isikup\u00e4rasem.<\/p>\n<p style=\"text-align: justify;\">Maailma parim suusaelamus odavama hinnaga kui muidu.<\/p>\n<p style=\"text-align: justify;\">Kiirem ja kergem s\u00fclearvuti n\u00fc\u00fcd ainult Sinu jaoks eriti soodsa hinnaga.<\/p>\n<p style=\"text-align: justify;\">V\u00e4rskeimad ideed ja uusim l\u00e4henemine \u2013 p\u00f5neva aia, terrassi ja maastiku kujundamine n\u00fc\u00fcdisaegsete p\u00f5him\u00f5tetete j\u00e4rgi.<\/p>\n<p style=\"text-align: justify;\">Pakume suurimas valikus k\u00e4sit\u00f6\u00f6vaipu ja kodutekstiili \u2013 k\u00f5ik teie pere tarbeks.<\/p>\n<p style=\"text-align: justify;\">\n<\/p><p style=\"text-align: justify;\">1. r\u00fchm \u2026\u2026\u2026\u2026\u2026\u2026\u2026\u2026\u2026\u2026\u2026\u2026\u2026\u2026<\/p>\n<p style=\"text-align: justify;\">r\u00fchma kuuluvad omaduss\u00f5nad:<\/p>\n<p style=\"text-align: justify;\">2. r\u00fchm\u00a0\u2026\u2026\u2026\u2026\u2026\u2026\u2026\u2026\u2026\u2026\u2026\u2026\u2026\u2026<\/p>\n<p style=\"text-align: justify;\">r\u00fchma kuuluvad omaduss\u00f5nad:<\/p>\n<p style=\"text-align: justify;\">3. r\u00fchm\u00a0\u2026\u2026\u2026\u2026\u2026\u2026\u2026\u2026\u2026\u2026\u2026\u2026\u2026\u2026<\/p>\n<p style=\"text-align: justify;\">r\u00fchma kuuluvad omaduss\u00f5nad:<\/p>\n<p style=\"text-align: justify;\">\n<\/p><p style=\"text-align: justify;\">2010<\/p>\n<p style=\"text-align: justify;\">keskmine<\/p>\n<p style=\"text-align: justify;\">l\u00f5ppvoor<\/p>\n<p><a href=\"https:\/\/sisu.ut.ee\/keeleylesanded\/omadussonad-reklaamlausetes-vastus\/\">Vastus<\/a><\/p>\n","protected":false},"excerpt":{"rendered":"<p>J\u00e4rgnevates reklaamlausetes on m\u00fc\u00fcja, toote v\u00f5i ostuolukorra iseloomustamiseks kasutatud erinevaid omaduss\u00f5nu. T\u00f5mmake joona alla\u00a0k\u00f5igile\u00a0omaduss\u00f5nadele ning jaotage need omaduss\u00f5nade jaoks olulise\u00a0vormitunnuse\u00a0alusel kolme r\u00fchma. Nimetage need r\u00fchmad, kirjutage punktiirjoontele vastavasse r\u00fchma sobivad omaduss\u00f5nad. Ostes meilt, s\u00e4\u00e4stad omalt poolt v\u00e4\u00e4rtuslikku keskkonda ning oled &#8230;<\/p>\n","protected":false},"author":185,"featured_media":0,"parent":0,"menu_order":0,"comment_status":"closed","ping_status":"closed","template":"","meta":{"_acf_changed":false,"inline_featured_image":false,"footnotes":""},"class_list":["post-328","page","type-page","status-publish","hentry"],"acf":[],"_links":{"self":[{"href":"https:\/\/sisu.ut.ee\/keeleylesanded\/wp-json\/wp\/v2\/pages\/328","targetHints":{"allow":["GET"]}}],"collection":[{"href":"https:\/\/sisu.ut.ee\/keeleylesanded\/wp-json\/wp\/v2\/pages"}],"about":[{"href":"https:\/\/sisu.ut.ee\/keeleylesanded\/wp-json\/wp\/v2\/types\/page"}],"author":[{"embeddable":true,"href":"https:\/\/sisu.ut.ee\/keeleylesanded\/wp-json\/wp\/v2\/users\/185"}],"replies":[{"embeddable":true,"href":"https:\/\/sisu.ut.ee\/keeleylesanded\/wp-json\/wp\/v2\/comments?post=328"}],"version-history":[{"count":2,"href":"https:\/\/sisu.ut.ee\/keeleylesanded\/wp-json\/wp\/v2\/pages\/328\/revisions"}],"predecessor-version":[{"id":1921,"href":"https:\/\/sisu.ut.ee\/keeleylesanded\/wp-json\/wp\/v2\/pages\/328\/revisions\/1921"}],"wp:attachment":[{"href":"https:\/\/sisu.ut.ee\/keeleylesanded\/wp-json\/wp\/v2\/media?parent=328"}],"curies":[{"name":"wp","href":"https:\/\/api.w.org\/{rel}","templated":true}]}}